{"id":8345,"date":"2022-07-30T22:51:29","date_gmt":"2022-07-30T15:51:29","guid":{"rendered":"https:\/\/nongphat.com.vn\/?post_type=product&#038;p=8345"},"modified":"2022-11-29T13:47:55","modified_gmt":"2022-11-29T06:47:55","slug":"dua-luoi-hajime","status":"publish","type":"product","link":"https:\/\/nongphat.com.vn\/en\/san-pham\/dua-luoi-hajime\/","title":{"rendered":"D\u01b0a l\u01b0\u1edbi HAJIME"},"content":{"rendered":"","protected":false},"excerpt":{"rendered":"<p><span style=\"font-size: 130%; color: #f99b1c;\"><strong>M\u00f4 t\u1ea3:<\/strong><\/span><\/p>\n<ul>\n<li>D\u01b0a l\u01b0\u1edbi HAJIME c\u00f3 h\u00ecnh Tr\u00f2n<\/li>\n<li>V\u1ecf l\u01b0\u1edbi v\u1edbi nh\u1eefng \u00f4 l\u01b0\u1edbi \u0111an xen v\u00e0o nhau v\u00e0 \u0111\u1ed3ng \u0111\u1ec1u.<\/li>\n<li>Th\u1ecbt qu\u1ea3 m\u00e0u Cam \u0111\u1eb9p m\u1eaft, m\u1ecfng v\u1ecf.<\/li>\n<li>Th\u1ecbt qu\u00e0 ng\u1ecdt l\u1ecbm v\u00e0 thanh m\u00e1t.<\/li>\n<\/ul>\n","protected":false},"featured_media":8346,"comment_status":"open","ping_status":"closed","template":"","meta":[],"product_cat":[1285],"product_tag":[],"yoast_head":"<!-- This site is optimized with the Yoast SEO plugin v17.6 - https:\/\/yoast.com\/wordpress\/plugins\/seo\/ -->\n<title>D\u01b0a l\u01b0\u1edbi HAJIME - N\u00f4ng Ph\u00e1t<\/title>\n<meta name=\"description\" content=\"M\u00f4 t\u1ea3:   D\u01b0a l\u01b0\u1edbi HAJIME c\u00f3 h\u00ecnh Tr\u00f2n  V\u1ecf l\u01b0\u1edbi v\u1edbi nh\u1eefng \u00f4 l\u01b0\u1edbi \u0111an xen v\u00e0o nhau v\u00e0 \u0111\u1ed3ng \u0111\u1ec1u.  Th\u1ecbt qu\u1ea3 m\u00e0u Cam \u0111\u1eb9p m\u1eaft, m\u1ecfng v\u1ecf.  Th\u1ecbt qu\u00e0 ng\u1ecdt l\u1ecbm v\u00e0 thanh m\u00e1t.\" \/>\n<meta name=\"robots\" content=\"index, follow, max-snippet:-1, max-image-preview:large, max-video-preview:-1\" \/>\n<link rel=\"canonical\" href=\"https:\/\/nongphat.com.vn\/en\/san-pham\/dua-luoi-hajime\/\" \/>\n<meta property=\"og:locale\" content=\"en_US\" \/>\n<meta property=\"og:type\" content=\"article\" \/>\n<meta property=\"og:title\" content=\"D\u01b0a l\u01b0\u1edbi HAJIME - N\u00f4ng Ph\u00e1t\" \/>\n<meta property=\"og:description\" content=\"M\u00f4 t\u1ea3:   D\u01b0a l\u01b0\u1edbi HAJIME c\u00f3 h\u00ecnh Tr\u00f2n  V\u1ecf l\u01b0\u1edbi v\u1edbi nh\u1eefng \u00f4 l\u01b0\u1edbi \u0111an xen v\u00e0o nhau v\u00e0 \u0111\u1ed3ng \u0111\u1ec1u.  Th\u1ecbt qu\u1ea3 m\u00e0u Cam \u0111\u1eb9p m\u1eaft, m\u1ecfng v\u1ecf.  Th\u1ecbt qu\u00e0 ng\u1ecdt l\u1ecbm v\u00e0 thanh m\u00e1t.\" \/>\n<meta property=\"og:url\" content=\"https:\/\/nongphat.com.vn\/san-pham\/dua-luoi-hajime\/\" \/>\n<meta property=\"og:site_name\" content=\"N\u00f4ng Ph\u00e1t\" \/>\n<meta property=\"article:publisher\" content=\"https:\/\/www.facebook.com\/NONG.PHAT.Melon\" \/>\n<meta property=\"article:modified_time\" content=\"2022-11-29T06:47:55+00:00\" \/>\n<meta property=\"og:image\" content=\"https:\/\/nongphat.com.vn\/wp-content\/uploads\/2022\/07\/Hajime.jpg\" \/>\n\t<meta property=\"og:image:width\" content=\"470\" \/>\n\t<meta property=\"og:image:height\" content=\"470\" \/>\n<meta name=\"twitter:card\" content=\"summary_large_image\" \/>\n<script type=\"application\/ld+json\" class=\"yoast-schema-graph\">{\"@context\":\"https:\/\/schema.org\",\"@graph\":[{\"@type\":\"Organization\",\"@id\":\"https:\/\/nongphat.com.vn\/#organization\",\"name\":\"H\\u1ea1t Gi\\u1ed1ng Nh\\u1eadt B\\u1ea3n - N\\u00f4ng Ph\\u00e1t Farm\",\"url\":\"https:\/\/nongphat.com.vn\/\",\"sameAs\":[\"https:\/\/www.facebook.com\/NONG.PHAT.Melon\",\"https:\/\/www.instagram.com\/nongphatfarm\/\",\"https:\/\/www.youtube.com\/channel\/UCrgCTZ6Dmvhys0bbs6kXycg\"],\"logo\":{\"@type\":\"ImageObject\",\"@id\":\"https:\/\/nongphat.com.vn\/#logo\",\"inLanguage\":\"en\",\"url\":\"https:\/\/nongphat.com.vn\/wp-content\/uploads\/2021\/06\/logo-nong-phat.jpg\",\"contentUrl\":\"https:\/\/nongphat.com.vn\/wp-content\/uploads\/2021\/06\/logo-nong-phat.jpg\",\"width\":1578,\"height\":1578,\"caption\":\"H\\u1ea1t Gi\\u1ed1ng Nh\\u1eadt B\\u1ea3n - N\\u00f4ng Ph\\u00e1t Farm\"},\"image\":{\"@id\":\"https:\/\/nongphat.com.vn\/#logo\"}},{\"@type\":\"WebSite\",\"@id\":\"https:\/\/nongphat.com.vn\/#website\",\"url\":\"https:\/\/nongphat.com.vn\/\",\"name\":\"N\\u00f4ng Ph\\u00e1t\",\"description\":\"H\\u1ea1t gi\\u1ed1ng Nh\\u1eadt B\\u1ea3n - N\\u00f4ng Ph\\u00e1t Farm\",\"publisher\":{\"@id\":\"https:\/\/nongphat.com.vn\/#organization\"},\"potentialAction\":[{\"@type\":\"SearchAction\",\"target\":{\"@type\":\"EntryPoint\",\"urlTemplate\":\"https:\/\/nongphat.com.vn\/?s={search_term_string}\"},\"query-input\":\"required name=search_term_string\"}],\"inLanguage\":\"en\"},{\"@type\":\"ImageObject\",\"@id\":\"https:\/\/nongphat.com.vn\/san-pham\/dua-luoi-hajime\/#primaryimage\",\"inLanguage\":\"en\",\"url\":\"https:\/\/nongphat.com.vn\/wp-content\/uploads\/2022\/07\/Hajime.jpg\",\"contentUrl\":\"https:\/\/nongphat.com.vn\/wp-content\/uploads\/2022\/07\/Hajime.jpg\",\"width\":470,\"height\":470},{\"@type\":\"WebPage\",\"@id\":\"https:\/\/nongphat.com.vn\/san-pham\/dua-luoi-hajime\/#webpage\",\"url\":\"https:\/\/nongphat.com.vn\/san-pham\/dua-luoi-hajime\/\",\"name\":\"D\\u01b0a l\\u01b0\\u1edbi HAJIME - N\\u00f4ng Ph\\u00e1t\",\"isPartOf\":{\"@id\":\"https:\/\/nongphat.com.vn\/#website\"},\"primaryImageOfPage\":{\"@id\":\"https:\/\/nongphat.com.vn\/san-pham\/dua-luoi-hajime\/#primaryimage\"},\"datePublished\":\"2022-07-30T15:51:29+00:00\",\"dateModified\":\"2022-11-29T06:47:55+00:00\",\"description\":\"M\\u00f4 t\\u1ea3: D\\u01b0a l\\u01b0\\u1edbi HAJIME c\\u00f3 h\\u00ecnh Tr\\u00f2n V\\u1ecf l\\u01b0\\u1edbi v\\u1edbi nh\\u1eefng \\u00f4 l\\u01b0\\u1edbi \\u0111an xen v\\u00e0o nhau v\\u00e0 \\u0111\\u1ed3ng \\u0111\\u1ec1u. Th\\u1ecbt qu\\u1ea3 m\\u00e0u Cam \\u0111\\u1eb9p m\\u1eaft, m\\u1ecfng v\\u1ecf. Th\\u1ecbt qu\\u00e0 ng\\u1ecdt l\\u1ecbm v\\u00e0 thanh m\\u00e1t.\",\"breadcrumb\":{\"@id\":\"https:\/\/nongphat.com.vn\/san-pham\/dua-luoi-hajime\/#breadcrumb\"},\"inLanguage\":\"en\",\"potentialAction\":[{\"@type\":\"ReadAction\",\"target\":[\"https:\/\/nongphat.com.vn\/san-pham\/dua-luoi-hajime\/\"]}]},{\"@type\":\"BreadcrumbList\",\"@id\":\"https:\/\/nongphat.com.vn\/san-pham\/dua-luoi-hajime\/#breadcrumb\",\"itemListElement\":[{\"@type\":\"ListItem\",\"position\":1,\"name\":\"Home\",\"item\":\"https:\/\/nongphat.com.vn\/en\/\"},{\"@type\":\"ListItem\",\"position\":2,\"name\":\"Products\",\"item\":\"https:\/\/nongphat.com.vn\/en\/cua-hang\/\"},{\"@type\":\"ListItem\",\"position\":3,\"name\":\"D\\u01b0a l\\u01b0\\u1edbi HAJIME\"}]}]}<\/script>\n<!-- \/ Yoast SEO plugin. -->","yoast_head_json":{"title":"D\u01b0a l\u01b0\u1edbi HAJIME - N\u00f4ng Ph\u00e1t","description":"M\u00f4 t\u1ea3:   D\u01b0a l\u01b0\u1edbi HAJIME c\u00f3 h\u00ecnh Tr\u00f2n  V\u1ecf l\u01b0\u1edbi v\u1edbi nh\u1eefng \u00f4 l\u01b0\u1edbi \u0111an xen v\u00e0o nhau v\u00e0 \u0111\u1ed3ng \u0111\u1ec1u.  Th\u1ecbt qu\u1ea3 m\u00e0u Cam \u0111\u1eb9p m\u1eaft, m\u1ecfng v\u1ecf.  Th\u1ecbt qu\u00e0 ng\u1ecdt l\u1ecbm v\u00e0 thanh m\u00e1t.","robots":{"index":"index","follow":"follow","max-snippet":"max-snippet:-1","max-image-preview":"max-image-preview:large","max-video-preview":"max-video-preview:-1"},"canonical":"https:\/\/nongphat.com.vn\/en\/san-pham\/dua-luoi-hajime\/","og_locale":"en_US","og_type":"article","og_title":"D\u01b0a l\u01b0\u1edbi HAJIME - N\u00f4ng Ph\u00e1t","og_description":"M\u00f4 t\u1ea3:   D\u01b0a l\u01b0\u1edbi HAJIME c\u00f3 h\u00ecnh Tr\u00f2n  V\u1ecf l\u01b0\u1edbi v\u1edbi nh\u1eefng \u00f4 l\u01b0\u1edbi \u0111an xen v\u00e0o nhau v\u00e0 \u0111\u1ed3ng \u0111\u1ec1u.  Th\u1ecbt qu\u1ea3 m\u00e0u Cam \u0111\u1eb9p m\u1eaft, m\u1ecfng v\u1ecf.  Th\u1ecbt qu\u00e0 ng\u1ecdt l\u1ecbm v\u00e0 thanh m\u00e1t.","og_url":"https:\/\/nongphat.com.vn\/san-pham\/dua-luoi-hajime\/","og_site_name":"N\u00f4ng Ph\u00e1t","article_publisher":"https:\/\/www.facebook.com\/NONG.PHAT.Melon","article_modified_time":"2022-11-29T06:47:55+00:00","og_image":[{"width":470,"height":470,"url":"https:\/\/nongphat.com.vn\/wp-content\/uploads\/2022\/07\/Hajime.jpg","type":"image\/jpeg"}],"twitter_card":"summary_large_image","schema":{"@context":"https:\/\/schema.org","@graph":[{"@type":"Organization","@id":"https:\/\/nongphat.com.vn\/#organization","name":"H\u1ea1t Gi\u1ed1ng Nh\u1eadt B\u1ea3n - N\u00f4ng Ph\u00e1t Farm","url":"https:\/\/nongphat.com.vn\/","sameAs":["https:\/\/www.facebook.com\/NONG.PHAT.Melon","https:\/\/www.instagram.com\/nongphatfarm\/","https:\/\/www.youtube.com\/channel\/UCrgCTZ6Dmvhys0bbs6kXycg"],"logo":{"@type":"ImageObject","@id":"https:\/\/nongphat.com.vn\/#logo","inLanguage":"en","url":"https:\/\/nongphat.com.vn\/wp-content\/uploads\/2021\/06\/logo-nong-phat.jpg","contentUrl":"https:\/\/nongphat.com.vn\/wp-content\/uploads\/2021\/06\/logo-nong-phat.jpg","width":1578,"height":1578,"caption":"H\u1ea1t Gi\u1ed1ng Nh\u1eadt B\u1ea3n - N\u00f4ng Ph\u00e1t Farm"},"image":{"@id":"https:\/\/nongphat.com.vn\/#logo"}},{"@type":"WebSite","@id":"https:\/\/nongphat.com.vn\/#website","url":"https:\/\/nongphat.com.vn\/","name":"N\u00f4ng Ph\u00e1t","description":"H\u1ea1t gi\u1ed1ng Nh\u1eadt B\u1ea3n - N\u00f4ng Ph\u00e1t Farm","publisher":{"@id":"https:\/\/nongphat.com.vn\/#organization"},"potentialAction":[{"@type":"SearchAction","target":{"@type":"EntryPoint","urlTemplate":"https:\/\/nongphat.com.vn\/?s={search_term_string}"},"query-input":"required name=search_term_string"}],"inLanguage":"en"},{"@type":"ImageObject","@id":"https:\/\/nongphat.com.vn\/san-pham\/dua-luoi-hajime\/#primaryimage","inLanguage":"en","url":"https:\/\/nongphat.com.vn\/wp-content\/uploads\/2022\/07\/Hajime.jpg","contentUrl":"https:\/\/nongphat.com.vn\/wp-content\/uploads\/2022\/07\/Hajime.jpg","width":470,"height":470},{"@type":"WebPage","@id":"https:\/\/nongphat.com.vn\/san-pham\/dua-luoi-hajime\/#webpage","url":"https:\/\/nongphat.com.vn\/san-pham\/dua-luoi-hajime\/","name":"D\u01b0a l\u01b0\u1edbi HAJIME - N\u00f4ng Ph\u00e1t","isPartOf":{"@id":"https:\/\/nongphat.com.vn\/#website"},"primaryImageOfPage":{"@id":"https:\/\/nongphat.com.vn\/san-pham\/dua-luoi-hajime\/#primaryimage"},"datePublished":"2022-07-30T15:51:29+00:00","dateModified":"2022-11-29T06:47:55+00:00","description":"M\u00f4 t\u1ea3: D\u01b0a l\u01b0\u1edbi HAJIME c\u00f3 h\u00ecnh Tr\u00f2n V\u1ecf l\u01b0\u1edbi v\u1edbi nh\u1eefng \u00f4 l\u01b0\u1edbi \u0111an xen v\u00e0o nhau v\u00e0 \u0111\u1ed3ng \u0111\u1ec1u. Th\u1ecbt qu\u1ea3 m\u00e0u Cam \u0111\u1eb9p m\u1eaft, m\u1ecfng v\u1ecf. Th\u1ecbt qu\u00e0 ng\u1ecdt l\u1ecbm v\u00e0 thanh m\u00e1t.","breadcrumb":{"@id":"https:\/\/nongphat.com.vn\/san-pham\/dua-luoi-hajime\/#breadcrumb"},"inLanguage":"en","potentialAction":[{"@type":"ReadAction","target":["https:\/\/nongphat.com.vn\/san-pham\/dua-luoi-hajime\/"]}]},{"@type":"BreadcrumbList","@id":"https:\/\/nongphat.com.vn\/san-pham\/dua-luoi-hajime\/#breadcrumb","itemListElement":[{"@type":"ListItem","position":1,"name":"Home","item":"https:\/\/nongphat.com.vn\/en\/"},{"@type":"ListItem","position":2,"name":"Products","item":"https:\/\/nongphat.com.vn\/en\/cua-hang\/"},{"@type":"ListItem","position":3,"name":"D\u01b0a l\u01b0\u1edbi HAJIME"}]}]}},"_links":{"self":[{"href":"https:\/\/nongphat.com.vn\/en\/wp-json\/wp\/v2\/product\/8345"}],"collection":[{"href":"https:\/\/nongphat.com.vn\/en\/wp-json\/wp\/v2\/product"}],"about":[{"href":"https:\/\/nongphat.com.vn\/en\/wp-json\/wp\/v2\/types\/product"}],"replies":[{"embeddable":true,"href":"https:\/\/nongphat.com.vn\/en\/wp-json\/wp\/v2\/comments?post=8345"}],"wp:featuredmedia":[{"embeddable":true,"href":"https:\/\/nongphat.com.vn\/en\/wp-json\/wp\/v2\/media\/8346"}],"wp:attachment":[{"href":"https:\/\/nongphat.com.vn\/en\/wp-json\/wp\/v2\/media?parent=8345"}],"wp:term":[{"taxonomy":"product_cat","embeddable":true,"href":"https:\/\/nongphat.com.vn\/en\/wp-json\/wp\/v2\/product_cat?post=8345"},{"taxonomy":"product_tag","embeddable":true,"href":"https:\/\/nongphat.com.vn\/en\/wp-json\/wp\/v2\/product_tag?post=8345"}],"curies":[{"name":"wp","href":"https:\/\/api.w.org\/{rel}","templated":true}]}}