{"id":8442,"date":"2022-09-22T17:13:05","date_gmt":"2022-09-22T10:13:05","guid":{"rendered":"https:\/\/nongphat.com.vn\/?post_type=product&#038;p=8442"},"modified":"2022-09-23T10:00:15","modified_gmt":"2022-09-23T03:00:15","slug":"xa-lach-bup-satou","status":"publish","type":"product","link":"https:\/\/nongphat.com.vn\/en\/san-pham\/xa-lach-bup-satou\/","title":{"rendered":"H\u1ea1t Gi\u1ed1ng X\u00e0 L\u00e1ch B\u00fap SATOU"},"content":{"rendered":"","protected":false},"excerpt":{"rendered":"<p><strong><span style=\"font-size: 130%; color: #f99b1c;\">M\u00f4 t\u1ea3:\u00a0<\/span><\/strong><\/p>\n<ul>\n<li><span style=\"color: #000000;\">D\u1ea1ng l\u00e1 n\u1eeda b\u00fap n\u1eeda x\u00f2e c\u00f3 m\u00e0u xanh b\u00f3ng r\u1ea5t \u0111\u1eb9p.<\/span><\/li>\n<li><span style=\"color: #000000;\">C\u00f3 v\u1ecb ng\u1ecdt gi\u00f2n, \u0111\u01b0\u1ee3c s\u1eed d\u1ee5ng k\u1ebft h\u1ee3p v\u1edbi nhi\u1ec1u m\u00f3n \u0103n hi\u1ec7n \u0111\u1ea1i v\u00e0 truy\u1ec1n th\u1ed1ng<\/span><\/li>\n<li><span style=\"color: #000000;\">Satou l\u00e0 d\u00f2ng x\u00e0 l\u00e1ch cho n\u0103ng su\u1ea5t cao, c\u00e2y sinh tr\u01b0\u1edfng v\u00e0 ph\u00e1t tri\u1ec3n t\u1ed1t quanh n\u0103m k\u1ec3 c\u1ea3 nh\u1eefng n\u01a1i c\u00f3 th\u1eddi ti\u1ebft l\u1ea1nh v\u00e0 trong \u0111i\u1ec1u ki\u1ec7n m\u00f9a m\u01b0a.<\/span><\/li>\n<li>Gi\u1ed1ng Nh\u1eadt B\u1ea3n F1<\/li>\n<li>T\u1ef7 l\u1ec7 n\u1ea3y m\u1ea7m: &gt; 85%<\/li>\n<li>Tr\u1ecdng l\u01b0\u1ee3ng: 230 &#8211; 450 gram\/c\u00e2y<\/li>\n<li>Th\u1eddi gian thu ho\u1ea1ch: 30 -35 ng\u00e0y sau tr\u1ed3ng<\/li>\n<li>Th\u1eddi v\u1ee5 tr\u1ed3ng: quanh n\u0103m<\/li>\n<\/ul>\n","protected":false},"featured_media":8443,"comment_status":"open","ping_status":"closed","template":"","meta":[],"product_cat":[1229],"product_tag":[],"yoast_head":"<!-- This site is optimized with the Yoast SEO plugin v17.6 - https:\/\/yoast.com\/wordpress\/plugins\/seo\/ -->\n<title>H\u1ea1t Gi\u1ed1ng X\u00e0 L\u00e1ch B\u00fap SATOU - N\u00f4ng Ph\u00e1t<\/title>\n<meta name=\"description\" content=\"M\u00f4 t\u1ea3:\u00a0   D\u1ea1ng l\u00e1 n\u1eeda b\u00fap n\u1eeda x\u00f2e c\u00f3 m\u00e0u xanh b\u00f3ng r\u1ea5t \u0111\u1eb9p.  C\u00f3 v\u1ecb ng\u1ecdt gi\u00f2n, \u0111\u01b0\u1ee3c s\u1eed d\u1ee5ng k\u1ebft h\u1ee3p v\u1edbi nhi\u1ec1u m\u00f3n \u0103n hi\u1ec7n \u0111\u1ea1i v\u00e0 truy\u1ec1n th\u1ed1ng  Satou l\u00e0 d\u00f2ng x\u00e0 l\u00e1ch cho n\u0103ng su\u1ea5t cao, c\u00e2y sinh tr\u01b0\u1edfng v\u00e0 ph\u00e1t tri\u1ec3n t\u1ed1t quanh n\u0103m k\u1ec3 c\u1ea3 nh\u1eefng n\u01a1i c\u00f3 th\u1eddi ti\u1ebft l\u1ea1nh v\u00e0 trong \u0111i\u1ec1u ki\u1ec7n m\u00f9a m\u01b0a.  Gi\u1ed1ng Nh\u1eadt B\u1ea3n F1  T\u1ef7 l\u1ec7 n\u1ea3y m\u1ea7m: &gt; 85%  Tr\u1ecdng l\u01b0\u1ee3ng: 230 - 450 gram\/c\u00e2y  Th\u1eddi gian thu ho\u1ea1ch: 30 -35 ng\u00e0y sau tr\u1ed3ng  Th\u1eddi v\u1ee5 tr\u1ed3ng: quanh n\u0103m\" \/>\n<meta name=\"robots\" content=\"index, follow, max-snippet:-1, max-image-preview:large, max-video-preview:-1\" \/>\n<link rel=\"canonical\" href=\"https:\/\/nongphat.com.vn\/en\/san-pham\/xa-lach-bup-satou\/\" \/>\n<meta property=\"og:locale\" content=\"en_US\" \/>\n<meta property=\"og:type\" content=\"article\" \/>\n<meta property=\"og:title\" content=\"H\u1ea1t Gi\u1ed1ng X\u00e0 L\u00e1ch B\u00fap SATOU - N\u00f4ng Ph\u00e1t\" \/>\n<meta property=\"og:description\" content=\"M\u00f4 t\u1ea3:\u00a0   D\u1ea1ng l\u00e1 n\u1eeda b\u00fap n\u1eeda x\u00f2e c\u00f3 m\u00e0u xanh b\u00f3ng r\u1ea5t \u0111\u1eb9p.  C\u00f3 v\u1ecb ng\u1ecdt gi\u00f2n, \u0111\u01b0\u1ee3c s\u1eed d\u1ee5ng k\u1ebft h\u1ee3p v\u1edbi nhi\u1ec1u m\u00f3n \u0103n hi\u1ec7n \u0111\u1ea1i v\u00e0 truy\u1ec1n th\u1ed1ng  Satou l\u00e0 d\u00f2ng x\u00e0 l\u00e1ch cho n\u0103ng su\u1ea5t cao, c\u00e2y sinh tr\u01b0\u1edfng v\u00e0 ph\u00e1t tri\u1ec3n t\u1ed1t quanh n\u0103m k\u1ec3 c\u1ea3 nh\u1eefng n\u01a1i c\u00f3 th\u1eddi ti\u1ebft l\u1ea1nh v\u00e0 trong \u0111i\u1ec1u ki\u1ec7n m\u00f9a m\u01b0a.  Gi\u1ed1ng Nh\u1eadt B\u1ea3n F1  T\u1ef7 l\u1ec7 n\u1ea3y m\u1ea7m: &gt; 85%  Tr\u1ecdng l\u01b0\u1ee3ng: 230 - 450 gram\/c\u00e2y  Th\u1eddi gian thu ho\u1ea1ch: 30 -35 ng\u00e0y sau tr\u1ed3ng  Th\u1eddi v\u1ee5 tr\u1ed3ng: quanh n\u0103m\" \/>\n<meta property=\"og:url\" content=\"https:\/\/nongphat.com.vn\/san-pham\/xa-lach-bup-satou\/\" \/>\n<meta property=\"og:site_name\" content=\"N\u00f4ng Ph\u00e1t\" \/>\n<meta property=\"article:publisher\" content=\"https:\/\/www.facebook.com\/NONG.PHAT.Melon\" \/>\n<meta property=\"article:modified_time\" content=\"2022-09-23T03:00:15+00:00\" \/>\n<meta property=\"og:image\" content=\"https:\/\/nongphat.com.vn\/wp-content\/uploads\/2022\/09\/xa\u0300-la\u0301ch-satou.jpg\" \/>\n\t<meta property=\"og:image:width\" content=\"1064\" \/>\n\t<meta property=\"og:image:height\" content=\"1064\" \/>\n<meta name=\"twitter:card\" content=\"summary_large_image\" \/>\n<script type=\"application\/ld+json\" class=\"yoast-schema-graph\">{\"@context\":\"https:\/\/schema.org\",\"@graph\":[{\"@type\":\"Organization\",\"@id\":\"https:\/\/nongphat.com.vn\/#organization\",\"name\":\"H\\u1ea1t Gi\\u1ed1ng Nh\\u1eadt B\\u1ea3n - N\\u00f4ng Ph\\u00e1t Farm\",\"url\":\"https:\/\/nongphat.com.vn\/\",\"sameAs\":[\"https:\/\/www.facebook.com\/NONG.PHAT.Melon\",\"https:\/\/www.instagram.com\/nongphatfarm\/\",\"https:\/\/www.youtube.com\/channel\/UCrgCTZ6Dmvhys0bbs6kXycg\"],\"logo\":{\"@type\":\"ImageObject\",\"@id\":\"https:\/\/nongphat.com.vn\/#logo\",\"inLanguage\":\"en\",\"url\":\"https:\/\/nongphat.com.vn\/wp-content\/uploads\/2021\/06\/logo-nong-phat.jpg\",\"contentUrl\":\"https:\/\/nongphat.com.vn\/wp-content\/uploads\/2021\/06\/logo-nong-phat.jpg\",\"width\":1578,\"height\":1578,\"caption\":\"H\\u1ea1t Gi\\u1ed1ng Nh\\u1eadt B\\u1ea3n - N\\u00f4ng Ph\\u00e1t Farm\"},\"image\":{\"@id\":\"https:\/\/nongphat.com.vn\/#logo\"}},{\"@type\":\"WebSite\",\"@id\":\"https:\/\/nongphat.com.vn\/#website\",\"url\":\"https:\/\/nongphat.com.vn\/\",\"name\":\"N\\u00f4ng Ph\\u00e1t\",\"description\":\"H\\u1ea1t gi\\u1ed1ng Nh\\u1eadt B\\u1ea3n - N\\u00f4ng Ph\\u00e1t Farm\",\"publisher\":{\"@id\":\"https:\/\/nongphat.com.vn\/#organization\"},\"potentialAction\":[{\"@type\":\"SearchAction\",\"target\":{\"@type\":\"EntryPoint\",\"urlTemplate\":\"https:\/\/nongphat.com.vn\/?s={search_term_string}\"},\"query-input\":\"required name=search_term_string\"}],\"inLanguage\":\"en\"},{\"@type\":\"ImageObject\",\"@id\":\"https:\/\/nongphat.com.vn\/san-pham\/xa-lach-bup-satou\/#primaryimage\",\"inLanguage\":\"en\",\"url\":\"https:\/\/nongphat.com.vn\/wp-content\/uploads\/2022\/09\/xa\\u0300-la\\u0301ch-satou.jpg\",\"contentUrl\":\"https:\/\/nongphat.com.vn\/wp-content\/uploads\/2022\/09\/xa\\u0300-la\\u0301ch-satou.jpg\",\"width\":1064,\"height\":1064},{\"@type\":\"WebPage\",\"@id\":\"https:\/\/nongphat.com.vn\/san-pham\/xa-lach-bup-satou\/#webpage\",\"url\":\"https:\/\/nongphat.com.vn\/san-pham\/xa-lach-bup-satou\/\",\"name\":\"H\\u1ea1t Gi\\u1ed1ng X\\u00e0 L\\u00e1ch B\\u00fap SATOU - N\\u00f4ng Ph\\u00e1t\",\"isPartOf\":{\"@id\":\"https:\/\/nongphat.com.vn\/#website\"},\"primaryImageOfPage\":{\"@id\":\"https:\/\/nongphat.com.vn\/san-pham\/xa-lach-bup-satou\/#primaryimage\"},\"datePublished\":\"2022-09-22T10:13:05+00:00\",\"dateModified\":\"2022-09-23T03:00:15+00:00\",\"description\":\"M\\u00f4 t\\u1ea3:\\u00a0 D\\u1ea1ng l\\u00e1 n\\u1eeda b\\u00fap n\\u1eeda x\\u00f2e c\\u00f3 m\\u00e0u xanh b\\u00f3ng r\\u1ea5t \\u0111\\u1eb9p. C\\u00f3 v\\u1ecb ng\\u1ecdt gi\\u00f2n, \\u0111\\u01b0\\u1ee3c s\\u1eed d\\u1ee5ng k\\u1ebft h\\u1ee3p v\\u1edbi nhi\\u1ec1u m\\u00f3n \\u0103n hi\\u1ec7n \\u0111\\u1ea1i v\\u00e0 truy\\u1ec1n th\\u1ed1ng Satou l\\u00e0 d\\u00f2ng x\\u00e0 l\\u00e1ch cho n\\u0103ng su\\u1ea5t cao, c\\u00e2y sinh tr\\u01b0\\u1edfng v\\u00e0 ph\\u00e1t tri\\u1ec3n t\\u1ed1t quanh n\\u0103m k\\u1ec3 c\\u1ea3 nh\\u1eefng n\\u01a1i c\\u00f3 th\\u1eddi ti\\u1ebft l\\u1ea1nh v\\u00e0 trong \\u0111i\\u1ec1u ki\\u1ec7n m\\u00f9a m\\u01b0a. Gi\\u1ed1ng Nh\\u1eadt B\\u1ea3n F1 T\\u1ef7 l\\u1ec7 n\\u1ea3y m\\u1ea7m: &gt; 85% Tr\\u1ecdng l\\u01b0\\u1ee3ng: 230 - 450 gram\/c\\u00e2y Th\\u1eddi gian thu ho\\u1ea1ch: 30 -35 ng\\u00e0y sau tr\\u1ed3ng Th\\u1eddi v\\u1ee5 tr\\u1ed3ng: quanh n\\u0103m\",\"breadcrumb\":{\"@id\":\"https:\/\/nongphat.com.vn\/san-pham\/xa-lach-bup-satou\/#breadcrumb\"},\"inLanguage\":\"en\",\"potentialAction\":[{\"@type\":\"ReadAction\",\"target\":[\"https:\/\/nongphat.com.vn\/san-pham\/xa-lach-bup-satou\/\"]}]},{\"@type\":\"BreadcrumbList\",\"@id\":\"https:\/\/nongphat.com.vn\/san-pham\/xa-lach-bup-satou\/#breadcrumb\",\"itemListElement\":[{\"@type\":\"ListItem\",\"position\":1,\"name\":\"Home\",\"item\":\"https:\/\/nongphat.com.vn\/en\/\"},{\"@type\":\"ListItem\",\"position\":2,\"name\":\"Products\",\"item\":\"https:\/\/nongphat.com.vn\/en\/cua-hang\/\"},{\"@type\":\"ListItem\",\"position\":3,\"name\":\"H\\u1ea1t Gi\\u1ed1ng X\\u00e0 L\\u00e1ch B\\u00fap SATOU\"}]}]}<\/script>\n<!-- \/ Yoast SEO plugin. -->","yoast_head_json":{"title":"H\u1ea1t Gi\u1ed1ng X\u00e0 L\u00e1ch B\u00fap SATOU - N\u00f4ng Ph\u00e1t","description":"M\u00f4 t\u1ea3:\u00a0   D\u1ea1ng l\u00e1 n\u1eeda b\u00fap n\u1eeda x\u00f2e c\u00f3 m\u00e0u xanh b\u00f3ng r\u1ea5t \u0111\u1eb9p.  C\u00f3 v\u1ecb ng\u1ecdt gi\u00f2n, \u0111\u01b0\u1ee3c s\u1eed d\u1ee5ng k\u1ebft h\u1ee3p v\u1edbi nhi\u1ec1u m\u00f3n \u0103n hi\u1ec7n \u0111\u1ea1i v\u00e0 truy\u1ec1n th\u1ed1ng  Satou l\u00e0 d\u00f2ng x\u00e0 l\u00e1ch cho n\u0103ng su\u1ea5t cao, c\u00e2y sinh tr\u01b0\u1edfng v\u00e0 ph\u00e1t tri\u1ec3n t\u1ed1t quanh n\u0103m k\u1ec3 c\u1ea3 nh\u1eefng n\u01a1i c\u00f3 th\u1eddi ti\u1ebft l\u1ea1nh v\u00e0 trong \u0111i\u1ec1u ki\u1ec7n m\u00f9a m\u01b0a.  Gi\u1ed1ng Nh\u1eadt B\u1ea3n F1  T\u1ef7 l\u1ec7 n\u1ea3y m\u1ea7m: &gt; 85%  Tr\u1ecdng l\u01b0\u1ee3ng: 230 - 450 gram\/c\u00e2y  Th\u1eddi gian thu ho\u1ea1ch: 30 -35 ng\u00e0y sau tr\u1ed3ng  Th\u1eddi v\u1ee5 tr\u1ed3ng: quanh n\u0103m","robots":{"index":"index","follow":"follow","max-snippet":"max-snippet:-1","max-image-preview":"max-image-preview:large","max-video-preview":"max-video-preview:-1"},"canonical":"https:\/\/nongphat.com.vn\/en\/san-pham\/xa-lach-bup-satou\/","og_locale":"en_US","og_type":"article","og_title":"H\u1ea1t Gi\u1ed1ng X\u00e0 L\u00e1ch B\u00fap SATOU - N\u00f4ng Ph\u00e1t","og_description":"M\u00f4 t\u1ea3:\u00a0   D\u1ea1ng l\u00e1 n\u1eeda b\u00fap n\u1eeda x\u00f2e c\u00f3 m\u00e0u xanh b\u00f3ng r\u1ea5t \u0111\u1eb9p.  C\u00f3 v\u1ecb ng\u1ecdt gi\u00f2n, \u0111\u01b0\u1ee3c s\u1eed d\u1ee5ng k\u1ebft h\u1ee3p v\u1edbi nhi\u1ec1u m\u00f3n \u0103n hi\u1ec7n \u0111\u1ea1i v\u00e0 truy\u1ec1n th\u1ed1ng  Satou l\u00e0 d\u00f2ng x\u00e0 l\u00e1ch cho n\u0103ng su\u1ea5t cao, c\u00e2y sinh tr\u01b0\u1edfng v\u00e0 ph\u00e1t tri\u1ec3n t\u1ed1t quanh n\u0103m k\u1ec3 c\u1ea3 nh\u1eefng n\u01a1i c\u00f3 th\u1eddi ti\u1ebft l\u1ea1nh v\u00e0 trong \u0111i\u1ec1u ki\u1ec7n m\u00f9a m\u01b0a.  Gi\u1ed1ng Nh\u1eadt B\u1ea3n F1  T\u1ef7 l\u1ec7 n\u1ea3y m\u1ea7m: &gt; 85%  Tr\u1ecdng l\u01b0\u1ee3ng: 230 - 450 gram\/c\u00e2y  Th\u1eddi gian thu ho\u1ea1ch: 30 -35 ng\u00e0y sau tr\u1ed3ng  Th\u1eddi v\u1ee5 tr\u1ed3ng: quanh n\u0103m","og_url":"https:\/\/nongphat.com.vn\/san-pham\/xa-lach-bup-satou\/","og_site_name":"N\u00f4ng Ph\u00e1t","article_publisher":"https:\/\/www.facebook.com\/NONG.PHAT.Melon","article_modified_time":"2022-09-23T03:00:15+00:00","og_image":[{"width":1064,"height":1064,"url":"https:\/\/nongphat.com.vn\/wp-content\/uploads\/2022\/09\/xa\u0300-la\u0301ch-satou.jpg","type":"image\/jpeg"}],"twitter_card":"summary_large_image","schema":{"@context":"https:\/\/schema.org","@graph":[{"@type":"Organization","@id":"https:\/\/nongphat.com.vn\/#organization","name":"H\u1ea1t Gi\u1ed1ng Nh\u1eadt B\u1ea3n - N\u00f4ng Ph\u00e1t Farm","url":"https:\/\/nongphat.com.vn\/","sameAs":["https:\/\/www.facebook.com\/NONG.PHAT.Melon","https:\/\/www.instagram.com\/nongphatfarm\/","https:\/\/www.youtube.com\/channel\/UCrgCTZ6Dmvhys0bbs6kXycg"],"logo":{"@type":"ImageObject","@id":"https:\/\/nongphat.com.vn\/#logo","inLanguage":"en","url":"https:\/\/nongphat.com.vn\/wp-content\/uploads\/2021\/06\/logo-nong-phat.jpg","contentUrl":"https:\/\/nongphat.com.vn\/wp-content\/uploads\/2021\/06\/logo-nong-phat.jpg","width":1578,"height":1578,"caption":"H\u1ea1t Gi\u1ed1ng Nh\u1eadt B\u1ea3n - N\u00f4ng Ph\u00e1t Farm"},"image":{"@id":"https:\/\/nongphat.com.vn\/#logo"}},{"@type":"WebSite","@id":"https:\/\/nongphat.com.vn\/#website","url":"https:\/\/nongphat.com.vn\/","name":"N\u00f4ng Ph\u00e1t","description":"H\u1ea1t gi\u1ed1ng Nh\u1eadt B\u1ea3n - N\u00f4ng Ph\u00e1t Farm","publisher":{"@id":"https:\/\/nongphat.com.vn\/#organization"},"potentialAction":[{"@type":"SearchAction","target":{"@type":"EntryPoint","urlTemplate":"https:\/\/nongphat.com.vn\/?s={search_term_string}"},"query-input":"required name=search_term_string"}],"inLanguage":"en"},{"@type":"ImageObject","@id":"https:\/\/nongphat.com.vn\/san-pham\/xa-lach-bup-satou\/#primaryimage","inLanguage":"en","url":"https:\/\/nongphat.com.vn\/wp-content\/uploads\/2022\/09\/xa\u0300-la\u0301ch-satou.jpg","contentUrl":"https:\/\/nongphat.com.vn\/wp-content\/uploads\/2022\/09\/xa\u0300-la\u0301ch-satou.jpg","width":1064,"height":1064},{"@type":"WebPage","@id":"https:\/\/nongphat.com.vn\/san-pham\/xa-lach-bup-satou\/#webpage","url":"https:\/\/nongphat.com.vn\/san-pham\/xa-lach-bup-satou\/","name":"H\u1ea1t Gi\u1ed1ng X\u00e0 L\u00e1ch B\u00fap SATOU - N\u00f4ng Ph\u00e1t","isPartOf":{"@id":"https:\/\/nongphat.com.vn\/#website"},"primaryImageOfPage":{"@id":"https:\/\/nongphat.com.vn\/san-pham\/xa-lach-bup-satou\/#primaryimage"},"datePublished":"2022-09-22T10:13:05+00:00","dateModified":"2022-09-23T03:00:15+00:00","description":"M\u00f4 t\u1ea3:\u00a0 D\u1ea1ng l\u00e1 n\u1eeda b\u00fap n\u1eeda x\u00f2e c\u00f3 m\u00e0u xanh b\u00f3ng r\u1ea5t \u0111\u1eb9p. C\u00f3 v\u1ecb ng\u1ecdt gi\u00f2n, \u0111\u01b0\u1ee3c s\u1eed d\u1ee5ng k\u1ebft h\u1ee3p v\u1edbi nhi\u1ec1u m\u00f3n \u0103n hi\u1ec7n \u0111\u1ea1i v\u00e0 truy\u1ec1n th\u1ed1ng Satou l\u00e0 d\u00f2ng x\u00e0 l\u00e1ch cho n\u0103ng su\u1ea5t cao, c\u00e2y sinh tr\u01b0\u1edfng v\u00e0 ph\u00e1t tri\u1ec3n t\u1ed1t quanh n\u0103m k\u1ec3 c\u1ea3 nh\u1eefng n\u01a1i c\u00f3 th\u1eddi ti\u1ebft l\u1ea1nh v\u00e0 trong \u0111i\u1ec1u ki\u1ec7n m\u00f9a m\u01b0a. Gi\u1ed1ng Nh\u1eadt B\u1ea3n F1 T\u1ef7 l\u1ec7 n\u1ea3y m\u1ea7m: &gt; 85% Tr\u1ecdng l\u01b0\u1ee3ng: 230 - 450 gram\/c\u00e2y Th\u1eddi gian thu ho\u1ea1ch: 30 -35 ng\u00e0y sau tr\u1ed3ng Th\u1eddi v\u1ee5 tr\u1ed3ng: quanh n\u0103m","breadcrumb":{"@id":"https:\/\/nongphat.com.vn\/san-pham\/xa-lach-bup-satou\/#breadcrumb"},"inLanguage":"en","potentialAction":[{"@type":"ReadAction","target":["https:\/\/nongphat.com.vn\/san-pham\/xa-lach-bup-satou\/"]}]},{"@type":"BreadcrumbList","@id":"https:\/\/nongphat.com.vn\/san-pham\/xa-lach-bup-satou\/#breadcrumb","itemListElement":[{"@type":"ListItem","position":1,"name":"Home","item":"https:\/\/nongphat.com.vn\/en\/"},{"@type":"ListItem","position":2,"name":"Products","item":"https:\/\/nongphat.com.vn\/en\/cua-hang\/"},{"@type":"ListItem","position":3,"name":"H\u1ea1t Gi\u1ed1ng X\u00e0 L\u00e1ch B\u00fap SATOU"}]}]}},"_links":{"self":[{"href":"https:\/\/nongphat.com.vn\/en\/wp-json\/wp\/v2\/product\/8442"}],"collection":[{"href":"https:\/\/nongphat.com.vn\/en\/wp-json\/wp\/v2\/product"}],"about":[{"href":"https:\/\/nongphat.com.vn\/en\/wp-json\/wp\/v2\/types\/product"}],"replies":[{"embeddable":true,"href":"https:\/\/nongphat.com.vn\/en\/wp-json\/wp\/v2\/comments?post=8442"}],"wp:featuredmedia":[{"embeddable":true,"href":"https:\/\/nongphat.com.vn\/en\/wp-json\/wp\/v2\/media\/8443"}],"wp:attachment":[{"href":"https:\/\/nongphat.com.vn\/en\/wp-json\/wp\/v2\/media?parent=8442"}],"wp:term":[{"taxonomy":"product_cat","embeddable":true,"href":"https:\/\/nongphat.com.vn\/en\/wp-json\/wp\/v2\/product_cat?post=8442"},{"taxonomy":"product_tag","embeddable":true,"href":"https:\/\/nongphat.com.vn\/en\/wp-json\/wp\/v2\/product_tag?post=8442"}],"curies":[{"name":"wp","href":"https:\/\/api.w.org\/{rel}","templated":true}]}}