{"id":8461,"date":"2022-09-22T17:40:08","date_gmt":"2022-09-22T10:40:08","guid":{"rendered":"https:\/\/nongphat.com.vn\/?post_type=product&#038;p=8461"},"modified":"2023-09-08T15:16:50","modified_gmt":"2023-09-08T08:16:50","slug":"rau-muong-xanh-kangkong-1","status":"publish","type":"product","link":"https:\/\/nongphat.com.vn\/en\/san-pham\/rau-muong-xanh-kangkong-1\/","title":{"rendered":"H\u1ea1t Gi\u1ed1ng Rau Mu\u1ed1ng Xanh KANGKONG-1"},"content":{"rendered":"","protected":false},"excerpt":{"rendered":"<p><strong><span style=\"font-size: 130%; color: #f99b1c;\">M\u00f4 t\u1ea3:\u00a0<\/span><\/strong><\/p>\n<ul>\n<li><span style=\"color: #000000;\">L\u00e0 lo\u1ea1i c\u00e2y th\u1ef1c v\u1eadt nhi\u1ec7t \u0111\u1edbi v\u1edbi k\u1ef9 thu\u1eadt tr\u1ed3ng r\u1ea5t \u0111\u01a1n gi\u1ea3n. Rau mu\u1ed1ng l\u00e0 lo\u1ea1i rau tr\u1ed3ng kh\u00f4ng k\u00e9n \u0111\u1ea5t, c\u00f3 th\u1ec3 tr\u1ed3ng rau mu\u1ed1ng tr\u00ean h\u1ea7u h\u1ebft c\u00e1c lo\u1ea1i \u0111\u1ea5t ch\u1ec9 c\u1ea7n lu\u00f4n \u0111\u1ee7 n\u01b0\u1edbc \u0111\u1ec3 rau sinh tr\u01b0\u1edfng. M\u1ecdc r\u1ea5t nhanh<\/span><\/li>\n<li><span style=\"color: #000000;\">Rau mu\u1ed1ng gi\u00e0u ch\u1ea5t s\u1eafc, gi\u00f2n ng\u1ecdt v\u00e0 m\u1ecdng n\u01b0\u1edbc<\/span><\/li>\n<li><span style=\"color: #000000;\">Rau mu\u1ed1ng d\u1ec5 \u0103n d\u1ec5 ch\u1ebf bi\u1ebfn ngo\u00e0i ra c\u00f2n r\u1ea5t t\u1ed1t cho tim m\u1ea1ch, ng\u0103n ng\u1eeba ti\u1ec3u \u0111\u01b0\u1eddng, \u0111i\u1ec1u tr\u1ecb thi\u1ebfu m\u00e1u hay t\u0103ng c\u01b0\u1eddng h\u1ec7 mi\u1ec5n d\u1ecbch. <\/span><\/li>\n<li><span style=\"color: #000000;\">Gi\u1ed1ng F1 Hyprid<\/span><\/li>\n<li><span style=\"color: #000000;\">T\u1ef7 l\u1ec7 n\u1ea3y m\u1ea7m: &gt; 85%<\/span><\/li>\n<li><span style=\"color: #000000;\"> Tr\u1ecdng l\u01b0\u1ee3ng: 200 &#8211; 350 gram\/c\u00e2y<\/span><\/li>\n<li><span style=\"color: #000000;\">Th\u1eddi gian thu ho\u1ea1ch: sau 3 tu\u1ea7n l\u00e0 c\u00f3 th\u1ec3 thu ho\u1eb7c<\/span><\/li>\n<li><span style=\"color: #000000;\"> Th\u1eddi v\u1ee5 tr\u1ed3ng: quanh n\u0103m<\/span><\/li>\n<\/ul>\n","protected":false},"featured_media":8453,"comment_status":"open","ping_status":"closed","template":"","meta":[],"product_cat":[1293,1229],"product_tag":[],"yoast_head":"<!-- This site is optimized with the Yoast SEO plugin v17.6 - https:\/\/yoast.com\/wordpress\/plugins\/seo\/ -->\n<title>H\u1ea1t Gi\u1ed1ng Rau Mu\u1ed1ng Xanh KANGKONG-1 - N\u00f4ng Ph\u00e1t<\/title>\n<meta name=\"description\" content=\"M\u00f4 t\u1ea3:\u00a0   L\u00e0 lo\u1ea1i c\u00e2y th\u1ef1c v\u1eadt nhi\u1ec7t \u0111\u1edbi v\u1edbi k\u1ef9 thu\u1eadt tr\u1ed3ng r\u1ea5t \u0111\u01a1n gi\u1ea3n. Rau mu\u1ed1ng l\u00e0 lo\u1ea1i rau tr\u1ed3ng kh\u00f4ng k\u00e9n \u0111\u1ea5t, c\u00f3 th\u1ec3 tr\u1ed3ng rau mu\u1ed1ng tr\u00ean h\u1ea7u h\u1ebft c\u00e1c lo\u1ea1i \u0111\u1ea5t ch\u1ec9 c\u1ea7n lu\u00f4n \u0111\u1ee7 n\u01b0\u1edbc \u0111\u1ec3 rau sinh tr\u01b0\u1edfng. M\u1ecdc r\u1ea5t nhanh  Rau mu\u1ed1ng gi\u00e0u ch\u1ea5t s\u1eafc, gi\u00f2n ng\u1ecdt v\u00e0 m\u1ecdng n\u01b0\u1edbc  Rau mu\u1ed1ng d\u1ec5 \u0103n d\u1ec5 ch\u1ebf bi\u1ebfn ngo\u00e0i ra c\u00f2n r\u1ea5t t\u1ed1t cho tim m\u1ea1ch, ng\u0103n ng\u1eeba ti\u1ec3u \u0111\u01b0\u1eddng, \u0111i\u1ec1u tr\u1ecb thi\u1ebfu m\u00e1u hay t\u0103ng c\u01b0\u1eddng h\u1ec7 mi\u1ec5n d\u1ecbch.   Gi\u1ed1ng F1 Hyprid  T\u1ef7 l\u1ec7 n\u1ea3y m\u1ea7m: &gt; 85%   Tr\u1ecdng l\u01b0\u1ee3ng: 200 - 350 gram\/c\u00e2y  Th\u1eddi gian thu ho\u1ea1ch: sau 3 tu\u1ea7n l\u00e0 c\u00f3 th\u1ec3 thu ho\u1eb7c   Th\u1eddi v\u1ee5 tr\u1ed3ng: quanh n\u0103m\" \/>\n<meta name=\"robots\" content=\"index, follow, max-snippet:-1, max-image-preview:large, max-video-preview:-1\" \/>\n<link rel=\"canonical\" href=\"https:\/\/nongphat.com.vn\/en\/san-pham\/rau-muong-xanh-kangkong-1\/\" \/>\n<meta property=\"og:locale\" content=\"en_US\" \/>\n<meta property=\"og:type\" content=\"article\" \/>\n<meta property=\"og:title\" content=\"H\u1ea1t Gi\u1ed1ng Rau Mu\u1ed1ng Xanh KANGKONG-1 - N\u00f4ng Ph\u00e1t\" \/>\n<meta property=\"og:description\" content=\"M\u00f4 t\u1ea3:\u00a0   L\u00e0 lo\u1ea1i c\u00e2y th\u1ef1c v\u1eadt nhi\u1ec7t \u0111\u1edbi v\u1edbi k\u1ef9 thu\u1eadt tr\u1ed3ng r\u1ea5t \u0111\u01a1n gi\u1ea3n. Rau mu\u1ed1ng l\u00e0 lo\u1ea1i rau tr\u1ed3ng kh\u00f4ng k\u00e9n \u0111\u1ea5t, c\u00f3 th\u1ec3 tr\u1ed3ng rau mu\u1ed1ng tr\u00ean h\u1ea7u h\u1ebft c\u00e1c lo\u1ea1i \u0111\u1ea5t ch\u1ec9 c\u1ea7n lu\u00f4n \u0111\u1ee7 n\u01b0\u1edbc \u0111\u1ec3 rau sinh tr\u01b0\u1edfng. M\u1ecdc r\u1ea5t nhanh  Rau mu\u1ed1ng gi\u00e0u ch\u1ea5t s\u1eafc, gi\u00f2n ng\u1ecdt v\u00e0 m\u1ecdng n\u01b0\u1edbc  Rau mu\u1ed1ng d\u1ec5 \u0103n d\u1ec5 ch\u1ebf bi\u1ebfn ngo\u00e0i ra c\u00f2n r\u1ea5t t\u1ed1t cho tim m\u1ea1ch, ng\u0103n ng\u1eeba ti\u1ec3u \u0111\u01b0\u1eddng, \u0111i\u1ec1u tr\u1ecb thi\u1ebfu m\u00e1u hay t\u0103ng c\u01b0\u1eddng h\u1ec7 mi\u1ec5n d\u1ecbch.   Gi\u1ed1ng F1 Hyprid  T\u1ef7 l\u1ec7 n\u1ea3y m\u1ea7m: &gt; 85%   Tr\u1ecdng l\u01b0\u1ee3ng: 200 - 350 gram\/c\u00e2y  Th\u1eddi gian thu ho\u1ea1ch: sau 3 tu\u1ea7n l\u00e0 c\u00f3 th\u1ec3 thu ho\u1eb7c   Th\u1eddi v\u1ee5 tr\u1ed3ng: quanh n\u0103m\" \/>\n<meta property=\"og:url\" content=\"https:\/\/nongphat.com.vn\/san-pham\/rau-muong-xanh-kangkong-1\/\" \/>\n<meta property=\"og:site_name\" content=\"N\u00f4ng Ph\u00e1t\" \/>\n<meta property=\"article:publisher\" content=\"https:\/\/www.facebook.com\/NONG.PHAT.Melon\" \/>\n<meta property=\"article:modified_time\" content=\"2023-09-08T08:16:50+00:00\" \/>\n<meta property=\"og:image\" content=\"https:\/\/nongphat.com.vn\/wp-content\/uploads\/2022\/09\/rau-muo\u0302\u0301ng-kangkong1.jpg\" \/>\n\t<meta property=\"og:image:width\" content=\"1064\" \/>\n\t<meta property=\"og:image:height\" content=\"1063\" \/>\n<meta name=\"twitter:card\" content=\"summary_large_image\" \/>\n<script type=\"application\/ld+json\" class=\"yoast-schema-graph\">{\"@context\":\"https:\/\/schema.org\",\"@graph\":[{\"@type\":\"Organization\",\"@id\":\"https:\/\/nongphat.com.vn\/#organization\",\"name\":\"H\\u1ea1t Gi\\u1ed1ng Nh\\u1eadt B\\u1ea3n - N\\u00f4ng Ph\\u00e1t Farm\",\"url\":\"https:\/\/nongphat.com.vn\/\",\"sameAs\":[\"https:\/\/www.facebook.com\/NONG.PHAT.Melon\",\"https:\/\/www.instagram.com\/nongphatfarm\/\",\"https:\/\/www.youtube.com\/channel\/UCrgCTZ6Dmvhys0bbs6kXycg\"],\"logo\":{\"@type\":\"ImageObject\",\"@id\":\"https:\/\/nongphat.com.vn\/#logo\",\"inLanguage\":\"en\",\"url\":\"https:\/\/nongphat.com.vn\/wp-content\/uploads\/2021\/06\/logo-nong-phat.jpg\",\"contentUrl\":\"https:\/\/nongphat.com.vn\/wp-content\/uploads\/2021\/06\/logo-nong-phat.jpg\",\"width\":1578,\"height\":1578,\"caption\":\"H\\u1ea1t Gi\\u1ed1ng Nh\\u1eadt B\\u1ea3n - N\\u00f4ng Ph\\u00e1t Farm\"},\"image\":{\"@id\":\"https:\/\/nongphat.com.vn\/#logo\"}},{\"@type\":\"WebSite\",\"@id\":\"https:\/\/nongphat.com.vn\/#website\",\"url\":\"https:\/\/nongphat.com.vn\/\",\"name\":\"N\\u00f4ng Ph\\u00e1t\",\"description\":\"H\\u1ea1t gi\\u1ed1ng Nh\\u1eadt B\\u1ea3n - N\\u00f4ng Ph\\u00e1t Farm\",\"publisher\":{\"@id\":\"https:\/\/nongphat.com.vn\/#organization\"},\"potentialAction\":[{\"@type\":\"SearchAction\",\"target\":{\"@type\":\"EntryPoint\",\"urlTemplate\":\"https:\/\/nongphat.com.vn\/?s={search_term_string}\"},\"query-input\":\"required name=search_term_string\"}],\"inLanguage\":\"en\"},{\"@type\":\"ImageObject\",\"@id\":\"https:\/\/nongphat.com.vn\/san-pham\/rau-muong-xanh-kangkong-1\/#primaryimage\",\"inLanguage\":\"en\",\"url\":\"https:\/\/nongphat.com.vn\/wp-content\/uploads\/2022\/09\/rau-muo\\u0302\\u0301ng-kangkong1.jpg\",\"contentUrl\":\"https:\/\/nongphat.com.vn\/wp-content\/uploads\/2022\/09\/rau-muo\\u0302\\u0301ng-kangkong1.jpg\",\"width\":1064,\"height\":1063},{\"@type\":\"WebPage\",\"@id\":\"https:\/\/nongphat.com.vn\/san-pham\/rau-muong-xanh-kangkong-1\/#webpage\",\"url\":\"https:\/\/nongphat.com.vn\/san-pham\/rau-muong-xanh-kangkong-1\/\",\"name\":\"H\\u1ea1t Gi\\u1ed1ng Rau Mu\\u1ed1ng Xanh KANGKONG-1 - N\\u00f4ng Ph\\u00e1t\",\"isPartOf\":{\"@id\":\"https:\/\/nongphat.com.vn\/#website\"},\"primaryImageOfPage\":{\"@id\":\"https:\/\/nongphat.com.vn\/san-pham\/rau-muong-xanh-kangkong-1\/#primaryimage\"},\"datePublished\":\"2022-09-22T10:40:08+00:00\",\"dateModified\":\"2023-09-08T08:16:50+00:00\",\"description\":\"M\\u00f4 t\\u1ea3:\\u00a0 L\\u00e0 lo\\u1ea1i c\\u00e2y th\\u1ef1c v\\u1eadt nhi\\u1ec7t \\u0111\\u1edbi v\\u1edbi k\\u1ef9 thu\\u1eadt tr\\u1ed3ng r\\u1ea5t \\u0111\\u01a1n gi\\u1ea3n. Rau mu\\u1ed1ng l\\u00e0 lo\\u1ea1i rau tr\\u1ed3ng kh\\u00f4ng k\\u00e9n \\u0111\\u1ea5t, c\\u00f3 th\\u1ec3 tr\\u1ed3ng rau mu\\u1ed1ng tr\\u00ean h\\u1ea7u h\\u1ebft c\\u00e1c lo\\u1ea1i \\u0111\\u1ea5t ch\\u1ec9 c\\u1ea7n lu\\u00f4n \\u0111\\u1ee7 n\\u01b0\\u1edbc \\u0111\\u1ec3 rau sinh tr\\u01b0\\u1edfng. M\\u1ecdc r\\u1ea5t nhanh Rau mu\\u1ed1ng gi\\u00e0u ch\\u1ea5t s\\u1eafc, gi\\u00f2n ng\\u1ecdt v\\u00e0 m\\u1ecdng n\\u01b0\\u1edbc Rau mu\\u1ed1ng d\\u1ec5 \\u0103n d\\u1ec5 ch\\u1ebf bi\\u1ebfn ngo\\u00e0i ra c\\u00f2n r\\u1ea5t t\\u1ed1t cho tim m\\u1ea1ch, ng\\u0103n ng\\u1eeba ti\\u1ec3u \\u0111\\u01b0\\u1eddng, \\u0111i\\u1ec1u tr\\u1ecb thi\\u1ebfu m\\u00e1u hay t\\u0103ng c\\u01b0\\u1eddng h\\u1ec7 mi\\u1ec5n d\\u1ecbch. Gi\\u1ed1ng F1 Hyprid T\\u1ef7 l\\u1ec7 n\\u1ea3y m\\u1ea7m: &gt; 85% Tr\\u1ecdng l\\u01b0\\u1ee3ng: 200 - 350 gram\/c\\u00e2y Th\\u1eddi gian thu ho\\u1ea1ch: sau 3 tu\\u1ea7n l\\u00e0 c\\u00f3 th\\u1ec3 thu ho\\u1eb7c Th\\u1eddi v\\u1ee5 tr\\u1ed3ng: quanh n\\u0103m\",\"breadcrumb\":{\"@id\":\"https:\/\/nongphat.com.vn\/san-pham\/rau-muong-xanh-kangkong-1\/#breadcrumb\"},\"inLanguage\":\"en\",\"potentialAction\":[{\"@type\":\"ReadAction\",\"target\":[\"https:\/\/nongphat.com.vn\/san-pham\/rau-muong-xanh-kangkong-1\/\"]}]},{\"@type\":\"BreadcrumbList\",\"@id\":\"https:\/\/nongphat.com.vn\/san-pham\/rau-muong-xanh-kangkong-1\/#breadcrumb\",\"itemListElement\":[{\"@type\":\"ListItem\",\"position\":1,\"name\":\"Home\",\"item\":\"https:\/\/nongphat.com.vn\/en\/\"},{\"@type\":\"ListItem\",\"position\":2,\"name\":\"Products\",\"item\":\"https:\/\/nongphat.com.vn\/en\/cua-hang\/\"},{\"@type\":\"ListItem\",\"position\":3,\"name\":\"H\\u1ea1t Gi\\u1ed1ng Rau Mu\\u1ed1ng Xanh KANGKONG-1\"}]}]}<\/script>\n<!-- \/ Yoast SEO plugin. -->","yoast_head_json":{"title":"H\u1ea1t Gi\u1ed1ng Rau Mu\u1ed1ng Xanh KANGKONG-1 - N\u00f4ng Ph\u00e1t","description":"M\u00f4 t\u1ea3:\u00a0   L\u00e0 lo\u1ea1i c\u00e2y th\u1ef1c v\u1eadt nhi\u1ec7t \u0111\u1edbi v\u1edbi k\u1ef9 thu\u1eadt tr\u1ed3ng r\u1ea5t \u0111\u01a1n gi\u1ea3n. Rau mu\u1ed1ng l\u00e0 lo\u1ea1i rau tr\u1ed3ng kh\u00f4ng k\u00e9n \u0111\u1ea5t, c\u00f3 th\u1ec3 tr\u1ed3ng rau mu\u1ed1ng tr\u00ean h\u1ea7u h\u1ebft c\u00e1c lo\u1ea1i \u0111\u1ea5t ch\u1ec9 c\u1ea7n lu\u00f4n \u0111\u1ee7 n\u01b0\u1edbc \u0111\u1ec3 rau sinh tr\u01b0\u1edfng. M\u1ecdc r\u1ea5t nhanh  Rau mu\u1ed1ng gi\u00e0u ch\u1ea5t s\u1eafc, gi\u00f2n ng\u1ecdt v\u00e0 m\u1ecdng n\u01b0\u1edbc  Rau mu\u1ed1ng d\u1ec5 \u0103n d\u1ec5 ch\u1ebf bi\u1ebfn ngo\u00e0i ra c\u00f2n r\u1ea5t t\u1ed1t cho tim m\u1ea1ch, ng\u0103n ng\u1eeba ti\u1ec3u \u0111\u01b0\u1eddng, \u0111i\u1ec1u tr\u1ecb thi\u1ebfu m\u00e1u hay t\u0103ng c\u01b0\u1eddng h\u1ec7 mi\u1ec5n d\u1ecbch.   Gi\u1ed1ng F1 Hyprid  T\u1ef7 l\u1ec7 n\u1ea3y m\u1ea7m: &gt; 85%   Tr\u1ecdng l\u01b0\u1ee3ng: 200 - 350 gram\/c\u00e2y  Th\u1eddi gian thu ho\u1ea1ch: sau 3 tu\u1ea7n l\u00e0 c\u00f3 th\u1ec3 thu ho\u1eb7c   Th\u1eddi v\u1ee5 tr\u1ed3ng: quanh n\u0103m","robots":{"index":"index","follow":"follow","max-snippet":"max-snippet:-1","max-image-preview":"max-image-preview:large","max-video-preview":"max-video-preview:-1"},"canonical":"https:\/\/nongphat.com.vn\/en\/san-pham\/rau-muong-xanh-kangkong-1\/","og_locale":"en_US","og_type":"article","og_title":"H\u1ea1t Gi\u1ed1ng Rau Mu\u1ed1ng Xanh KANGKONG-1 - N\u00f4ng Ph\u00e1t","og_description":"M\u00f4 t\u1ea3:\u00a0   L\u00e0 lo\u1ea1i c\u00e2y th\u1ef1c v\u1eadt nhi\u1ec7t \u0111\u1edbi v\u1edbi k\u1ef9 thu\u1eadt tr\u1ed3ng r\u1ea5t \u0111\u01a1n gi\u1ea3n. Rau mu\u1ed1ng l\u00e0 lo\u1ea1i rau tr\u1ed3ng kh\u00f4ng k\u00e9n \u0111\u1ea5t, c\u00f3 th\u1ec3 tr\u1ed3ng rau mu\u1ed1ng tr\u00ean h\u1ea7u h\u1ebft c\u00e1c lo\u1ea1i \u0111\u1ea5t ch\u1ec9 c\u1ea7n lu\u00f4n \u0111\u1ee7 n\u01b0\u1edbc \u0111\u1ec3 rau sinh tr\u01b0\u1edfng. M\u1ecdc r\u1ea5t nhanh  Rau mu\u1ed1ng gi\u00e0u ch\u1ea5t s\u1eafc, gi\u00f2n ng\u1ecdt v\u00e0 m\u1ecdng n\u01b0\u1edbc  Rau mu\u1ed1ng d\u1ec5 \u0103n d\u1ec5 ch\u1ebf bi\u1ebfn ngo\u00e0i ra c\u00f2n r\u1ea5t t\u1ed1t cho tim m\u1ea1ch, ng\u0103n ng\u1eeba ti\u1ec3u \u0111\u01b0\u1eddng, \u0111i\u1ec1u tr\u1ecb thi\u1ebfu m\u00e1u hay t\u0103ng c\u01b0\u1eddng h\u1ec7 mi\u1ec5n d\u1ecbch.   Gi\u1ed1ng F1 Hyprid  T\u1ef7 l\u1ec7 n\u1ea3y m\u1ea7m: &gt; 85%   Tr\u1ecdng l\u01b0\u1ee3ng: 200 - 350 gram\/c\u00e2y  Th\u1eddi gian thu ho\u1ea1ch: sau 3 tu\u1ea7n l\u00e0 c\u00f3 th\u1ec3 thu ho\u1eb7c   Th\u1eddi v\u1ee5 tr\u1ed3ng: quanh n\u0103m","og_url":"https:\/\/nongphat.com.vn\/san-pham\/rau-muong-xanh-kangkong-1\/","og_site_name":"N\u00f4ng Ph\u00e1t","article_publisher":"https:\/\/www.facebook.com\/NONG.PHAT.Melon","article_modified_time":"2023-09-08T08:16:50+00:00","og_image":[{"width":1064,"height":1063,"url":"https:\/\/nongphat.com.vn\/wp-content\/uploads\/2022\/09\/rau-muo\u0302\u0301ng-kangkong1.jpg","type":"image\/jpeg"}],"twitter_card":"summary_large_image","schema":{"@context":"https:\/\/schema.org","@graph":[{"@type":"Organization","@id":"https:\/\/nongphat.com.vn\/#organization","name":"H\u1ea1t Gi\u1ed1ng Nh\u1eadt B\u1ea3n - N\u00f4ng Ph\u00e1t Farm","url":"https:\/\/nongphat.com.vn\/","sameAs":["https:\/\/www.facebook.com\/NONG.PHAT.Melon","https:\/\/www.instagram.com\/nongphatfarm\/","https:\/\/www.youtube.com\/channel\/UCrgCTZ6Dmvhys0bbs6kXycg"],"logo":{"@type":"ImageObject","@id":"https:\/\/nongphat.com.vn\/#logo","inLanguage":"en","url":"https:\/\/nongphat.com.vn\/wp-content\/uploads\/2021\/06\/logo-nong-phat.jpg","contentUrl":"https:\/\/nongphat.com.vn\/wp-content\/uploads\/2021\/06\/logo-nong-phat.jpg","width":1578,"height":1578,"caption":"H\u1ea1t Gi\u1ed1ng Nh\u1eadt B\u1ea3n - N\u00f4ng Ph\u00e1t Farm"},"image":{"@id":"https:\/\/nongphat.com.vn\/#logo"}},{"@type":"WebSite","@id":"https:\/\/nongphat.com.vn\/#website","url":"https:\/\/nongphat.com.vn\/","name":"N\u00f4ng Ph\u00e1t","description":"H\u1ea1t gi\u1ed1ng Nh\u1eadt B\u1ea3n - N\u00f4ng Ph\u00e1t Farm","publisher":{"@id":"https:\/\/nongphat.com.vn\/#organization"},"potentialAction":[{"@type":"SearchAction","target":{"@type":"EntryPoint","urlTemplate":"https:\/\/nongphat.com.vn\/?s={search_term_string}"},"query-input":"required name=search_term_string"}],"inLanguage":"en"},{"@type":"ImageObject","@id":"https:\/\/nongphat.com.vn\/san-pham\/rau-muong-xanh-kangkong-1\/#primaryimage","inLanguage":"en","url":"https:\/\/nongphat.com.vn\/wp-content\/uploads\/2022\/09\/rau-muo\u0302\u0301ng-kangkong1.jpg","contentUrl":"https:\/\/nongphat.com.vn\/wp-content\/uploads\/2022\/09\/rau-muo\u0302\u0301ng-kangkong1.jpg","width":1064,"height":1063},{"@type":"WebPage","@id":"https:\/\/nongphat.com.vn\/san-pham\/rau-muong-xanh-kangkong-1\/#webpage","url":"https:\/\/nongphat.com.vn\/san-pham\/rau-muong-xanh-kangkong-1\/","name":"H\u1ea1t Gi\u1ed1ng Rau Mu\u1ed1ng Xanh KANGKONG-1 - N\u00f4ng Ph\u00e1t","isPartOf":{"@id":"https:\/\/nongphat.com.vn\/#website"},"primaryImageOfPage":{"@id":"https:\/\/nongphat.com.vn\/san-pham\/rau-muong-xanh-kangkong-1\/#primaryimage"},"datePublished":"2022-09-22T10:40:08+00:00","dateModified":"2023-09-08T08:16:50+00:00","description":"M\u00f4 t\u1ea3:\u00a0 L\u00e0 lo\u1ea1i c\u00e2y th\u1ef1c v\u1eadt nhi\u1ec7t \u0111\u1edbi v\u1edbi k\u1ef9 thu\u1eadt tr\u1ed3ng r\u1ea5t \u0111\u01a1n gi\u1ea3n. Rau mu\u1ed1ng l\u00e0 lo\u1ea1i rau tr\u1ed3ng kh\u00f4ng k\u00e9n \u0111\u1ea5t, c\u00f3 th\u1ec3 tr\u1ed3ng rau mu\u1ed1ng tr\u00ean h\u1ea7u h\u1ebft c\u00e1c lo\u1ea1i \u0111\u1ea5t ch\u1ec9 c\u1ea7n lu\u00f4n \u0111\u1ee7 n\u01b0\u1edbc \u0111\u1ec3 rau sinh tr\u01b0\u1edfng. M\u1ecdc r\u1ea5t nhanh Rau mu\u1ed1ng gi\u00e0u ch\u1ea5t s\u1eafc, gi\u00f2n ng\u1ecdt v\u00e0 m\u1ecdng n\u01b0\u1edbc Rau mu\u1ed1ng d\u1ec5 \u0103n d\u1ec5 ch\u1ebf bi\u1ebfn ngo\u00e0i ra c\u00f2n r\u1ea5t t\u1ed1t cho tim m\u1ea1ch, ng\u0103n ng\u1eeba ti\u1ec3u \u0111\u01b0\u1eddng, \u0111i\u1ec1u tr\u1ecb thi\u1ebfu m\u00e1u hay t\u0103ng c\u01b0\u1eddng h\u1ec7 mi\u1ec5n d\u1ecbch. Gi\u1ed1ng F1 Hyprid T\u1ef7 l\u1ec7 n\u1ea3y m\u1ea7m: &gt; 85% Tr\u1ecdng l\u01b0\u1ee3ng: 200 - 350 gram\/c\u00e2y Th\u1eddi gian thu ho\u1ea1ch: sau 3 tu\u1ea7n l\u00e0 c\u00f3 th\u1ec3 thu ho\u1eb7c Th\u1eddi v\u1ee5 tr\u1ed3ng: quanh n\u0103m","breadcrumb":{"@id":"https:\/\/nongphat.com.vn\/san-pham\/rau-muong-xanh-kangkong-1\/#breadcrumb"},"inLanguage":"en","potentialAction":[{"@type":"ReadAction","target":["https:\/\/nongphat.com.vn\/san-pham\/rau-muong-xanh-kangkong-1\/"]}]},{"@type":"BreadcrumbList","@id":"https:\/\/nongphat.com.vn\/san-pham\/rau-muong-xanh-kangkong-1\/#breadcrumb","itemListElement":[{"@type":"ListItem","position":1,"name":"Home","item":"https:\/\/nongphat.com.vn\/en\/"},{"@type":"ListItem","position":2,"name":"Products","item":"https:\/\/nongphat.com.vn\/en\/cua-hang\/"},{"@type":"ListItem","position":3,"name":"H\u1ea1t Gi\u1ed1ng Rau Mu\u1ed1ng Xanh KANGKONG-1"}]}]}},"_links":{"self":[{"href":"https:\/\/nongphat.com.vn\/en\/wp-json\/wp\/v2\/product\/8461"}],"collection":[{"href":"https:\/\/nongphat.com.vn\/en\/wp-json\/wp\/v2\/product"}],"about":[{"href":"https:\/\/nongphat.com.vn\/en\/wp-json\/wp\/v2\/types\/product"}],"replies":[{"embeddable":true,"href":"https:\/\/nongphat.com.vn\/en\/wp-json\/wp\/v2\/comments?post=8461"}],"wp:featuredmedia":[{"embeddable":true,"href":"https:\/\/nongphat.com.vn\/en\/wp-json\/wp\/v2\/media\/8453"}],"wp:attachment":[{"href":"https:\/\/nongphat.com.vn\/en\/wp-json\/wp\/v2\/media?parent=8461"}],"wp:term":[{"taxonomy":"product_cat","embeddable":true,"href":"https:\/\/nongphat.com.vn\/en\/wp-json\/wp\/v2\/product_cat?post=8461"},{"taxonomy":"product_tag","embeddable":true,"href":"https:\/\/nongphat.com.vn\/en\/wp-json\/wp\/v2\/product_tag?post=8461"}],"curies":[{"name":"wp","href":"https:\/\/api.w.org\/{rel}","templated":true}]}}