{"id":8462,"date":"2022-09-22T17:43:23","date_gmt":"2022-09-22T10:43:23","guid":{"rendered":"https:\/\/nongphat.com.vn\/?post_type=product&#038;p=8462"},"modified":"2023-09-08T15:16:44","modified_gmt":"2023-09-08T08:16:44","slug":"rau-muong-trang-ensai","status":"publish","type":"product","link":"https:\/\/nongphat.com.vn\/en\/san-pham\/rau-muong-trang-ensai\/","title":{"rendered":"H\u1ea1t Gi\u1ed1ng Rau Mu\u1ed1ng Tr\u1eafng ENSAI"},"content":{"rendered":"","protected":false},"excerpt":{"rendered":"<p><strong><span style=\"font-size: 130%; color: #f99b1c;\">M\u00f4 t\u1ea3:\u00a0<\/span><\/strong><\/p>\n<ul>\n<li><span style=\"color: #000000;\">Rau mu\u1ed1ng Ensai c\u00f3 th\u00e2n m\u00e0u tr\u1eafng \u0111\u1ed9c l\u1ea1, rau \u0103n r\u1ea5t gi\u00f2n kh\u00f4ng m\u1ec1m nh\u0169n. Sinh tr\u01b0\u1edfng v\u00e0 ph\u00e1t tri\u1ec3n kh\u1ecfe, kh\u00e1ng b\u1ec7nh t\u1ed1t, \u0111\u1ed9 \u0111\u1ed3ng \u0111\u1ec1u cao.<\/span><\/li>\n<li><span style=\"color: #000000;\">V\u1ecb ngon ng\u1ecdt, gi\u00f2n, th\u00e2n m\u00e0u tr\u0103\u0301ng nh\u1ea1t, ng\u1ecdn nh\u1ecf, c\u00e2y c\u1ee9ng kh\u00f4ng \u0111\u1ed5 ng\u00e3. Gi\u00e0u ch\u1ea5t s\u1eafc v\u00e0 r\u1ea5t ngon khi l\u00e0m g\u1ecfi.<\/span><\/li>\n<li><span style=\"color: #000000;\">Gi\u1ed1ng Nh\u1eadt B\u1ea3n F1<\/span><\/li>\n<li><span style=\"color: #000000;\">T\u1ef7 l\u1ec7 n\u1ea3y m\u1ea7m: &gt; 85%<\/span><\/li>\n<li><span style=\"color: #000000;\"> Th\u1eddi gian thu ho\u1ea1ch:\u00a0<\/span><\/li>\n<li><span style=\"color: #000000;\"> Tr\u1ecdng l\u01b0\u1ee3ng: 180 &#8211; 250 gram\/c\u00e2y<\/span><\/li>\n<li><span style=\"color: #000000;\">Th\u1eddi gian thu ho\u1ea1ch: 25-30 ng\u00e0y<\/span><\/li>\n<li><span style=\"color: #000000;\">Th\u1eddi v\u1ee5 tr\u1ed3ng: quanh n\u0103m<\/span><\/li>\n<\/ul>\n","protected":false},"featured_media":8463,"comment_status":"open","ping_status":"closed","template":"","meta":[],"product_cat":[1293,1229],"product_tag":[],"yoast_head":"<!-- This site is optimized with the Yoast SEO plugin v17.6 - https:\/\/yoast.com\/wordpress\/plugins\/seo\/ -->\n<title>H\u1ea1t Gi\u1ed1ng Rau Mu\u1ed1ng Tr\u1eafng ENSAI - N\u00f4ng Ph\u00e1t<\/title>\n<meta name=\"description\" content=\"M\u00f4 t\u1ea3:\u00a0   Rau mu\u1ed1ng Ensai c\u00f3 th\u00e2n m\u00e0u tr\u1eafng \u0111\u1ed9c l\u1ea1, rau \u0103n r\u1ea5t gi\u00f2n kh\u00f4ng m\u1ec1m nh\u0169n. Sinh tr\u01b0\u1edfng v\u00e0 ph\u00e1t tri\u1ec3n kh\u1ecfe, kh\u00e1ng b\u1ec7nh t\u1ed1t, \u0111\u1ed9 \u0111\u1ed3ng \u0111\u1ec1u cao.  V\u1ecb ngon ng\u1ecdt, gi\u00f2n, th\u00e2n m\u00e0u tr\u0103\u0301ng nh\u1ea1t, ng\u1ecdn nh\u1ecf, c\u00e2y c\u1ee9ng kh\u00f4ng \u0111\u1ed5 ng\u00e3. Gi\u00e0u ch\u1ea5t s\u1eafc v\u00e0 r\u1ea5t ngon khi l\u00e0m g\u1ecfi.  Gi\u1ed1ng Nh\u1eadt B\u1ea3n F1  T\u1ef7 l\u1ec7 n\u1ea3y m\u1ea7m: &gt; 85%   Th\u1eddi gian thu ho\u1ea1ch:\u00a0   Tr\u1ecdng l\u01b0\u1ee3ng: 180 - 250 gram\/c\u00e2y  Th\u1eddi gian thu ho\u1ea1ch: 25-30 ng\u00e0y  Th\u1eddi v\u1ee5 tr\u1ed3ng: quanh n\u0103m\" \/>\n<meta name=\"robots\" content=\"index, follow, max-snippet:-1, max-image-preview:large, max-video-preview:-1\" \/>\n<link rel=\"canonical\" href=\"https:\/\/nongphat.com.vn\/en\/san-pham\/rau-muong-trang-ensai\/\" \/>\n<meta property=\"og:locale\" content=\"en_US\" \/>\n<meta property=\"og:type\" content=\"article\" \/>\n<meta property=\"og:title\" content=\"H\u1ea1t Gi\u1ed1ng Rau Mu\u1ed1ng Tr\u1eafng ENSAI - N\u00f4ng Ph\u00e1t\" \/>\n<meta property=\"og:description\" content=\"M\u00f4 t\u1ea3:\u00a0   Rau mu\u1ed1ng Ensai c\u00f3 th\u00e2n m\u00e0u tr\u1eafng \u0111\u1ed9c l\u1ea1, rau \u0103n r\u1ea5t gi\u00f2n kh\u00f4ng m\u1ec1m nh\u0169n. Sinh tr\u01b0\u1edfng v\u00e0 ph\u00e1t tri\u1ec3n kh\u1ecfe, kh\u00e1ng b\u1ec7nh t\u1ed1t, \u0111\u1ed9 \u0111\u1ed3ng \u0111\u1ec1u cao.  V\u1ecb ngon ng\u1ecdt, gi\u00f2n, th\u00e2n m\u00e0u tr\u0103\u0301ng nh\u1ea1t, ng\u1ecdn nh\u1ecf, c\u00e2y c\u1ee9ng kh\u00f4ng \u0111\u1ed5 ng\u00e3. Gi\u00e0u ch\u1ea5t s\u1eafc v\u00e0 r\u1ea5t ngon khi l\u00e0m g\u1ecfi.  Gi\u1ed1ng Nh\u1eadt B\u1ea3n F1  T\u1ef7 l\u1ec7 n\u1ea3y m\u1ea7m: &gt; 85%   Th\u1eddi gian thu ho\u1ea1ch:\u00a0   Tr\u1ecdng l\u01b0\u1ee3ng: 180 - 250 gram\/c\u00e2y  Th\u1eddi gian thu ho\u1ea1ch: 25-30 ng\u00e0y  Th\u1eddi v\u1ee5 tr\u1ed3ng: quanh n\u0103m\" \/>\n<meta property=\"og:url\" content=\"https:\/\/nongphat.com.vn\/san-pham\/rau-muong-trang-ensai\/\" \/>\n<meta property=\"og:site_name\" content=\"N\u00f4ng Ph\u00e1t\" \/>\n<meta property=\"article:publisher\" content=\"https:\/\/www.facebook.com\/NONG.PHAT.Melon\" \/>\n<meta property=\"article:modified_time\" content=\"2023-09-08T08:16:44+00:00\" \/>\n<meta property=\"og:image\" content=\"https:\/\/nongphat.com.vn\/wp-content\/uploads\/2022\/09\/rau-muo\u0302\u0301ng-ensai.jpg\" \/>\n\t<meta property=\"og:image:width\" content=\"1064\" \/>\n\t<meta property=\"og:image:height\" content=\"1063\" \/>\n<meta name=\"twitter:card\" content=\"summary_large_image\" \/>\n<script type=\"application\/ld+json\" class=\"yoast-schema-graph\">{\"@context\":\"https:\/\/schema.org\",\"@graph\":[{\"@type\":\"Organization\",\"@id\":\"https:\/\/nongphat.com.vn\/#organization\",\"name\":\"H\\u1ea1t Gi\\u1ed1ng Nh\\u1eadt B\\u1ea3n - N\\u00f4ng Ph\\u00e1t Farm\",\"url\":\"https:\/\/nongphat.com.vn\/\",\"sameAs\":[\"https:\/\/www.facebook.com\/NONG.PHAT.Melon\",\"https:\/\/www.instagram.com\/nongphatfarm\/\",\"https:\/\/www.youtube.com\/channel\/UCrgCTZ6Dmvhys0bbs6kXycg\"],\"logo\":{\"@type\":\"ImageObject\",\"@id\":\"https:\/\/nongphat.com.vn\/#logo\",\"inLanguage\":\"en\",\"url\":\"https:\/\/nongphat.com.vn\/wp-content\/uploads\/2021\/06\/logo-nong-phat.jpg\",\"contentUrl\":\"https:\/\/nongphat.com.vn\/wp-content\/uploads\/2021\/06\/logo-nong-phat.jpg\",\"width\":1578,\"height\":1578,\"caption\":\"H\\u1ea1t Gi\\u1ed1ng Nh\\u1eadt B\\u1ea3n - N\\u00f4ng Ph\\u00e1t Farm\"},\"image\":{\"@id\":\"https:\/\/nongphat.com.vn\/#logo\"}},{\"@type\":\"WebSite\",\"@id\":\"https:\/\/nongphat.com.vn\/#website\",\"url\":\"https:\/\/nongphat.com.vn\/\",\"name\":\"N\\u00f4ng Ph\\u00e1t\",\"description\":\"H\\u1ea1t gi\\u1ed1ng Nh\\u1eadt B\\u1ea3n - N\\u00f4ng Ph\\u00e1t Farm\",\"publisher\":{\"@id\":\"https:\/\/nongphat.com.vn\/#organization\"},\"potentialAction\":[{\"@type\":\"SearchAction\",\"target\":{\"@type\":\"EntryPoint\",\"urlTemplate\":\"https:\/\/nongphat.com.vn\/?s={search_term_string}\"},\"query-input\":\"required name=search_term_string\"}],\"inLanguage\":\"en\"},{\"@type\":\"ImageObject\",\"@id\":\"https:\/\/nongphat.com.vn\/san-pham\/rau-muong-trang-ensai\/#primaryimage\",\"inLanguage\":\"en\",\"url\":\"https:\/\/nongphat.com.vn\/wp-content\/uploads\/2022\/09\/rau-muo\\u0302\\u0301ng-ensai.jpg\",\"contentUrl\":\"https:\/\/nongphat.com.vn\/wp-content\/uploads\/2022\/09\/rau-muo\\u0302\\u0301ng-ensai.jpg\",\"width\":1064,\"height\":1063},{\"@type\":\"WebPage\",\"@id\":\"https:\/\/nongphat.com.vn\/san-pham\/rau-muong-trang-ensai\/#webpage\",\"url\":\"https:\/\/nongphat.com.vn\/san-pham\/rau-muong-trang-ensai\/\",\"name\":\"H\\u1ea1t Gi\\u1ed1ng Rau Mu\\u1ed1ng Tr\\u1eafng ENSAI - N\\u00f4ng Ph\\u00e1t\",\"isPartOf\":{\"@id\":\"https:\/\/nongphat.com.vn\/#website\"},\"primaryImageOfPage\":{\"@id\":\"https:\/\/nongphat.com.vn\/san-pham\/rau-muong-trang-ensai\/#primaryimage\"},\"datePublished\":\"2022-09-22T10:43:23+00:00\",\"dateModified\":\"2023-09-08T08:16:44+00:00\",\"description\":\"M\\u00f4 t\\u1ea3:\\u00a0 Rau mu\\u1ed1ng Ensai c\\u00f3 th\\u00e2n m\\u00e0u tr\\u1eafng \\u0111\\u1ed9c l\\u1ea1, rau \\u0103n r\\u1ea5t gi\\u00f2n kh\\u00f4ng m\\u1ec1m nh\\u0169n. Sinh tr\\u01b0\\u1edfng v\\u00e0 ph\\u00e1t tri\\u1ec3n kh\\u1ecfe, kh\\u00e1ng b\\u1ec7nh t\\u1ed1t, \\u0111\\u1ed9 \\u0111\\u1ed3ng \\u0111\\u1ec1u cao. V\\u1ecb ngon ng\\u1ecdt, gi\\u00f2n, th\\u00e2n m\\u00e0u tr\\u0103\\u0301ng nh\\u1ea1t, ng\\u1ecdn nh\\u1ecf, c\\u00e2y c\\u1ee9ng kh\\u00f4ng \\u0111\\u1ed5 ng\\u00e3. Gi\\u00e0u ch\\u1ea5t s\\u1eafc v\\u00e0 r\\u1ea5t ngon khi l\\u00e0m g\\u1ecfi. Gi\\u1ed1ng Nh\\u1eadt B\\u1ea3n F1 T\\u1ef7 l\\u1ec7 n\\u1ea3y m\\u1ea7m: &gt; 85% Th\\u1eddi gian thu ho\\u1ea1ch:\\u00a0 Tr\\u1ecdng l\\u01b0\\u1ee3ng: 180 - 250 gram\/c\\u00e2y Th\\u1eddi gian thu ho\\u1ea1ch: 25-30 ng\\u00e0y Th\\u1eddi v\\u1ee5 tr\\u1ed3ng: quanh n\\u0103m\",\"breadcrumb\":{\"@id\":\"https:\/\/nongphat.com.vn\/san-pham\/rau-muong-trang-ensai\/#breadcrumb\"},\"inLanguage\":\"en\",\"potentialAction\":[{\"@type\":\"ReadAction\",\"target\":[\"https:\/\/nongphat.com.vn\/san-pham\/rau-muong-trang-ensai\/\"]}]},{\"@type\":\"BreadcrumbList\",\"@id\":\"https:\/\/nongphat.com.vn\/san-pham\/rau-muong-trang-ensai\/#breadcrumb\",\"itemListElement\":[{\"@type\":\"ListItem\",\"position\":1,\"name\":\"Home\",\"item\":\"https:\/\/nongphat.com.vn\/en\/\"},{\"@type\":\"ListItem\",\"position\":2,\"name\":\"Products\",\"item\":\"https:\/\/nongphat.com.vn\/en\/cua-hang\/\"},{\"@type\":\"ListItem\",\"position\":3,\"name\":\"H\\u1ea1t Gi\\u1ed1ng Rau Mu\\u1ed1ng Tr\\u1eafng ENSAI\"}]}]}<\/script>\n<!-- \/ Yoast SEO plugin. -->","yoast_head_json":{"title":"H\u1ea1t Gi\u1ed1ng Rau Mu\u1ed1ng Tr\u1eafng ENSAI - N\u00f4ng Ph\u00e1t","description":"M\u00f4 t\u1ea3:\u00a0   Rau mu\u1ed1ng Ensai c\u00f3 th\u00e2n m\u00e0u tr\u1eafng \u0111\u1ed9c l\u1ea1, rau \u0103n r\u1ea5t gi\u00f2n kh\u00f4ng m\u1ec1m nh\u0169n. Sinh tr\u01b0\u1edfng v\u00e0 ph\u00e1t tri\u1ec3n kh\u1ecfe, kh\u00e1ng b\u1ec7nh t\u1ed1t, \u0111\u1ed9 \u0111\u1ed3ng \u0111\u1ec1u cao.  V\u1ecb ngon ng\u1ecdt, gi\u00f2n, th\u00e2n m\u00e0u tr\u0103\u0301ng nh\u1ea1t, ng\u1ecdn nh\u1ecf, c\u00e2y c\u1ee9ng kh\u00f4ng \u0111\u1ed5 ng\u00e3. Gi\u00e0u ch\u1ea5t s\u1eafc v\u00e0 r\u1ea5t ngon khi l\u00e0m g\u1ecfi.  Gi\u1ed1ng Nh\u1eadt B\u1ea3n F1  T\u1ef7 l\u1ec7 n\u1ea3y m\u1ea7m: &gt; 85%   Th\u1eddi gian thu ho\u1ea1ch:\u00a0   Tr\u1ecdng l\u01b0\u1ee3ng: 180 - 250 gram\/c\u00e2y  Th\u1eddi gian thu ho\u1ea1ch: 25-30 ng\u00e0y  Th\u1eddi v\u1ee5 tr\u1ed3ng: quanh n\u0103m","robots":{"index":"index","follow":"follow","max-snippet":"max-snippet:-1","max-image-preview":"max-image-preview:large","max-video-preview":"max-video-preview:-1"},"canonical":"https:\/\/nongphat.com.vn\/en\/san-pham\/rau-muong-trang-ensai\/","og_locale":"en_US","og_type":"article","og_title":"H\u1ea1t Gi\u1ed1ng Rau Mu\u1ed1ng Tr\u1eafng ENSAI - N\u00f4ng Ph\u00e1t","og_description":"M\u00f4 t\u1ea3:\u00a0   Rau mu\u1ed1ng Ensai c\u00f3 th\u00e2n m\u00e0u tr\u1eafng \u0111\u1ed9c l\u1ea1, rau \u0103n r\u1ea5t gi\u00f2n kh\u00f4ng m\u1ec1m nh\u0169n. Sinh tr\u01b0\u1edfng v\u00e0 ph\u00e1t tri\u1ec3n kh\u1ecfe, kh\u00e1ng b\u1ec7nh t\u1ed1t, \u0111\u1ed9 \u0111\u1ed3ng \u0111\u1ec1u cao.  V\u1ecb ngon ng\u1ecdt, gi\u00f2n, th\u00e2n m\u00e0u tr\u0103\u0301ng nh\u1ea1t, ng\u1ecdn nh\u1ecf, c\u00e2y c\u1ee9ng kh\u00f4ng \u0111\u1ed5 ng\u00e3. Gi\u00e0u ch\u1ea5t s\u1eafc v\u00e0 r\u1ea5t ngon khi l\u00e0m g\u1ecfi.  Gi\u1ed1ng Nh\u1eadt B\u1ea3n F1  T\u1ef7 l\u1ec7 n\u1ea3y m\u1ea7m: &gt; 85%   Th\u1eddi gian thu ho\u1ea1ch:\u00a0   Tr\u1ecdng l\u01b0\u1ee3ng: 180 - 250 gram\/c\u00e2y  Th\u1eddi gian thu ho\u1ea1ch: 25-30 ng\u00e0y  Th\u1eddi v\u1ee5 tr\u1ed3ng: quanh n\u0103m","og_url":"https:\/\/nongphat.com.vn\/san-pham\/rau-muong-trang-ensai\/","og_site_name":"N\u00f4ng Ph\u00e1t","article_publisher":"https:\/\/www.facebook.com\/NONG.PHAT.Melon","article_modified_time":"2023-09-08T08:16:44+00:00","og_image":[{"width":1064,"height":1063,"url":"https:\/\/nongphat.com.vn\/wp-content\/uploads\/2022\/09\/rau-muo\u0302\u0301ng-ensai.jpg","type":"image\/jpeg"}],"twitter_card":"summary_large_image","schema":{"@context":"https:\/\/schema.org","@graph":[{"@type":"Organization","@id":"https:\/\/nongphat.com.vn\/#organization","name":"H\u1ea1t Gi\u1ed1ng Nh\u1eadt B\u1ea3n - N\u00f4ng Ph\u00e1t Farm","url":"https:\/\/nongphat.com.vn\/","sameAs":["https:\/\/www.facebook.com\/NONG.PHAT.Melon","https:\/\/www.instagram.com\/nongphatfarm\/","https:\/\/www.youtube.com\/channel\/UCrgCTZ6Dmvhys0bbs6kXycg"],"logo":{"@type":"ImageObject","@id":"https:\/\/nongphat.com.vn\/#logo","inLanguage":"en","url":"https:\/\/nongphat.com.vn\/wp-content\/uploads\/2021\/06\/logo-nong-phat.jpg","contentUrl":"https:\/\/nongphat.com.vn\/wp-content\/uploads\/2021\/06\/logo-nong-phat.jpg","width":1578,"height":1578,"caption":"H\u1ea1t Gi\u1ed1ng Nh\u1eadt B\u1ea3n - N\u00f4ng Ph\u00e1t Farm"},"image":{"@id":"https:\/\/nongphat.com.vn\/#logo"}},{"@type":"WebSite","@id":"https:\/\/nongphat.com.vn\/#website","url":"https:\/\/nongphat.com.vn\/","name":"N\u00f4ng Ph\u00e1t","description":"H\u1ea1t gi\u1ed1ng Nh\u1eadt B\u1ea3n - N\u00f4ng Ph\u00e1t Farm","publisher":{"@id":"https:\/\/nongphat.com.vn\/#organization"},"potentialAction":[{"@type":"SearchAction","target":{"@type":"EntryPoint","urlTemplate":"https:\/\/nongphat.com.vn\/?s={search_term_string}"},"query-input":"required name=search_term_string"}],"inLanguage":"en"},{"@type":"ImageObject","@id":"https:\/\/nongphat.com.vn\/san-pham\/rau-muong-trang-ensai\/#primaryimage","inLanguage":"en","url":"https:\/\/nongphat.com.vn\/wp-content\/uploads\/2022\/09\/rau-muo\u0302\u0301ng-ensai.jpg","contentUrl":"https:\/\/nongphat.com.vn\/wp-content\/uploads\/2022\/09\/rau-muo\u0302\u0301ng-ensai.jpg","width":1064,"height":1063},{"@type":"WebPage","@id":"https:\/\/nongphat.com.vn\/san-pham\/rau-muong-trang-ensai\/#webpage","url":"https:\/\/nongphat.com.vn\/san-pham\/rau-muong-trang-ensai\/","name":"H\u1ea1t Gi\u1ed1ng Rau Mu\u1ed1ng Tr\u1eafng ENSAI - N\u00f4ng Ph\u00e1t","isPartOf":{"@id":"https:\/\/nongphat.com.vn\/#website"},"primaryImageOfPage":{"@id":"https:\/\/nongphat.com.vn\/san-pham\/rau-muong-trang-ensai\/#primaryimage"},"datePublished":"2022-09-22T10:43:23+00:00","dateModified":"2023-09-08T08:16:44+00:00","description":"M\u00f4 t\u1ea3:\u00a0 Rau mu\u1ed1ng Ensai c\u00f3 th\u00e2n m\u00e0u tr\u1eafng \u0111\u1ed9c l\u1ea1, rau \u0103n r\u1ea5t gi\u00f2n kh\u00f4ng m\u1ec1m nh\u0169n. Sinh tr\u01b0\u1edfng v\u00e0 ph\u00e1t tri\u1ec3n kh\u1ecfe, kh\u00e1ng b\u1ec7nh t\u1ed1t, \u0111\u1ed9 \u0111\u1ed3ng \u0111\u1ec1u cao. V\u1ecb ngon ng\u1ecdt, gi\u00f2n, th\u00e2n m\u00e0u tr\u0103\u0301ng nh\u1ea1t, ng\u1ecdn nh\u1ecf, c\u00e2y c\u1ee9ng kh\u00f4ng \u0111\u1ed5 ng\u00e3. Gi\u00e0u ch\u1ea5t s\u1eafc v\u00e0 r\u1ea5t ngon khi l\u00e0m g\u1ecfi. Gi\u1ed1ng Nh\u1eadt B\u1ea3n F1 T\u1ef7 l\u1ec7 n\u1ea3y m\u1ea7m: &gt; 85% Th\u1eddi gian thu ho\u1ea1ch:\u00a0 Tr\u1ecdng l\u01b0\u1ee3ng: 180 - 250 gram\/c\u00e2y Th\u1eddi gian thu ho\u1ea1ch: 25-30 ng\u00e0y Th\u1eddi v\u1ee5 tr\u1ed3ng: quanh n\u0103m","breadcrumb":{"@id":"https:\/\/nongphat.com.vn\/san-pham\/rau-muong-trang-ensai\/#breadcrumb"},"inLanguage":"en","potentialAction":[{"@type":"ReadAction","target":["https:\/\/nongphat.com.vn\/san-pham\/rau-muong-trang-ensai\/"]}]},{"@type":"BreadcrumbList","@id":"https:\/\/nongphat.com.vn\/san-pham\/rau-muong-trang-ensai\/#breadcrumb","itemListElement":[{"@type":"ListItem","position":1,"name":"Home","item":"https:\/\/nongphat.com.vn\/en\/"},{"@type":"ListItem","position":2,"name":"Products","item":"https:\/\/nongphat.com.vn\/en\/cua-hang\/"},{"@type":"ListItem","position":3,"name":"H\u1ea1t Gi\u1ed1ng Rau Mu\u1ed1ng Tr\u1eafng ENSAI"}]}]}},"_links":{"self":[{"href":"https:\/\/nongphat.com.vn\/en\/wp-json\/wp\/v2\/product\/8462"}],"collection":[{"href":"https:\/\/nongphat.com.vn\/en\/wp-json\/wp\/v2\/product"}],"about":[{"href":"https:\/\/nongphat.com.vn\/en\/wp-json\/wp\/v2\/types\/product"}],"replies":[{"embeddable":true,"href":"https:\/\/nongphat.com.vn\/en\/wp-json\/wp\/v2\/comments?post=8462"}],"wp:featuredmedia":[{"embeddable":true,"href":"https:\/\/nongphat.com.vn\/en\/wp-json\/wp\/v2\/media\/8463"}],"wp:attachment":[{"href":"https:\/\/nongphat.com.vn\/en\/wp-json\/wp\/v2\/media?parent=8462"}],"wp:term":[{"taxonomy":"product_cat","embeddable":true,"href":"https:\/\/nongphat.com.vn\/en\/wp-json\/wp\/v2\/product_cat?post=8462"},{"taxonomy":"product_tag","embeddable":true,"href":"https:\/\/nongphat.com.vn\/en\/wp-json\/wp\/v2\/product_tag?post=8462"}],"curies":[{"name":"wp","href":"https:\/\/api.w.org\/{rel}","templated":true}]}}