{"id":8514,"date":"2022-09-22T18:17:07","date_gmt":"2022-09-22T11:17:07","guid":{"rendered":"https:\/\/nongphat.com.vn\/?post_type=product&#038;p=8514"},"modified":"2023-09-08T15:27:01","modified_gmt":"2023-09-08T08:27:01","slug":"hat-giong-dau-bap-tim-teida","status":"publish","type":"product","link":"https:\/\/nongphat.com.vn\/en\/san-pham\/hat-giong-dau-bap-tim-teida\/","title":{"rendered":"H\u1ea1t Gi\u1ed1ng \u0110\u1eadu B\u1eafp T\u00edm AKANE"},"content":{"rendered":"","protected":false},"excerpt":{"rendered":"<p><strong><span style=\"font-size: 130%; color: #f99b1c;\">M\u00f4 t\u1ea3:\u00a0<\/span><\/strong><\/p>\n<ul>\n<li><span style=\"color: #000000;\">M\u00e0u s\u1eafc qu\u1ea3 \u0111\u1ecf t\u00edm \u0111\u1eb9p m\u1eaft, thu ho\u1ea1c s\u1edbm v\u00e0 n\u0103ng su\u1ea5t cao, <\/span><\/li>\n<li><span style=\"color: #000000;\">\u0110\u1eb7c bi\u1ec7t th\u00edch nghi v\u1edbi th\u1eddi ti\u1ebft n\u00f3ng \u1ea9m c\u1ee7a Vi\u1ec7t Nam<\/span><\/li>\n<li><span style=\"color: #000000;\">Gi\u1ed1ng sinh tr\u01b0\u1edfng m\u1ea1nh, \u0111\u1ed9 \u0111\u1ed3ng \u0111i\u1ec1u cao<\/span><\/li>\n<li><span style=\"color: #000000;\">Ch\u1ee9a m\u1ed9t s\u1ed1 ch\u1ea5t dinh d\u01b0\u1ee1ng m\u00e0 trong \u0111\u1eadu b\u1eafp xanh kh\u00f4ng h\u1ec1 c\u00f3<\/span><\/li>\n<li><span style=\"color: #000000;\">Gi\u1ed1ng Nh\u1eadt B\u1ea3n F1 Hyprid<\/span><\/li>\n<li><span style=\"color: #000000;\">T\u1ef7 l\u1ec7 n\u1ea3y m\u1ea7m: &gt; 85%<\/span><\/li>\n<li><span style=\"color: #000000;\">K\u00edch th\u01b0\u1edbc: Thu ho\u1ea1ch t\u1eeb 8cm, khi l\u1edbn \u0111\u1ebfn 12cm v\u1eabn m\u1ec1m ngon<\/span><\/li>\n<li><span style=\"color: #000000;\">Th\u1eddi gian thu ho\u1ea1ch: 35 &#8211; 40 ng\u00e0y thu l\u1ee9a \u0111\u1ea7u ti\u00ean<\/span><\/li>\n<li><span style=\"color: #000000;\">Th\u1eddi v\u1ee5 tr\u1ed3ng: quanh n\u0103m<\/span><\/li>\n<\/ul>\n","protected":false},"featured_media":8515,"comment_status":"open","ping_status":"closed","template":"","meta":[],"product_cat":[1292,1229],"product_tag":[],"yoast_head":"<!-- This site is optimized with the Yoast SEO plugin v17.6 - https:\/\/yoast.com\/wordpress\/plugins\/seo\/ -->\n<title>H\u1ea1t Gi\u1ed1ng \u0110\u1eadu B\u1eafp T\u00edm AKANE - N\u00f4ng Ph\u00e1t<\/title>\n<meta name=\"description\" content=\"M\u00f4 t\u1ea3:\u00a0   M\u00e0u s\u1eafc qu\u1ea3 \u0111\u1ecf t\u00edm \u0111\u1eb9p m\u1eaft, thu ho\u1ea1c s\u1edbm v\u00e0 n\u0103ng su\u1ea5t cao,   \u0110\u1eb7c bi\u1ec7t th\u00edch nghi v\u1edbi th\u1eddi ti\u1ebft n\u00f3ng \u1ea9m c\u1ee7a Vi\u1ec7t Nam  Gi\u1ed1ng sinh tr\u01b0\u1edfng m\u1ea1nh, \u0111\u1ed9 \u0111\u1ed3ng \u0111i\u1ec1u cao  Ch\u1ee9a m\u1ed9t s\u1ed1 ch\u1ea5t dinh d\u01b0\u1ee1ng m\u00e0 trong \u0111\u1eadu b\u1eafp xanh kh\u00f4ng h\u1ec1 c\u00f3  Gi\u1ed1ng Nh\u1eadt B\u1ea3n F1 Hyprid  T\u1ef7 l\u1ec7 n\u1ea3y m\u1ea7m: &gt; 85%  K\u00edch th\u01b0\u1edbc: Thu ho\u1ea1ch t\u1eeb 8cm, khi l\u1edbn \u0111\u1ebfn 12cm v\u1eabn m\u1ec1m ngon  Th\u1eddi gian thu ho\u1ea1ch: 35 - 40 ng\u00e0y thu l\u1ee9a \u0111\u1ea7u ti\u00ean  Th\u1eddi v\u1ee5 tr\u1ed3ng: quanh n\u0103m\" \/>\n<meta name=\"robots\" content=\"index, follow, max-snippet:-1, max-image-preview:large, max-video-preview:-1\" \/>\n<link rel=\"canonical\" href=\"https:\/\/nongphat.com.vn\/en\/san-pham\/hat-giong-dau-bap-tim-teida\/\" \/>\n<meta property=\"og:locale\" content=\"en_US\" \/>\n<meta property=\"og:type\" content=\"article\" \/>\n<meta property=\"og:title\" content=\"H\u1ea1t Gi\u1ed1ng \u0110\u1eadu B\u1eafp T\u00edm AKANE - N\u00f4ng Ph\u00e1t\" \/>\n<meta property=\"og:description\" content=\"M\u00f4 t\u1ea3:\u00a0   M\u00e0u s\u1eafc qu\u1ea3 \u0111\u1ecf t\u00edm \u0111\u1eb9p m\u1eaft, thu ho\u1ea1c s\u1edbm v\u00e0 n\u0103ng su\u1ea5t cao,   \u0110\u1eb7c bi\u1ec7t th\u00edch nghi v\u1edbi th\u1eddi ti\u1ebft n\u00f3ng \u1ea9m c\u1ee7a Vi\u1ec7t Nam  Gi\u1ed1ng sinh tr\u01b0\u1edfng m\u1ea1nh, \u0111\u1ed9 \u0111\u1ed3ng \u0111i\u1ec1u cao  Ch\u1ee9a m\u1ed9t s\u1ed1 ch\u1ea5t dinh d\u01b0\u1ee1ng m\u00e0 trong \u0111\u1eadu b\u1eafp xanh kh\u00f4ng h\u1ec1 c\u00f3  Gi\u1ed1ng Nh\u1eadt B\u1ea3n F1 Hyprid  T\u1ef7 l\u1ec7 n\u1ea3y m\u1ea7m: &gt; 85%  K\u00edch th\u01b0\u1edbc: Thu ho\u1ea1ch t\u1eeb 8cm, khi l\u1edbn \u0111\u1ebfn 12cm v\u1eabn m\u1ec1m ngon  Th\u1eddi gian thu ho\u1ea1ch: 35 - 40 ng\u00e0y thu l\u1ee9a \u0111\u1ea7u ti\u00ean  Th\u1eddi v\u1ee5 tr\u1ed3ng: quanh n\u0103m\" \/>\n<meta property=\"og:url\" content=\"https:\/\/nongphat.com.vn\/san-pham\/hat-giong-dau-bap-tim-teida\/\" \/>\n<meta property=\"og:site_name\" content=\"N\u00f4ng Ph\u00e1t\" \/>\n<meta property=\"article:publisher\" content=\"https:\/\/www.facebook.com\/NONG.PHAT.Melon\" \/>\n<meta property=\"article:modified_time\" content=\"2023-09-08T08:27:01+00:00\" \/>\n<meta property=\"og:image\" content=\"https:\/\/nongphat.com.vn\/wp-content\/uploads\/2022\/09\/da\u0323\u0302u-ba\u0306\u0301p-Akane.jpg\" \/>\n\t<meta property=\"og:image:width\" content=\"1064\" \/>\n\t<meta property=\"og:image:height\" content=\"1063\" \/>\n<meta name=\"twitter:card\" content=\"summary_large_image\" \/>\n<script type=\"application\/ld+json\" class=\"yoast-schema-graph\">{\"@context\":\"https:\/\/schema.org\",\"@graph\":[{\"@type\":\"Organization\",\"@id\":\"https:\/\/nongphat.com.vn\/#organization\",\"name\":\"H\\u1ea1t Gi\\u1ed1ng Nh\\u1eadt B\\u1ea3n - N\\u00f4ng Ph\\u00e1t Farm\",\"url\":\"https:\/\/nongphat.com.vn\/\",\"sameAs\":[\"https:\/\/www.facebook.com\/NONG.PHAT.Melon\",\"https:\/\/www.instagram.com\/nongphatfarm\/\",\"https:\/\/www.youtube.com\/channel\/UCrgCTZ6Dmvhys0bbs6kXycg\"],\"logo\":{\"@type\":\"ImageObject\",\"@id\":\"https:\/\/nongphat.com.vn\/#logo\",\"inLanguage\":\"en\",\"url\":\"https:\/\/nongphat.com.vn\/wp-content\/uploads\/2021\/06\/logo-nong-phat.jpg\",\"contentUrl\":\"https:\/\/nongphat.com.vn\/wp-content\/uploads\/2021\/06\/logo-nong-phat.jpg\",\"width\":1578,\"height\":1578,\"caption\":\"H\\u1ea1t Gi\\u1ed1ng Nh\\u1eadt B\\u1ea3n - N\\u00f4ng Ph\\u00e1t Farm\"},\"image\":{\"@id\":\"https:\/\/nongphat.com.vn\/#logo\"}},{\"@type\":\"WebSite\",\"@id\":\"https:\/\/nongphat.com.vn\/#website\",\"url\":\"https:\/\/nongphat.com.vn\/\",\"name\":\"N\\u00f4ng Ph\\u00e1t\",\"description\":\"H\\u1ea1t gi\\u1ed1ng Nh\\u1eadt B\\u1ea3n - N\\u00f4ng Ph\\u00e1t Farm\",\"publisher\":{\"@id\":\"https:\/\/nongphat.com.vn\/#organization\"},\"potentialAction\":[{\"@type\":\"SearchAction\",\"target\":{\"@type\":\"EntryPoint\",\"urlTemplate\":\"https:\/\/nongphat.com.vn\/?s={search_term_string}\"},\"query-input\":\"required name=search_term_string\"}],\"inLanguage\":\"en\"},{\"@type\":\"ImageObject\",\"@id\":\"https:\/\/nongphat.com.vn\/san-pham\/hat-giong-dau-bap-tim-teida\/#primaryimage\",\"inLanguage\":\"en\",\"url\":\"https:\/\/nongphat.com.vn\/wp-content\/uploads\/2022\/09\/da\\u0323\\u0302u-ba\\u0306\\u0301p-Akane.jpg\",\"contentUrl\":\"https:\/\/nongphat.com.vn\/wp-content\/uploads\/2022\/09\/da\\u0323\\u0302u-ba\\u0306\\u0301p-Akane.jpg\",\"width\":1064,\"height\":1063},{\"@type\":\"WebPage\",\"@id\":\"https:\/\/nongphat.com.vn\/san-pham\/hat-giong-dau-bap-tim-teida\/#webpage\",\"url\":\"https:\/\/nongphat.com.vn\/san-pham\/hat-giong-dau-bap-tim-teida\/\",\"name\":\"H\\u1ea1t Gi\\u1ed1ng \\u0110\\u1eadu B\\u1eafp T\\u00edm AKANE - N\\u00f4ng Ph\\u00e1t\",\"isPartOf\":{\"@id\":\"https:\/\/nongphat.com.vn\/#website\"},\"primaryImageOfPage\":{\"@id\":\"https:\/\/nongphat.com.vn\/san-pham\/hat-giong-dau-bap-tim-teida\/#primaryimage\"},\"datePublished\":\"2022-09-22T11:17:07+00:00\",\"dateModified\":\"2023-09-08T08:27:01+00:00\",\"description\":\"M\\u00f4 t\\u1ea3:\\u00a0 M\\u00e0u s\\u1eafc qu\\u1ea3 \\u0111\\u1ecf t\\u00edm \\u0111\\u1eb9p m\\u1eaft, thu ho\\u1ea1c s\\u1edbm v\\u00e0 n\\u0103ng su\\u1ea5t cao, \\u0110\\u1eb7c bi\\u1ec7t th\\u00edch nghi v\\u1edbi th\\u1eddi ti\\u1ebft n\\u00f3ng \\u1ea9m c\\u1ee7a Vi\\u1ec7t Nam Gi\\u1ed1ng sinh tr\\u01b0\\u1edfng m\\u1ea1nh, \\u0111\\u1ed9 \\u0111\\u1ed3ng \\u0111i\\u1ec1u cao Ch\\u1ee9a m\\u1ed9t s\\u1ed1 ch\\u1ea5t dinh d\\u01b0\\u1ee1ng m\\u00e0 trong \\u0111\\u1eadu b\\u1eafp xanh kh\\u00f4ng h\\u1ec1 c\\u00f3 Gi\\u1ed1ng Nh\\u1eadt B\\u1ea3n F1 Hyprid T\\u1ef7 l\\u1ec7 n\\u1ea3y m\\u1ea7m: &gt; 85% K\\u00edch th\\u01b0\\u1edbc: Thu ho\\u1ea1ch t\\u1eeb 8cm, khi l\\u1edbn \\u0111\\u1ebfn 12cm v\\u1eabn m\\u1ec1m ngon Th\\u1eddi gian thu ho\\u1ea1ch: 35 - 40 ng\\u00e0y thu l\\u1ee9a \\u0111\\u1ea7u ti\\u00ean Th\\u1eddi v\\u1ee5 tr\\u1ed3ng: quanh n\\u0103m\",\"breadcrumb\":{\"@id\":\"https:\/\/nongphat.com.vn\/san-pham\/hat-giong-dau-bap-tim-teida\/#breadcrumb\"},\"inLanguage\":\"en\",\"potentialAction\":[{\"@type\":\"ReadAction\",\"target\":[\"https:\/\/nongphat.com.vn\/san-pham\/hat-giong-dau-bap-tim-teida\/\"]}]},{\"@type\":\"BreadcrumbList\",\"@id\":\"https:\/\/nongphat.com.vn\/san-pham\/hat-giong-dau-bap-tim-teida\/#breadcrumb\",\"itemListElement\":[{\"@type\":\"ListItem\",\"position\":1,\"name\":\"Home\",\"item\":\"https:\/\/nongphat.com.vn\/en\/\"},{\"@type\":\"ListItem\",\"position\":2,\"name\":\"Products\",\"item\":\"https:\/\/nongphat.com.vn\/en\/cua-hang\/\"},{\"@type\":\"ListItem\",\"position\":3,\"name\":\"H\\u1ea1t Gi\\u1ed1ng \\u0110\\u1eadu B\\u1eafp T\\u00edm AKANE\"}]}]}<\/script>\n<!-- \/ Yoast SEO plugin. -->","yoast_head_json":{"title":"H\u1ea1t Gi\u1ed1ng \u0110\u1eadu B\u1eafp T\u00edm AKANE - N\u00f4ng Ph\u00e1t","description":"M\u00f4 t\u1ea3:\u00a0   M\u00e0u s\u1eafc qu\u1ea3 \u0111\u1ecf t\u00edm \u0111\u1eb9p m\u1eaft, thu ho\u1ea1c s\u1edbm v\u00e0 n\u0103ng su\u1ea5t cao,   \u0110\u1eb7c bi\u1ec7t th\u00edch nghi v\u1edbi th\u1eddi ti\u1ebft n\u00f3ng \u1ea9m c\u1ee7a Vi\u1ec7t Nam  Gi\u1ed1ng sinh tr\u01b0\u1edfng m\u1ea1nh, \u0111\u1ed9 \u0111\u1ed3ng \u0111i\u1ec1u cao  Ch\u1ee9a m\u1ed9t s\u1ed1 ch\u1ea5t dinh d\u01b0\u1ee1ng m\u00e0 trong \u0111\u1eadu b\u1eafp xanh kh\u00f4ng h\u1ec1 c\u00f3  Gi\u1ed1ng Nh\u1eadt B\u1ea3n F1 Hyprid  T\u1ef7 l\u1ec7 n\u1ea3y m\u1ea7m: &gt; 85%  K\u00edch th\u01b0\u1edbc: Thu ho\u1ea1ch t\u1eeb 8cm, khi l\u1edbn \u0111\u1ebfn 12cm v\u1eabn m\u1ec1m ngon  Th\u1eddi gian thu ho\u1ea1ch: 35 - 40 ng\u00e0y thu l\u1ee9a \u0111\u1ea7u ti\u00ean  Th\u1eddi v\u1ee5 tr\u1ed3ng: quanh n\u0103m","robots":{"index":"index","follow":"follow","max-snippet":"max-snippet:-1","max-image-preview":"max-image-preview:large","max-video-preview":"max-video-preview:-1"},"canonical":"https:\/\/nongphat.com.vn\/en\/san-pham\/hat-giong-dau-bap-tim-teida\/","og_locale":"en_US","og_type":"article","og_title":"H\u1ea1t Gi\u1ed1ng \u0110\u1eadu B\u1eafp T\u00edm AKANE - N\u00f4ng Ph\u00e1t","og_description":"M\u00f4 t\u1ea3:\u00a0   M\u00e0u s\u1eafc qu\u1ea3 \u0111\u1ecf t\u00edm \u0111\u1eb9p m\u1eaft, thu ho\u1ea1c s\u1edbm v\u00e0 n\u0103ng su\u1ea5t cao,   \u0110\u1eb7c bi\u1ec7t th\u00edch nghi v\u1edbi th\u1eddi ti\u1ebft n\u00f3ng \u1ea9m c\u1ee7a Vi\u1ec7t Nam  Gi\u1ed1ng sinh tr\u01b0\u1edfng m\u1ea1nh, \u0111\u1ed9 \u0111\u1ed3ng \u0111i\u1ec1u cao  Ch\u1ee9a m\u1ed9t s\u1ed1 ch\u1ea5t dinh d\u01b0\u1ee1ng m\u00e0 trong \u0111\u1eadu b\u1eafp xanh kh\u00f4ng h\u1ec1 c\u00f3  Gi\u1ed1ng Nh\u1eadt B\u1ea3n F1 Hyprid  T\u1ef7 l\u1ec7 n\u1ea3y m\u1ea7m: &gt; 85%  K\u00edch th\u01b0\u1edbc: Thu ho\u1ea1ch t\u1eeb 8cm, khi l\u1edbn \u0111\u1ebfn 12cm v\u1eabn m\u1ec1m ngon  Th\u1eddi gian thu ho\u1ea1ch: 35 - 40 ng\u00e0y thu l\u1ee9a \u0111\u1ea7u ti\u00ean  Th\u1eddi v\u1ee5 tr\u1ed3ng: quanh n\u0103m","og_url":"https:\/\/nongphat.com.vn\/san-pham\/hat-giong-dau-bap-tim-teida\/","og_site_name":"N\u00f4ng Ph\u00e1t","article_publisher":"https:\/\/www.facebook.com\/NONG.PHAT.Melon","article_modified_time":"2023-09-08T08:27:01+00:00","og_image":[{"width":1064,"height":1063,"url":"https:\/\/nongphat.com.vn\/wp-content\/uploads\/2022\/09\/da\u0323\u0302u-ba\u0306\u0301p-Akane.jpg","type":"image\/jpeg"}],"twitter_card":"summary_large_image","schema":{"@context":"https:\/\/schema.org","@graph":[{"@type":"Organization","@id":"https:\/\/nongphat.com.vn\/#organization","name":"H\u1ea1t Gi\u1ed1ng Nh\u1eadt B\u1ea3n - N\u00f4ng Ph\u00e1t Farm","url":"https:\/\/nongphat.com.vn\/","sameAs":["https:\/\/www.facebook.com\/NONG.PHAT.Melon","https:\/\/www.instagram.com\/nongphatfarm\/","https:\/\/www.youtube.com\/channel\/UCrgCTZ6Dmvhys0bbs6kXycg"],"logo":{"@type":"ImageObject","@id":"https:\/\/nongphat.com.vn\/#logo","inLanguage":"en","url":"https:\/\/nongphat.com.vn\/wp-content\/uploads\/2021\/06\/logo-nong-phat.jpg","contentUrl":"https:\/\/nongphat.com.vn\/wp-content\/uploads\/2021\/06\/logo-nong-phat.jpg","width":1578,"height":1578,"caption":"H\u1ea1t Gi\u1ed1ng Nh\u1eadt B\u1ea3n - N\u00f4ng Ph\u00e1t Farm"},"image":{"@id":"https:\/\/nongphat.com.vn\/#logo"}},{"@type":"WebSite","@id":"https:\/\/nongphat.com.vn\/#website","url":"https:\/\/nongphat.com.vn\/","name":"N\u00f4ng Ph\u00e1t","description":"H\u1ea1t gi\u1ed1ng Nh\u1eadt B\u1ea3n - N\u00f4ng Ph\u00e1t Farm","publisher":{"@id":"https:\/\/nongphat.com.vn\/#organization"},"potentialAction":[{"@type":"SearchAction","target":{"@type":"EntryPoint","urlTemplate":"https:\/\/nongphat.com.vn\/?s={search_term_string}"},"query-input":"required name=search_term_string"}],"inLanguage":"en"},{"@type":"ImageObject","@id":"https:\/\/nongphat.com.vn\/san-pham\/hat-giong-dau-bap-tim-teida\/#primaryimage","inLanguage":"en","url":"https:\/\/nongphat.com.vn\/wp-content\/uploads\/2022\/09\/da\u0323\u0302u-ba\u0306\u0301p-Akane.jpg","contentUrl":"https:\/\/nongphat.com.vn\/wp-content\/uploads\/2022\/09\/da\u0323\u0302u-ba\u0306\u0301p-Akane.jpg","width":1064,"height":1063},{"@type":"WebPage","@id":"https:\/\/nongphat.com.vn\/san-pham\/hat-giong-dau-bap-tim-teida\/#webpage","url":"https:\/\/nongphat.com.vn\/san-pham\/hat-giong-dau-bap-tim-teida\/","name":"H\u1ea1t Gi\u1ed1ng \u0110\u1eadu B\u1eafp T\u00edm AKANE - N\u00f4ng Ph\u00e1t","isPartOf":{"@id":"https:\/\/nongphat.com.vn\/#website"},"primaryImageOfPage":{"@id":"https:\/\/nongphat.com.vn\/san-pham\/hat-giong-dau-bap-tim-teida\/#primaryimage"},"datePublished":"2022-09-22T11:17:07+00:00","dateModified":"2023-09-08T08:27:01+00:00","description":"M\u00f4 t\u1ea3:\u00a0 M\u00e0u s\u1eafc qu\u1ea3 \u0111\u1ecf t\u00edm \u0111\u1eb9p m\u1eaft, thu ho\u1ea1c s\u1edbm v\u00e0 n\u0103ng su\u1ea5t cao, \u0110\u1eb7c bi\u1ec7t th\u00edch nghi v\u1edbi th\u1eddi ti\u1ebft n\u00f3ng \u1ea9m c\u1ee7a Vi\u1ec7t Nam Gi\u1ed1ng sinh tr\u01b0\u1edfng m\u1ea1nh, \u0111\u1ed9 \u0111\u1ed3ng \u0111i\u1ec1u cao Ch\u1ee9a m\u1ed9t s\u1ed1 ch\u1ea5t dinh d\u01b0\u1ee1ng m\u00e0 trong \u0111\u1eadu b\u1eafp xanh kh\u00f4ng h\u1ec1 c\u00f3 Gi\u1ed1ng Nh\u1eadt B\u1ea3n F1 Hyprid T\u1ef7 l\u1ec7 n\u1ea3y m\u1ea7m: &gt; 85% K\u00edch th\u01b0\u1edbc: Thu ho\u1ea1ch t\u1eeb 8cm, khi l\u1edbn \u0111\u1ebfn 12cm v\u1eabn m\u1ec1m ngon Th\u1eddi gian thu ho\u1ea1ch: 35 - 40 ng\u00e0y thu l\u1ee9a \u0111\u1ea7u ti\u00ean Th\u1eddi v\u1ee5 tr\u1ed3ng: quanh n\u0103m","breadcrumb":{"@id":"https:\/\/nongphat.com.vn\/san-pham\/hat-giong-dau-bap-tim-teida\/#breadcrumb"},"inLanguage":"en","potentialAction":[{"@type":"ReadAction","target":["https:\/\/nongphat.com.vn\/san-pham\/hat-giong-dau-bap-tim-teida\/"]}]},{"@type":"BreadcrumbList","@id":"https:\/\/nongphat.com.vn\/san-pham\/hat-giong-dau-bap-tim-teida\/#breadcrumb","itemListElement":[{"@type":"ListItem","position":1,"name":"Home","item":"https:\/\/nongphat.com.vn\/en\/"},{"@type":"ListItem","position":2,"name":"Products","item":"https:\/\/nongphat.com.vn\/en\/cua-hang\/"},{"@type":"ListItem","position":3,"name":"H\u1ea1t Gi\u1ed1ng \u0110\u1eadu B\u1eafp T\u00edm AKANE"}]}]}},"_links":{"self":[{"href":"https:\/\/nongphat.com.vn\/en\/wp-json\/wp\/v2\/product\/8514"}],"collection":[{"href":"https:\/\/nongphat.com.vn\/en\/wp-json\/wp\/v2\/product"}],"about":[{"href":"https:\/\/nongphat.com.vn\/en\/wp-json\/wp\/v2\/types\/product"}],"replies":[{"embeddable":true,"href":"https:\/\/nongphat.com.vn\/en\/wp-json\/wp\/v2\/comments?post=8514"}],"wp:featuredmedia":[{"embeddable":true,"href":"https:\/\/nongphat.com.vn\/en\/wp-json\/wp\/v2\/media\/8515"}],"wp:attachment":[{"href":"https:\/\/nongphat.com.vn\/en\/wp-json\/wp\/v2\/media?parent=8514"}],"wp:term":[{"taxonomy":"product_cat","embeddable":true,"href":"https:\/\/nongphat.com.vn\/en\/wp-json\/wp\/v2\/product_cat?post=8514"},{"taxonomy":"product_tag","embeddable":true,"href":"https:\/\/nongphat.com.vn\/en\/wp-json\/wp\/v2\/product_tag?post=8514"}],"curies":[{"name":"wp","href":"https:\/\/api.w.org\/{rel}","templated":true}]}}