{"id":8489,"date":"2022-09-22T17:59:26","date_gmt":"2022-09-22T10:59:26","guid":{"rendered":"https:\/\/nongphat.com.vn\/?post_type=product&#038;p=8489"},"modified":"2023-09-08T14:39:36","modified_gmt":"2023-09-08T07:39:36","slug":"hat-giong-cai-thia-trang-cc-02","status":"publish","type":"product","link":"https:\/\/nongphat.com.vn\/jap\/san-pham\/hat-giong-cai-thia-trang-cc-02\/","title":{"rendered":"H\u1ea1t Gi\u1ed1ng C\u1ea3i Th\u00eca Tr\u1eafng CC-02"},"content":{"rendered":"","protected":false},"excerpt":{"rendered":"<p><strong><span style=\"font-size: 130%; color: #f99b1c;\">M\u00f4 t\u1ea3:\u00a0<\/span><\/strong><\/p>\n<ul>\n<li><span style=\"color: #000000;\">B\u1eb9 c\u1ea3i m\u00e0u tr\u1eafng, th\u00e2n b\u1eb9 cao trung b\u00ecnh, t\u00e1n l\u00e1 c\u00f3 r\u1ed9ng c\u00f3 m\u00e0u xanh th\u1eabm nhi\u1ec1u dinh d\u01b0\u1ee1ng, c\u00e2y to kh\u1ecfe cho n\u0103ng su\u1ea5t cao<\/span><\/li>\n<li><span style=\"color: #000000;\">Gi\u1ed1ng ch\u1ecbu nhi\u1ec7t t\u1ed1t, sinh tr\u01b0\u1edfng v\u00e0 ph\u00e1t tri\u1ec3n \u0111\u01b0\u1ee3c \u1edf c\u1ea3 v\u00f9ng n\u00f3ng v\u00e0 v\u00f9ng l\u1ea1nh<\/span><\/li>\n<li><span style=\"color: #000000;\">T\u1ec9 l\u1ec7 n\u1ea3y m\u1ea7m cao, h\u1ea1t n\u1ea3y m\u1ea7m \u0111\u1ed3ng \u0111\u1ec1u, n\u0103ng su\u1ea5t t\u1ed1t.<\/span><\/li>\n<li><span style=\"color: #000000;\">Gi\u1ed1ng C\u1ea3i Th\u00eca F1 Hyprid<\/span><\/li>\n<li><span style=\"color: #000000;\">T\u1ef7 l\u1ec7 n\u1ea3y m\u1ea7m: &gt; 85%<\/span><\/li>\n<li><span style=\"color: #000000;\">Tr\u1ecdng l\u01b0\u1ee3ng: 150 &#8211; 230 gram\/c\u00e2y<\/span><\/li>\n<li><span style=\"color: #000000;\">Th\u1eddi gian thu ho\u1ea1ch: 25-30 ng\u00e0y sau khi gieo h\u1ea1t<\/span><\/li>\n<li><span style=\"color: #000000;\">Th\u1eddi v\u1ee5 tr\u1ed3ng: quanh n\u0103m<\/span><\/li>\n<\/ul>\n","protected":false},"featured_media":8490,"comment_status":"open","ping_status":"closed","template":"","meta":[],"product_cat":[1290,1230],"product_tag":[],"yoast_head":"<!-- This site is optimized with the Yoast SEO plugin v17.6 - https:\/\/yoast.com\/wordpress\/plugins\/seo\/ -->\n<title>H\u1ea1t Gi\u1ed1ng C\u1ea3i Th\u00eca Tr\u1eafng CC-02 - N\u00f4ng Ph\u00e1t<\/title>\n<meta name=\"description\" content=\"M\u00f4 t\u1ea3:\u00a0   B\u1eb9 c\u1ea3i m\u00e0u tr\u1eafng, th\u00e2n b\u1eb9 cao trung b\u00ecnh, t\u00e1n l\u00e1 c\u00f3 r\u1ed9ng c\u00f3 m\u00e0u xanh th\u1eabm nhi\u1ec1u dinh d\u01b0\u1ee1ng, c\u00e2y to kh\u1ecfe cho n\u0103ng su\u1ea5t cao  Gi\u1ed1ng ch\u1ecbu nhi\u1ec7t t\u1ed1t, sinh tr\u01b0\u1edfng v\u00e0 ph\u00e1t tri\u1ec3n \u0111\u01b0\u1ee3c \u1edf c\u1ea3 v\u00f9ng n\u00f3ng v\u00e0 v\u00f9ng l\u1ea1nh  T\u1ec9 l\u1ec7 n\u1ea3y m\u1ea7m cao, h\u1ea1t n\u1ea3y m\u1ea7m \u0111\u1ed3ng \u0111\u1ec1u, n\u0103ng su\u1ea5t t\u1ed1t.  Gi\u1ed1ng C\u1ea3i Th\u00eca F1 Hyprid  T\u1ef7 l\u1ec7 n\u1ea3y m\u1ea7m: &gt; 85%  Tr\u1ecdng l\u01b0\u1ee3ng: 150 - 230 gram\/c\u00e2y  Th\u1eddi gian thu ho\u1ea1ch: 25-30 ng\u00e0y sau khi gieo h\u1ea1t  Th\u1eddi v\u1ee5 tr\u1ed3ng: quanh n\u0103m\" \/>\n<meta name=\"robots\" content=\"index, follow, max-snippet:-1, max-image-preview:large, max-video-preview:-1\" \/>\n<link rel=\"canonical\" href=\"https:\/\/nongphat.com.vn\/jap\/san-pham\/hat-giong-cai-thia-trang-cc-02\/\" \/>\n<meta property=\"og:locale\" content=\"en_US\" \/>\n<meta property=\"og:type\" content=\"article\" \/>\n<meta property=\"og:title\" content=\"H\u1ea1t Gi\u1ed1ng C\u1ea3i Th\u00eca Tr\u1eafng CC-02 - N\u00f4ng Ph\u00e1t\" \/>\n<meta property=\"og:description\" content=\"M\u00f4 t\u1ea3:\u00a0   B\u1eb9 c\u1ea3i m\u00e0u tr\u1eafng, th\u00e2n b\u1eb9 cao trung b\u00ecnh, t\u00e1n l\u00e1 c\u00f3 r\u1ed9ng c\u00f3 m\u00e0u xanh th\u1eabm nhi\u1ec1u dinh d\u01b0\u1ee1ng, c\u00e2y to kh\u1ecfe cho n\u0103ng su\u1ea5t cao  Gi\u1ed1ng ch\u1ecbu nhi\u1ec7t t\u1ed1t, sinh tr\u01b0\u1edfng v\u00e0 ph\u00e1t tri\u1ec3n \u0111\u01b0\u1ee3c \u1edf c\u1ea3 v\u00f9ng n\u00f3ng v\u00e0 v\u00f9ng l\u1ea1nh  T\u1ec9 l\u1ec7 n\u1ea3y m\u1ea7m cao, h\u1ea1t n\u1ea3y m\u1ea7m \u0111\u1ed3ng \u0111\u1ec1u, n\u0103ng su\u1ea5t t\u1ed1t.  Gi\u1ed1ng C\u1ea3i Th\u00eca F1 Hyprid  T\u1ef7 l\u1ec7 n\u1ea3y m\u1ea7m: &gt; 85%  Tr\u1ecdng l\u01b0\u1ee3ng: 150 - 230 gram\/c\u00e2y  Th\u1eddi gian thu ho\u1ea1ch: 25-30 ng\u00e0y sau khi gieo h\u1ea1t  Th\u1eddi v\u1ee5 tr\u1ed3ng: quanh n\u0103m\" \/>\n<meta property=\"og:url\" content=\"https:\/\/nongphat.com.vn\/san-pham\/hat-giong-cai-thia-trang-cc-02\/\" \/>\n<meta property=\"og:site_name\" content=\"N\u00f4ng Ph\u00e1t\" \/>\n<meta property=\"article:publisher\" content=\"https:\/\/www.facebook.com\/NONG.PHAT.Melon\" \/>\n<meta property=\"article:modified_time\" content=\"2023-09-08T07:39:36+00:00\" \/>\n<meta property=\"og:image\" content=\"https:\/\/nongphat.com.vn\/wp-content\/uploads\/2022\/09\/ca\u0309i-thi\u0300a-cc-02.jpg\" \/>\n\t<meta property=\"og:image:width\" content=\"1064\" \/>\n\t<meta property=\"og:image:height\" content=\"1064\" \/>\n<meta name=\"twitter:card\" content=\"summary_large_image\" \/>\n<script type=\"application\/ld+json\" class=\"yoast-schema-graph\">{\"@context\":\"https:\/\/schema.org\",\"@graph\":[{\"@type\":\"Organization\",\"@id\":\"https:\/\/nongphat.com.vn\/#organization\",\"name\":\"H\\u1ea1t Gi\\u1ed1ng Nh\\u1eadt B\\u1ea3n - N\\u00f4ng Ph\\u00e1t Farm\",\"url\":\"https:\/\/nongphat.com.vn\/\",\"sameAs\":[\"https:\/\/www.facebook.com\/NONG.PHAT.Melon\",\"https:\/\/www.instagram.com\/nongphatfarm\/\",\"https:\/\/www.youtube.com\/channel\/UCrgCTZ6Dmvhys0bbs6kXycg\"],\"logo\":{\"@type\":\"ImageObject\",\"@id\":\"https:\/\/nongphat.com.vn\/#logo\",\"inLanguage\":\"jap\",\"url\":\"https:\/\/nongphat.com.vn\/wp-content\/uploads\/2021\/06\/logo-nong-phat.jpg\",\"contentUrl\":\"https:\/\/nongphat.com.vn\/wp-content\/uploads\/2021\/06\/logo-nong-phat.jpg\",\"width\":1578,\"height\":1578,\"caption\":\"H\\u1ea1t Gi\\u1ed1ng Nh\\u1eadt B\\u1ea3n - N\\u00f4ng Ph\\u00e1t Farm\"},\"image\":{\"@id\":\"https:\/\/nongphat.com.vn\/#logo\"}},{\"@type\":\"WebSite\",\"@id\":\"https:\/\/nongphat.com.vn\/#website\",\"url\":\"https:\/\/nongphat.com.vn\/\",\"name\":\"N\\u00f4ng Ph\\u00e1t\",\"description\":\"H\\u1ea1t gi\\u1ed1ng Nh\\u1eadt B\\u1ea3n - N\\u00f4ng Ph\\u00e1t Farm\",\"publisher\":{\"@id\":\"https:\/\/nongphat.com.vn\/#organization\"},\"potentialAction\":[{\"@type\":\"SearchAction\",\"target\":{\"@type\":\"EntryPoint\",\"urlTemplate\":\"https:\/\/nongphat.com.vn\/?s={search_term_string}\"},\"query-input\":\"required name=search_term_string\"}],\"inLanguage\":\"jap\"},{\"@type\":\"ImageObject\",\"@id\":\"https:\/\/nongphat.com.vn\/san-pham\/hat-giong-cai-thia-trang-cc-02\/#primaryimage\",\"inLanguage\":\"jap\",\"url\":\"https:\/\/nongphat.com.vn\/wp-content\/uploads\/2022\/09\/ca\\u0309i-thi\\u0300a-cc-02.jpg\",\"contentUrl\":\"https:\/\/nongphat.com.vn\/wp-content\/uploads\/2022\/09\/ca\\u0309i-thi\\u0300a-cc-02.jpg\",\"width\":1064,\"height\":1064},{\"@type\":\"WebPage\",\"@id\":\"https:\/\/nongphat.com.vn\/san-pham\/hat-giong-cai-thia-trang-cc-02\/#webpage\",\"url\":\"https:\/\/nongphat.com.vn\/san-pham\/hat-giong-cai-thia-trang-cc-02\/\",\"name\":\"H\\u1ea1t Gi\\u1ed1ng C\\u1ea3i Th\\u00eca Tr\\u1eafng CC-02 - N\\u00f4ng Ph\\u00e1t\",\"isPartOf\":{\"@id\":\"https:\/\/nongphat.com.vn\/#website\"},\"primaryImageOfPage\":{\"@id\":\"https:\/\/nongphat.com.vn\/san-pham\/hat-giong-cai-thia-trang-cc-02\/#primaryimage\"},\"datePublished\":\"2022-09-22T10:59:26+00:00\",\"dateModified\":\"2023-09-08T07:39:36+00:00\",\"description\":\"M\\u00f4 t\\u1ea3:\\u00a0 B\\u1eb9 c\\u1ea3i m\\u00e0u tr\\u1eafng, th\\u00e2n b\\u1eb9 cao trung b\\u00ecnh, t\\u00e1n l\\u00e1 c\\u00f3 r\\u1ed9ng c\\u00f3 m\\u00e0u xanh th\\u1eabm nhi\\u1ec1u dinh d\\u01b0\\u1ee1ng, c\\u00e2y to kh\\u1ecfe cho n\\u0103ng su\\u1ea5t cao Gi\\u1ed1ng ch\\u1ecbu nhi\\u1ec7t t\\u1ed1t, sinh tr\\u01b0\\u1edfng v\\u00e0 ph\\u00e1t tri\\u1ec3n \\u0111\\u01b0\\u1ee3c \\u1edf c\\u1ea3 v\\u00f9ng n\\u00f3ng v\\u00e0 v\\u00f9ng l\\u1ea1nh T\\u1ec9 l\\u1ec7 n\\u1ea3y m\\u1ea7m cao, h\\u1ea1t n\\u1ea3y m\\u1ea7m \\u0111\\u1ed3ng \\u0111\\u1ec1u, n\\u0103ng su\\u1ea5t t\\u1ed1t. Gi\\u1ed1ng C\\u1ea3i Th\\u00eca F1 Hyprid T\\u1ef7 l\\u1ec7 n\\u1ea3y m\\u1ea7m: &gt; 85% Tr\\u1ecdng l\\u01b0\\u1ee3ng: 150 - 230 gram\/c\\u00e2y Th\\u1eddi gian thu ho\\u1ea1ch: 25-30 ng\\u00e0y sau khi gieo h\\u1ea1t Th\\u1eddi v\\u1ee5 tr\\u1ed3ng: quanh n\\u0103m\",\"breadcrumb\":{\"@id\":\"https:\/\/nongphat.com.vn\/san-pham\/hat-giong-cai-thia-trang-cc-02\/#breadcrumb\"},\"inLanguage\":\"jap\",\"potentialAction\":[{\"@type\":\"ReadAction\",\"target\":[\"https:\/\/nongphat.com.vn\/san-pham\/hat-giong-cai-thia-trang-cc-02\/\"]}]},{\"@type\":\"BreadcrumbList\",\"@id\":\"https:\/\/nongphat.com.vn\/san-pham\/hat-giong-cai-thia-trang-cc-02\/#breadcrumb\",\"itemListElement\":[{\"@type\":\"ListItem\",\"position\":1,\"name\":\"\\u30db\\u30fc\\u30e0\\u30da\\u30fc\\u30b8\",\"item\":\"https:\/\/nongphat.com.vn\/jap\/\"},{\"@type\":\"ListItem\",\"position\":2,\"name\":\"\\u5546\\u54c1\\u4e00\\u89a7\",\"item\":\"https:\/\/nongphat.com.vn\/jap\/cua-hang\/\"},{\"@type\":\"ListItem\",\"position\":3,\"name\":\"H\\u1ea1t Gi\\u1ed1ng C\\u1ea3i Th\\u00eca Tr\\u1eafng CC-02\"}]}]}<\/script>\n<!-- \/ Yoast SEO plugin. -->","yoast_head_json":{"title":"H\u1ea1t Gi\u1ed1ng C\u1ea3i Th\u00eca Tr\u1eafng CC-02 - N\u00f4ng Ph\u00e1t","description":"M\u00f4 t\u1ea3:\u00a0   B\u1eb9 c\u1ea3i m\u00e0u tr\u1eafng, th\u00e2n b\u1eb9 cao trung b\u00ecnh, t\u00e1n l\u00e1 c\u00f3 r\u1ed9ng c\u00f3 m\u00e0u xanh th\u1eabm nhi\u1ec1u dinh d\u01b0\u1ee1ng, c\u00e2y to kh\u1ecfe cho n\u0103ng su\u1ea5t cao  Gi\u1ed1ng ch\u1ecbu nhi\u1ec7t t\u1ed1t, sinh tr\u01b0\u1edfng v\u00e0 ph\u00e1t tri\u1ec3n \u0111\u01b0\u1ee3c \u1edf c\u1ea3 v\u00f9ng n\u00f3ng v\u00e0 v\u00f9ng l\u1ea1nh  T\u1ec9 l\u1ec7 n\u1ea3y m\u1ea7m cao, h\u1ea1t n\u1ea3y m\u1ea7m \u0111\u1ed3ng \u0111\u1ec1u, n\u0103ng su\u1ea5t t\u1ed1t.  Gi\u1ed1ng C\u1ea3i Th\u00eca F1 Hyprid  T\u1ef7 l\u1ec7 n\u1ea3y m\u1ea7m: &gt; 85%  Tr\u1ecdng l\u01b0\u1ee3ng: 150 - 230 gram\/c\u00e2y  Th\u1eddi gian thu ho\u1ea1ch: 25-30 ng\u00e0y sau khi gieo h\u1ea1t  Th\u1eddi v\u1ee5 tr\u1ed3ng: quanh n\u0103m","robots":{"index":"index","follow":"follow","max-snippet":"max-snippet:-1","max-image-preview":"max-image-preview:large","max-video-preview":"max-video-preview:-1"},"canonical":"https:\/\/nongphat.com.vn\/jap\/san-pham\/hat-giong-cai-thia-trang-cc-02\/","og_locale":"en_US","og_type":"article","og_title":"H\u1ea1t Gi\u1ed1ng C\u1ea3i Th\u00eca Tr\u1eafng CC-02 - N\u00f4ng Ph\u00e1t","og_description":"M\u00f4 t\u1ea3:\u00a0   B\u1eb9 c\u1ea3i m\u00e0u tr\u1eafng, th\u00e2n b\u1eb9 cao trung b\u00ecnh, t\u00e1n l\u00e1 c\u00f3 r\u1ed9ng c\u00f3 m\u00e0u xanh th\u1eabm nhi\u1ec1u dinh d\u01b0\u1ee1ng, c\u00e2y to kh\u1ecfe cho n\u0103ng su\u1ea5t cao  Gi\u1ed1ng ch\u1ecbu nhi\u1ec7t t\u1ed1t, sinh tr\u01b0\u1edfng v\u00e0 ph\u00e1t tri\u1ec3n \u0111\u01b0\u1ee3c \u1edf c\u1ea3 v\u00f9ng n\u00f3ng v\u00e0 v\u00f9ng l\u1ea1nh  T\u1ec9 l\u1ec7 n\u1ea3y m\u1ea7m cao, h\u1ea1t n\u1ea3y m\u1ea7m \u0111\u1ed3ng \u0111\u1ec1u, n\u0103ng su\u1ea5t t\u1ed1t.  Gi\u1ed1ng C\u1ea3i Th\u00eca F1 Hyprid  T\u1ef7 l\u1ec7 n\u1ea3y m\u1ea7m: &gt; 85%  Tr\u1ecdng l\u01b0\u1ee3ng: 150 - 230 gram\/c\u00e2y  Th\u1eddi gian thu ho\u1ea1ch: 25-30 ng\u00e0y sau khi gieo h\u1ea1t  Th\u1eddi v\u1ee5 tr\u1ed3ng: quanh n\u0103m","og_url":"https:\/\/nongphat.com.vn\/san-pham\/hat-giong-cai-thia-trang-cc-02\/","og_site_name":"N\u00f4ng Ph\u00e1t","article_publisher":"https:\/\/www.facebook.com\/NONG.PHAT.Melon","article_modified_time":"2023-09-08T07:39:36+00:00","og_image":[{"width":1064,"height":1064,"url":"https:\/\/nongphat.com.vn\/wp-content\/uploads\/2022\/09\/ca\u0309i-thi\u0300a-cc-02.jpg","type":"image\/jpeg"}],"twitter_card":"summary_large_image","schema":{"@context":"https:\/\/schema.org","@graph":[{"@type":"Organization","@id":"https:\/\/nongphat.com.vn\/#organization","name":"H\u1ea1t Gi\u1ed1ng Nh\u1eadt B\u1ea3n - N\u00f4ng Ph\u00e1t Farm","url":"https:\/\/nongphat.com.vn\/","sameAs":["https:\/\/www.facebook.com\/NONG.PHAT.Melon","https:\/\/www.instagram.com\/nongphatfarm\/","https:\/\/www.youtube.com\/channel\/UCrgCTZ6Dmvhys0bbs6kXycg"],"logo":{"@type":"ImageObject","@id":"https:\/\/nongphat.com.vn\/#logo","inLanguage":"jap","url":"https:\/\/nongphat.com.vn\/wp-content\/uploads\/2021\/06\/logo-nong-phat.jpg","contentUrl":"https:\/\/nongphat.com.vn\/wp-content\/uploads\/2021\/06\/logo-nong-phat.jpg","width":1578,"height":1578,"caption":"H\u1ea1t Gi\u1ed1ng Nh\u1eadt B\u1ea3n - N\u00f4ng Ph\u00e1t Farm"},"image":{"@id":"https:\/\/nongphat.com.vn\/#logo"}},{"@type":"WebSite","@id":"https:\/\/nongphat.com.vn\/#website","url":"https:\/\/nongphat.com.vn\/","name":"N\u00f4ng Ph\u00e1t","description":"H\u1ea1t gi\u1ed1ng Nh\u1eadt B\u1ea3n - N\u00f4ng Ph\u00e1t Farm","publisher":{"@id":"https:\/\/nongphat.com.vn\/#organization"},"potentialAction":[{"@type":"SearchAction","target":{"@type":"EntryPoint","urlTemplate":"https:\/\/nongphat.com.vn\/?s={search_term_string}"},"query-input":"required name=search_term_string"}],"inLanguage":"jap"},{"@type":"ImageObject","@id":"https:\/\/nongphat.com.vn\/san-pham\/hat-giong-cai-thia-trang-cc-02\/#primaryimage","inLanguage":"jap","url":"https:\/\/nongphat.com.vn\/wp-content\/uploads\/2022\/09\/ca\u0309i-thi\u0300a-cc-02.jpg","contentUrl":"https:\/\/nongphat.com.vn\/wp-content\/uploads\/2022\/09\/ca\u0309i-thi\u0300a-cc-02.jpg","width":1064,"height":1064},{"@type":"WebPage","@id":"https:\/\/nongphat.com.vn\/san-pham\/hat-giong-cai-thia-trang-cc-02\/#webpage","url":"https:\/\/nongphat.com.vn\/san-pham\/hat-giong-cai-thia-trang-cc-02\/","name":"H\u1ea1t Gi\u1ed1ng C\u1ea3i Th\u00eca Tr\u1eafng CC-02 - N\u00f4ng Ph\u00e1t","isPartOf":{"@id":"https:\/\/nongphat.com.vn\/#website"},"primaryImageOfPage":{"@id":"https:\/\/nongphat.com.vn\/san-pham\/hat-giong-cai-thia-trang-cc-02\/#primaryimage"},"datePublished":"2022-09-22T10:59:26+00:00","dateModified":"2023-09-08T07:39:36+00:00","description":"M\u00f4 t\u1ea3:\u00a0 B\u1eb9 c\u1ea3i m\u00e0u tr\u1eafng, th\u00e2n b\u1eb9 cao trung b\u00ecnh, t\u00e1n l\u00e1 c\u00f3 r\u1ed9ng c\u00f3 m\u00e0u xanh th\u1eabm nhi\u1ec1u dinh d\u01b0\u1ee1ng, c\u00e2y to kh\u1ecfe cho n\u0103ng su\u1ea5t cao Gi\u1ed1ng ch\u1ecbu nhi\u1ec7t t\u1ed1t, sinh tr\u01b0\u1edfng v\u00e0 ph\u00e1t tri\u1ec3n \u0111\u01b0\u1ee3c \u1edf c\u1ea3 v\u00f9ng n\u00f3ng v\u00e0 v\u00f9ng l\u1ea1nh T\u1ec9 l\u1ec7 n\u1ea3y m\u1ea7m cao, h\u1ea1t n\u1ea3y m\u1ea7m \u0111\u1ed3ng \u0111\u1ec1u, n\u0103ng su\u1ea5t t\u1ed1t. Gi\u1ed1ng C\u1ea3i Th\u00eca F1 Hyprid T\u1ef7 l\u1ec7 n\u1ea3y m\u1ea7m: &gt; 85% Tr\u1ecdng l\u01b0\u1ee3ng: 150 - 230 gram\/c\u00e2y Th\u1eddi gian thu ho\u1ea1ch: 25-30 ng\u00e0y sau khi gieo h\u1ea1t Th\u1eddi v\u1ee5 tr\u1ed3ng: quanh n\u0103m","breadcrumb":{"@id":"https:\/\/nongphat.com.vn\/san-pham\/hat-giong-cai-thia-trang-cc-02\/#breadcrumb"},"inLanguage":"jap","potentialAction":[{"@type":"ReadAction","target":["https:\/\/nongphat.com.vn\/san-pham\/hat-giong-cai-thia-trang-cc-02\/"]}]},{"@type":"BreadcrumbList","@id":"https:\/\/nongphat.com.vn\/san-pham\/hat-giong-cai-thia-trang-cc-02\/#breadcrumb","itemListElement":[{"@type":"ListItem","position":1,"name":"\u30db\u30fc\u30e0\u30da\u30fc\u30b8","item":"https:\/\/nongphat.com.vn\/jap\/"},{"@type":"ListItem","position":2,"name":"\u5546\u54c1\u4e00\u89a7","item":"https:\/\/nongphat.com.vn\/jap\/cua-hang\/"},{"@type":"ListItem","position":3,"name":"H\u1ea1t Gi\u1ed1ng C\u1ea3i Th\u00eca Tr\u1eafng CC-02"}]}]}},"_links":{"self":[{"href":"https:\/\/nongphat.com.vn\/jap\/wp-json\/wp\/v2\/product\/8489"}],"collection":[{"href":"https:\/\/nongphat.com.vn\/jap\/wp-json\/wp\/v2\/product"}],"about":[{"href":"https:\/\/nongphat.com.vn\/jap\/wp-json\/wp\/v2\/types\/product"}],"replies":[{"embeddable":true,"href":"https:\/\/nongphat.com.vn\/jap\/wp-json\/wp\/v2\/comments?post=8489"}],"wp:featuredmedia":[{"embeddable":true,"href":"https:\/\/nongphat.com.vn\/jap\/wp-json\/wp\/v2\/media\/8490"}],"wp:attachment":[{"href":"https:\/\/nongphat.com.vn\/jap\/wp-json\/wp\/v2\/media?parent=8489"}],"wp:term":[{"taxonomy":"product_cat","embeddable":true,"href":"https:\/\/nongphat.com.vn\/jap\/wp-json\/wp\/v2\/product_cat?post=8489"},{"taxonomy":"product_tag","embeddable":true,"href":"https:\/\/nongphat.com.vn\/jap\/wp-json\/wp\/v2\/product_tag?post=8489"}],"curies":[{"name":"wp","href":"https:\/\/api.w.org\/{rel}","templated":true}]}}