{"id":8519,"date":"2022-09-22T18:22:35","date_gmt":"2022-09-22T11:22:35","guid":{"rendered":"https:\/\/nongphat.com.vn\/?post_type=product&#038;p=8519"},"modified":"2022-09-23T10:23:55","modified_gmt":"2022-09-23T03:23:55","slug":"hat-giong-bi-do-hat-dau-batako","status":"publish","type":"product","link":"https:\/\/nongphat.com.vn\/jap\/san-pham\/hat-giong-bi-do-hat-dau-batako\/","title":{"rendered":"H\u1ea1t Gi\u1ed1ng B\u00ed \u0110\u1ecf H\u1ea1t \u0110\u1eadu BATAKO"},"content":{"rendered":"","protected":false},"excerpt":{"rendered":"<p><span style=\"color: #ff9900; font-size: 130%;\"><strong>M\u00f4 t\u1ea3:<\/strong><\/span><\/p>\n<ul>\n<li><span style=\"color: #000000;\">Ch\u1ee9a nhi\u1ec1u dinh d\u01b0\u1ee1ng r\u1ea5t t\u1ed1t cho s\u1ee9c kh\u1ecfe<\/span><\/li>\n<li><span style=\"color: #000000;\">\u0110\u1eadu qu\u1ea3 t\u1ed1t, qu\u1ea3 c\u00e2n \u0111\u1ed1i, v\u1ecf v\u00e0ng tr\u1eafng b\u00f3ng, kh\u00f4ng kh\u00eda, ru\u1ed9t m\u00e0u cam r\u1ea5t \u0111\u1eb9p.<\/span><\/li>\n<li><span style=\"color: #000000;\">R\u1ea5t d\u1ebbo v\u00e0 ngon, xay nhuy\u1ec5n d\u00f9ng l\u00e0m soup ngon v\u00f4 \u0111\u1ed1i.<\/span><\/li>\n<li><span style=\"color: #000000;\">C\u00e2y ph\u00e1t tri\u1ec3n kh\u1ecfe, nhi\u1ec1u ch\u00e8o, tr\u00e1i d\u1ea1ng h\u00ecnh h\u1ea1t \u0111\u1eadu \u0111\u1eb7c ru\u1ed9t, m\u00e0u v\u00e0ng cam.<\/span><\/li>\n<li><span style=\"color: #000000;\">Kh\u1ea3 n\u0103ng d\u1eadu tr\u00e1i cao,<\/span><\/li>\n<li><span style=\"color: #000000;\">Gi\u1ed1ng B\u00ed \u0111\u1ecf Nh\u1eadt B\u1ea3n F1 Hyprid<\/span><\/li>\n<li><span style=\"color: #000000;\">T\u1ef7 l\u1ec7 n\u1ea3y m\u1ea7m: &gt; 85%<\/span><\/li>\n<li><span style=\"color: #000000;\">Tr\u1ecdng l\u01b0\u1ee3ng: 0,8 &#8211; 1,5kg<\/span><\/li>\n<li><span style=\"color: #000000;\">Th\u1eddi gian thu ho\u1ea1ch: 60 ng\u00e0y sau khi tr\u1ed3ng.<\/span><\/li>\n<\/ul>\n","protected":false},"featured_media":8520,"comment_status":"open","ping_status":"closed","template":"","meta":[],"product_cat":[1288],"product_tag":[],"yoast_head":"<!-- This site is optimized with the Yoast SEO plugin v17.6 - https:\/\/yoast.com\/wordpress\/plugins\/seo\/ -->\n<title>H\u1ea1t Gi\u1ed1ng B\u00ed \u0110\u1ecf H\u1ea1t \u0110\u1eadu BATAKO - N\u00f4ng Ph\u00e1t<\/title>\n<meta name=\"description\" content=\"M\u00f4 t\u1ea3:   Ch\u1ee9a nhi\u1ec1u dinh d\u01b0\u1ee1ng r\u1ea5t t\u1ed1t cho s\u1ee9c kh\u1ecfe  \u0110\u1eadu qu\u1ea3 t\u1ed1t, qu\u1ea3 c\u00e2n \u0111\u1ed1i, v\u1ecf v\u00e0ng tr\u1eafng b\u00f3ng, kh\u00f4ng kh\u00eda, ru\u1ed9t m\u00e0u cam r\u1ea5t \u0111\u1eb9p.  R\u1ea5t d\u1ebbo v\u00e0 ngon, xay nhuy\u1ec5n d\u00f9ng l\u00e0m soup ngon v\u00f4 \u0111\u1ed1i.  C\u00e2y ph\u00e1t tri\u1ec3n kh\u1ecfe, nhi\u1ec1u ch\u00e8o, tr\u00e1i d\u1ea1ng h\u00ecnh h\u1ea1t \u0111\u1eadu \u0111\u1eb7c ru\u1ed9t, m\u00e0u v\u00e0ng cam.  Kh\u1ea3 n\u0103ng d\u1eadu tr\u00e1i cao,  Gi\u1ed1ng B\u00ed \u0111\u1ecf Nh\u1eadt B\u1ea3n F1 Hyprid  T\u1ef7 l\u1ec7 n\u1ea3y m\u1ea7m: &gt; 85%  Tr\u1ecdng l\u01b0\u1ee3ng: 0,8 - 1,5kg  Th\u1eddi gian thu ho\u1ea1ch: 60 ng\u00e0y sau khi tr\u1ed3ng.\" \/>\n<meta name=\"robots\" content=\"index, follow, max-snippet:-1, max-image-preview:large, max-video-preview:-1\" \/>\n<link rel=\"canonical\" href=\"https:\/\/nongphat.com.vn\/jap\/san-pham\/hat-giong-bi-do-hat-dau-batako\/\" \/>\n<meta property=\"og:locale\" content=\"en_US\" \/>\n<meta property=\"og:type\" content=\"article\" \/>\n<meta property=\"og:title\" content=\"H\u1ea1t Gi\u1ed1ng B\u00ed \u0110\u1ecf H\u1ea1t \u0110\u1eadu BATAKO - N\u00f4ng Ph\u00e1t\" \/>\n<meta property=\"og:description\" content=\"M\u00f4 t\u1ea3:   Ch\u1ee9a nhi\u1ec1u dinh d\u01b0\u1ee1ng r\u1ea5t t\u1ed1t cho s\u1ee9c kh\u1ecfe  \u0110\u1eadu qu\u1ea3 t\u1ed1t, qu\u1ea3 c\u00e2n \u0111\u1ed1i, v\u1ecf v\u00e0ng tr\u1eafng b\u00f3ng, kh\u00f4ng kh\u00eda, ru\u1ed9t m\u00e0u cam r\u1ea5t \u0111\u1eb9p.  R\u1ea5t d\u1ebbo v\u00e0 ngon, xay nhuy\u1ec5n d\u00f9ng l\u00e0m soup ngon v\u00f4 \u0111\u1ed1i.  C\u00e2y ph\u00e1t tri\u1ec3n kh\u1ecfe, nhi\u1ec1u ch\u00e8o, tr\u00e1i d\u1ea1ng h\u00ecnh h\u1ea1t \u0111\u1eadu \u0111\u1eb7c ru\u1ed9t, m\u00e0u v\u00e0ng cam.  Kh\u1ea3 n\u0103ng d\u1eadu tr\u00e1i cao,  Gi\u1ed1ng B\u00ed \u0111\u1ecf Nh\u1eadt B\u1ea3n F1 Hyprid  T\u1ef7 l\u1ec7 n\u1ea3y m\u1ea7m: &gt; 85%  Tr\u1ecdng l\u01b0\u1ee3ng: 0,8 - 1,5kg  Th\u1eddi gian thu ho\u1ea1ch: 60 ng\u00e0y sau khi tr\u1ed3ng.\" \/>\n<meta property=\"og:url\" content=\"https:\/\/nongphat.com.vn\/san-pham\/hat-giong-bi-do-hat-dau-batako\/\" \/>\n<meta property=\"og:site_name\" content=\"N\u00f4ng Ph\u00e1t\" \/>\n<meta property=\"article:publisher\" content=\"https:\/\/www.facebook.com\/NONG.PHAT.Melon\" \/>\n<meta property=\"article:modified_time\" content=\"2022-09-23T03:23:55+00:00\" \/>\n<meta property=\"og:image\" content=\"https:\/\/nongphat.com.vn\/wp-content\/uploads\/2022\/09\/bi\u0301-do\u0309-batako.jpg\" \/>\n\t<meta property=\"og:image:width\" content=\"1064\" \/>\n\t<meta property=\"og:image:height\" content=\"1063\" \/>\n<meta name=\"twitter:card\" content=\"summary_large_image\" \/>\n<script type=\"application\/ld+json\" class=\"yoast-schema-graph\">{\"@context\":\"https:\/\/schema.org\",\"@graph\":[{\"@type\":\"Organization\",\"@id\":\"https:\/\/nongphat.com.vn\/#organization\",\"name\":\"H\\u1ea1t Gi\\u1ed1ng Nh\\u1eadt B\\u1ea3n - N\\u00f4ng Ph\\u00e1t Farm\",\"url\":\"https:\/\/nongphat.com.vn\/\",\"sameAs\":[\"https:\/\/www.facebook.com\/NONG.PHAT.Melon\",\"https:\/\/www.instagram.com\/nongphatfarm\/\",\"https:\/\/www.youtube.com\/channel\/UCrgCTZ6Dmvhys0bbs6kXycg\"],\"logo\":{\"@type\":\"ImageObject\",\"@id\":\"https:\/\/nongphat.com.vn\/#logo\",\"inLanguage\":\"jap\",\"url\":\"https:\/\/nongphat.com.vn\/wp-content\/uploads\/2021\/06\/logo-nong-phat.jpg\",\"contentUrl\":\"https:\/\/nongphat.com.vn\/wp-content\/uploads\/2021\/06\/logo-nong-phat.jpg\",\"width\":1578,\"height\":1578,\"caption\":\"H\\u1ea1t Gi\\u1ed1ng Nh\\u1eadt B\\u1ea3n - N\\u00f4ng Ph\\u00e1t Farm\"},\"image\":{\"@id\":\"https:\/\/nongphat.com.vn\/#logo\"}},{\"@type\":\"WebSite\",\"@id\":\"https:\/\/nongphat.com.vn\/#website\",\"url\":\"https:\/\/nongphat.com.vn\/\",\"name\":\"N\\u00f4ng Ph\\u00e1t\",\"description\":\"H\\u1ea1t gi\\u1ed1ng Nh\\u1eadt B\\u1ea3n - N\\u00f4ng Ph\\u00e1t Farm\",\"publisher\":{\"@id\":\"https:\/\/nongphat.com.vn\/#organization\"},\"potentialAction\":[{\"@type\":\"SearchAction\",\"target\":{\"@type\":\"EntryPoint\",\"urlTemplate\":\"https:\/\/nongphat.com.vn\/?s={search_term_string}\"},\"query-input\":\"required name=search_term_string\"}],\"inLanguage\":\"jap\"},{\"@type\":\"ImageObject\",\"@id\":\"https:\/\/nongphat.com.vn\/san-pham\/hat-giong-bi-do-hat-dau-batako\/#primaryimage\",\"inLanguage\":\"jap\",\"url\":\"https:\/\/nongphat.com.vn\/wp-content\/uploads\/2022\/09\/bi\\u0301-do\\u0309-batako.jpg\",\"contentUrl\":\"https:\/\/nongphat.com.vn\/wp-content\/uploads\/2022\/09\/bi\\u0301-do\\u0309-batako.jpg\",\"width\":1064,\"height\":1063},{\"@type\":\"WebPage\",\"@id\":\"https:\/\/nongphat.com.vn\/san-pham\/hat-giong-bi-do-hat-dau-batako\/#webpage\",\"url\":\"https:\/\/nongphat.com.vn\/san-pham\/hat-giong-bi-do-hat-dau-batako\/\",\"name\":\"H\\u1ea1t Gi\\u1ed1ng B\\u00ed \\u0110\\u1ecf H\\u1ea1t \\u0110\\u1eadu BATAKO - N\\u00f4ng Ph\\u00e1t\",\"isPartOf\":{\"@id\":\"https:\/\/nongphat.com.vn\/#website\"},\"primaryImageOfPage\":{\"@id\":\"https:\/\/nongphat.com.vn\/san-pham\/hat-giong-bi-do-hat-dau-batako\/#primaryimage\"},\"datePublished\":\"2022-09-22T11:22:35+00:00\",\"dateModified\":\"2022-09-23T03:23:55+00:00\",\"description\":\"M\\u00f4 t\\u1ea3: Ch\\u1ee9a nhi\\u1ec1u dinh d\\u01b0\\u1ee1ng r\\u1ea5t t\\u1ed1t cho s\\u1ee9c kh\\u1ecfe \\u0110\\u1eadu qu\\u1ea3 t\\u1ed1t, qu\\u1ea3 c\\u00e2n \\u0111\\u1ed1i, v\\u1ecf v\\u00e0ng tr\\u1eafng b\\u00f3ng, kh\\u00f4ng kh\\u00eda, ru\\u1ed9t m\\u00e0u cam r\\u1ea5t \\u0111\\u1eb9p. R\\u1ea5t d\\u1ebbo v\\u00e0 ngon, xay nhuy\\u1ec5n d\\u00f9ng l\\u00e0m soup ngon v\\u00f4 \\u0111\\u1ed1i. C\\u00e2y ph\\u00e1t tri\\u1ec3n kh\\u1ecfe, nhi\\u1ec1u ch\\u00e8o, tr\\u00e1i d\\u1ea1ng h\\u00ecnh h\\u1ea1t \\u0111\\u1eadu \\u0111\\u1eb7c ru\\u1ed9t, m\\u00e0u v\\u00e0ng cam. Kh\\u1ea3 n\\u0103ng d\\u1eadu tr\\u00e1i cao, Gi\\u1ed1ng B\\u00ed \\u0111\\u1ecf Nh\\u1eadt B\\u1ea3n F1 Hyprid T\\u1ef7 l\\u1ec7 n\\u1ea3y m\\u1ea7m: &gt; 85% Tr\\u1ecdng l\\u01b0\\u1ee3ng: 0,8 - 1,5kg Th\\u1eddi gian thu ho\\u1ea1ch: 60 ng\\u00e0y sau khi tr\\u1ed3ng.\",\"breadcrumb\":{\"@id\":\"https:\/\/nongphat.com.vn\/san-pham\/hat-giong-bi-do-hat-dau-batako\/#breadcrumb\"},\"inLanguage\":\"jap\",\"potentialAction\":[{\"@type\":\"ReadAction\",\"target\":[\"https:\/\/nongphat.com.vn\/san-pham\/hat-giong-bi-do-hat-dau-batako\/\"]}]},{\"@type\":\"BreadcrumbList\",\"@id\":\"https:\/\/nongphat.com.vn\/san-pham\/hat-giong-bi-do-hat-dau-batako\/#breadcrumb\",\"itemListElement\":[{\"@type\":\"ListItem\",\"position\":1,\"name\":\"\\u30db\\u30fc\\u30e0\\u30da\\u30fc\\u30b8\",\"item\":\"https:\/\/nongphat.com.vn\/jap\/\"},{\"@type\":\"ListItem\",\"position\":2,\"name\":\"\\u5546\\u54c1\\u4e00\\u89a7\",\"item\":\"https:\/\/nongphat.com.vn\/jap\/cua-hang\/\"},{\"@type\":\"ListItem\",\"position\":3,\"name\":\"H\\u1ea1t Gi\\u1ed1ng B\\u00ed \\u0110\\u1ecf H\\u1ea1t \\u0110\\u1eadu BATAKO\"}]}]}<\/script>\n<!-- \/ Yoast SEO plugin. -->","yoast_head_json":{"title":"H\u1ea1t Gi\u1ed1ng B\u00ed \u0110\u1ecf H\u1ea1t \u0110\u1eadu BATAKO - N\u00f4ng Ph\u00e1t","description":"M\u00f4 t\u1ea3:   Ch\u1ee9a nhi\u1ec1u dinh d\u01b0\u1ee1ng r\u1ea5t t\u1ed1t cho s\u1ee9c kh\u1ecfe  \u0110\u1eadu qu\u1ea3 t\u1ed1t, qu\u1ea3 c\u00e2n \u0111\u1ed1i, v\u1ecf v\u00e0ng tr\u1eafng b\u00f3ng, kh\u00f4ng kh\u00eda, ru\u1ed9t m\u00e0u cam r\u1ea5t \u0111\u1eb9p.  R\u1ea5t d\u1ebbo v\u00e0 ngon, xay nhuy\u1ec5n d\u00f9ng l\u00e0m soup ngon v\u00f4 \u0111\u1ed1i.  C\u00e2y ph\u00e1t tri\u1ec3n kh\u1ecfe, nhi\u1ec1u ch\u00e8o, tr\u00e1i d\u1ea1ng h\u00ecnh h\u1ea1t \u0111\u1eadu \u0111\u1eb7c ru\u1ed9t, m\u00e0u v\u00e0ng cam.  Kh\u1ea3 n\u0103ng d\u1eadu tr\u00e1i cao,  Gi\u1ed1ng B\u00ed \u0111\u1ecf Nh\u1eadt B\u1ea3n F1 Hyprid  T\u1ef7 l\u1ec7 n\u1ea3y m\u1ea7m: &gt; 85%  Tr\u1ecdng l\u01b0\u1ee3ng: 0,8 - 1,5kg  Th\u1eddi gian thu ho\u1ea1ch: 60 ng\u00e0y sau khi tr\u1ed3ng.","robots":{"index":"index","follow":"follow","max-snippet":"max-snippet:-1","max-image-preview":"max-image-preview:large","max-video-preview":"max-video-preview:-1"},"canonical":"https:\/\/nongphat.com.vn\/jap\/san-pham\/hat-giong-bi-do-hat-dau-batako\/","og_locale":"en_US","og_type":"article","og_title":"H\u1ea1t Gi\u1ed1ng B\u00ed \u0110\u1ecf H\u1ea1t \u0110\u1eadu BATAKO - N\u00f4ng Ph\u00e1t","og_description":"M\u00f4 t\u1ea3:   Ch\u1ee9a nhi\u1ec1u dinh d\u01b0\u1ee1ng r\u1ea5t t\u1ed1t cho s\u1ee9c kh\u1ecfe  \u0110\u1eadu qu\u1ea3 t\u1ed1t, qu\u1ea3 c\u00e2n \u0111\u1ed1i, v\u1ecf v\u00e0ng tr\u1eafng b\u00f3ng, kh\u00f4ng kh\u00eda, ru\u1ed9t m\u00e0u cam r\u1ea5t \u0111\u1eb9p.  R\u1ea5t d\u1ebbo v\u00e0 ngon, xay nhuy\u1ec5n d\u00f9ng l\u00e0m soup ngon v\u00f4 \u0111\u1ed1i.  C\u00e2y ph\u00e1t tri\u1ec3n kh\u1ecfe, nhi\u1ec1u ch\u00e8o, tr\u00e1i d\u1ea1ng h\u00ecnh h\u1ea1t \u0111\u1eadu \u0111\u1eb7c ru\u1ed9t, m\u00e0u v\u00e0ng cam.  Kh\u1ea3 n\u0103ng d\u1eadu tr\u00e1i cao,  Gi\u1ed1ng B\u00ed \u0111\u1ecf Nh\u1eadt B\u1ea3n F1 Hyprid  T\u1ef7 l\u1ec7 n\u1ea3y m\u1ea7m: &gt; 85%  Tr\u1ecdng l\u01b0\u1ee3ng: 0,8 - 1,5kg  Th\u1eddi gian thu ho\u1ea1ch: 60 ng\u00e0y sau khi tr\u1ed3ng.","og_url":"https:\/\/nongphat.com.vn\/san-pham\/hat-giong-bi-do-hat-dau-batako\/","og_site_name":"N\u00f4ng Ph\u00e1t","article_publisher":"https:\/\/www.facebook.com\/NONG.PHAT.Melon","article_modified_time":"2022-09-23T03:23:55+00:00","og_image":[{"width":1064,"height":1063,"url":"https:\/\/nongphat.com.vn\/wp-content\/uploads\/2022\/09\/bi\u0301-do\u0309-batako.jpg","type":"image\/jpeg"}],"twitter_card":"summary_large_image","schema":{"@context":"https:\/\/schema.org","@graph":[{"@type":"Organization","@id":"https:\/\/nongphat.com.vn\/#organization","name":"H\u1ea1t Gi\u1ed1ng Nh\u1eadt B\u1ea3n - N\u00f4ng Ph\u00e1t Farm","url":"https:\/\/nongphat.com.vn\/","sameAs":["https:\/\/www.facebook.com\/NONG.PHAT.Melon","https:\/\/www.instagram.com\/nongphatfarm\/","https:\/\/www.youtube.com\/channel\/UCrgCTZ6Dmvhys0bbs6kXycg"],"logo":{"@type":"ImageObject","@id":"https:\/\/nongphat.com.vn\/#logo","inLanguage":"jap","url":"https:\/\/nongphat.com.vn\/wp-content\/uploads\/2021\/06\/logo-nong-phat.jpg","contentUrl":"https:\/\/nongphat.com.vn\/wp-content\/uploads\/2021\/06\/logo-nong-phat.jpg","width":1578,"height":1578,"caption":"H\u1ea1t Gi\u1ed1ng Nh\u1eadt B\u1ea3n - N\u00f4ng Ph\u00e1t Farm"},"image":{"@id":"https:\/\/nongphat.com.vn\/#logo"}},{"@type":"WebSite","@id":"https:\/\/nongphat.com.vn\/#website","url":"https:\/\/nongphat.com.vn\/","name":"N\u00f4ng Ph\u00e1t","description":"H\u1ea1t gi\u1ed1ng Nh\u1eadt B\u1ea3n - N\u00f4ng Ph\u00e1t Farm","publisher":{"@id":"https:\/\/nongphat.com.vn\/#organization"},"potentialAction":[{"@type":"SearchAction","target":{"@type":"EntryPoint","urlTemplate":"https:\/\/nongphat.com.vn\/?s={search_term_string}"},"query-input":"required name=search_term_string"}],"inLanguage":"jap"},{"@type":"ImageObject","@id":"https:\/\/nongphat.com.vn\/san-pham\/hat-giong-bi-do-hat-dau-batako\/#primaryimage","inLanguage":"jap","url":"https:\/\/nongphat.com.vn\/wp-content\/uploads\/2022\/09\/bi\u0301-do\u0309-batako.jpg","contentUrl":"https:\/\/nongphat.com.vn\/wp-content\/uploads\/2022\/09\/bi\u0301-do\u0309-batako.jpg","width":1064,"height":1063},{"@type":"WebPage","@id":"https:\/\/nongphat.com.vn\/san-pham\/hat-giong-bi-do-hat-dau-batako\/#webpage","url":"https:\/\/nongphat.com.vn\/san-pham\/hat-giong-bi-do-hat-dau-batako\/","name":"H\u1ea1t Gi\u1ed1ng B\u00ed \u0110\u1ecf H\u1ea1t \u0110\u1eadu BATAKO - N\u00f4ng Ph\u00e1t","isPartOf":{"@id":"https:\/\/nongphat.com.vn\/#website"},"primaryImageOfPage":{"@id":"https:\/\/nongphat.com.vn\/san-pham\/hat-giong-bi-do-hat-dau-batako\/#primaryimage"},"datePublished":"2022-09-22T11:22:35+00:00","dateModified":"2022-09-23T03:23:55+00:00","description":"M\u00f4 t\u1ea3: Ch\u1ee9a nhi\u1ec1u dinh d\u01b0\u1ee1ng r\u1ea5t t\u1ed1t cho s\u1ee9c kh\u1ecfe \u0110\u1eadu qu\u1ea3 t\u1ed1t, qu\u1ea3 c\u00e2n \u0111\u1ed1i, v\u1ecf v\u00e0ng tr\u1eafng b\u00f3ng, kh\u00f4ng kh\u00eda, ru\u1ed9t m\u00e0u cam r\u1ea5t \u0111\u1eb9p. R\u1ea5t d\u1ebbo v\u00e0 ngon, xay nhuy\u1ec5n d\u00f9ng l\u00e0m soup ngon v\u00f4 \u0111\u1ed1i. C\u00e2y ph\u00e1t tri\u1ec3n kh\u1ecfe, nhi\u1ec1u ch\u00e8o, tr\u00e1i d\u1ea1ng h\u00ecnh h\u1ea1t \u0111\u1eadu \u0111\u1eb7c ru\u1ed9t, m\u00e0u v\u00e0ng cam. Kh\u1ea3 n\u0103ng d\u1eadu tr\u00e1i cao, Gi\u1ed1ng B\u00ed \u0111\u1ecf Nh\u1eadt B\u1ea3n F1 Hyprid T\u1ef7 l\u1ec7 n\u1ea3y m\u1ea7m: &gt; 85% Tr\u1ecdng l\u01b0\u1ee3ng: 0,8 - 1,5kg Th\u1eddi gian thu ho\u1ea1ch: 60 ng\u00e0y sau khi tr\u1ed3ng.","breadcrumb":{"@id":"https:\/\/nongphat.com.vn\/san-pham\/hat-giong-bi-do-hat-dau-batako\/#breadcrumb"},"inLanguage":"jap","potentialAction":[{"@type":"ReadAction","target":["https:\/\/nongphat.com.vn\/san-pham\/hat-giong-bi-do-hat-dau-batako\/"]}]},{"@type":"BreadcrumbList","@id":"https:\/\/nongphat.com.vn\/san-pham\/hat-giong-bi-do-hat-dau-batako\/#breadcrumb","itemListElement":[{"@type":"ListItem","position":1,"name":"\u30db\u30fc\u30e0\u30da\u30fc\u30b8","item":"https:\/\/nongphat.com.vn\/jap\/"},{"@type":"ListItem","position":2,"name":"\u5546\u54c1\u4e00\u89a7","item":"https:\/\/nongphat.com.vn\/jap\/cua-hang\/"},{"@type":"ListItem","position":3,"name":"H\u1ea1t Gi\u1ed1ng B\u00ed \u0110\u1ecf H\u1ea1t \u0110\u1eadu BATAKO"}]}]}},"_links":{"self":[{"href":"https:\/\/nongphat.com.vn\/jap\/wp-json\/wp\/v2\/product\/8519"}],"collection":[{"href":"https:\/\/nongphat.com.vn\/jap\/wp-json\/wp\/v2\/product"}],"about":[{"href":"https:\/\/nongphat.com.vn\/jap\/wp-json\/wp\/v2\/types\/product"}],"replies":[{"embeddable":true,"href":"https:\/\/nongphat.com.vn\/jap\/wp-json\/wp\/v2\/comments?post=8519"}],"wp:featuredmedia":[{"embeddable":true,"href":"https:\/\/nongphat.com.vn\/jap\/wp-json\/wp\/v2\/media\/8520"}],"wp:attachment":[{"href":"https:\/\/nongphat.com.vn\/jap\/wp-json\/wp\/v2\/media?parent=8519"}],"wp:term":[{"taxonomy":"product_cat","embeddable":true,"href":"https:\/\/nongphat.com.vn\/jap\/wp-json\/wp\/v2\/product_cat?post=8519"},{"taxonomy":"product_tag","embeddable":true,"href":"https:\/\/nongphat.com.vn\/jap\/wp-json\/wp\/v2\/product_tag?post=8519"}],"curies":[{"name":"wp","href":"https:\/\/api.w.org\/{rel}","templated":true}]}}