{"id":8795,"date":"2023-02-25T08:31:55","date_gmt":"2023-02-25T01:31:55","guid":{"rendered":"https:\/\/nongphat.com.vn\/?post_type=product&#038;p=8795"},"modified":"2023-02-25T08:31:56","modified_gmt":"2023-02-25T01:31:56","slug":"hat-giong-dua-leo-cu-36","status":"publish","type":"product","link":"https:\/\/nongphat.com.vn\/jap\/san-pham\/hat-giong-dua-leo-cu-36\/","title":{"rendered":"H\u1ea1t Gi\u1ed1ng D\u01b0a Leo CU-36"},"content":{"rendered":"","protected":false},"excerpt":{"rendered":"<p><strong><span style=\"font-size: 130%; color: #f99b1c;\">M\u00f4 t\u1ea3:\u00a0<\/span><\/strong><\/p>\n<p><span style=\"color: #282828;\">D\u00f2ng d\u01b0a tr\u1eafng \u00edt ru\u1ed9t, l\u00e0 m\u1ed9t trong nh\u1eefng d\u00f2ng d\u01b0a leo \u0111\u01b0\u1ee3c \u0111\u00e1nh gi\u00e1 l\u00e0 c\u00f3 n\u0103ng su\u1ea5t cao, ch\u1ea5t l\u01b0\u1ee3ng \u0111\u1ed3ng \u0111\u1ec1u, m\u1eabu m\u00e3 \u0111\u1eb9p. Th\u1ecbt d\u01b0a gi\u00f2n ng\u1ecdt c\u00f3 h\u01b0\u01a1ng v\u1ecb th\u01a1m nh\u01b0 s\u1eefa. Ch\u1ec9 sau 28 ng\u00e0y tr\u1ed3ng l\u00e0 \u0111\u00e3 c\u00f3 th\u1ec3 thu ho\u1ea1ch.<\/span><\/p>\n<ul>\n<li><span style=\"color: #000000;\">Gi\u1ed1ng d\u01b0a leo F1 Hyprid<\/span><\/li>\n<li><span style=\"color: #000000;\">T\u1ef7 l\u1ec7 n\u1ea3y m\u1ea7m: &gt; 85%<\/span><\/li>\n<li><span style=\"color: #000000;\">K\u00edch th\u01b0\u1edbc qu\u1ea3: 18 &#8211; 22 cm<\/span><\/li>\n<li><span style=\"color: #000000;\">Th\u1eddi gian thu ho\u1ea1ch: 28-30 ng\u00e0y sau tr\u1ed3ng<\/span><\/li>\n<li><span style=\"color: #000000;\">Th\u1eddi v\u1ee5 tr\u1ed3ng: quanh n\u0103m<\/span><\/li>\n<\/ul>\n","protected":false},"featured_media":8808,"comment_status":"open","ping_status":"closed","template":"","meta":[],"product_cat":[1185],"product_tag":[],"yoast_head":"<!-- This site is optimized with the Yoast SEO plugin v17.6 - https:\/\/yoast.com\/wordpress\/plugins\/seo\/ -->\n<title>H\u1ea1t Gi\u1ed1ng D\u01b0a Leo CU-36 - N\u00f4ng Ph\u00e1t<\/title>\n<meta name=\"description\" content=\"M\u00f4 t\u1ea3:\u00a0  D\u00f2ng d\u01b0a tr\u1eafng \u00edt ru\u1ed9t, l\u00e0 m\u1ed9t trong nh\u1eefng d\u00f2ng d\u01b0a leo \u0111\u01b0\u1ee3c \u0111\u00e1nh gi\u00e1 l\u00e0 c\u00f3 n\u0103ng su\u1ea5t cao, ch\u1ea5t l\u01b0\u1ee3ng \u0111\u1ed3ng \u0111\u1ec1u, m\u1eabu m\u00e3 \u0111\u1eb9p. Th\u1ecbt d\u01b0a gi\u00f2n ng\u1ecdt c\u00f3 h\u01b0\u01a1ng v\u1ecb th\u01a1m nh\u01b0 s\u1eefa. Ch\u1ec9 sau 28 ng\u00e0y tr\u1ed3ng l\u00e0 \u0111\u00e3 c\u00f3 th\u1ec3 thu ho\u1ea1ch.   Gi\u1ed1ng d\u01b0a leo F1 Hyprid  T\u1ef7 l\u1ec7 n\u1ea3y m\u1ea7m: &gt; 85%  K\u00edch th\u01b0\u1edbc qu\u1ea3: 18 - 22 cm  Th\u1eddi gian thu ho\u1ea1ch: 28-30 ng\u00e0y sau tr\u1ed3ng  Th\u1eddi v\u1ee5 tr\u1ed3ng: quanh n\u0103m\" \/>\n<meta name=\"robots\" content=\"index, follow, max-snippet:-1, max-image-preview:large, max-video-preview:-1\" \/>\n<link rel=\"canonical\" href=\"https:\/\/nongphat.com.vn\/jap\/san-pham\/hat-giong-dua-leo-cu-36\/\" \/>\n<meta property=\"og:locale\" content=\"en_US\" \/>\n<meta property=\"og:type\" content=\"article\" \/>\n<meta property=\"og:title\" content=\"H\u1ea1t Gi\u1ed1ng D\u01b0a Leo CU-36 - N\u00f4ng Ph\u00e1t\" \/>\n<meta property=\"og:description\" content=\"M\u00f4 t\u1ea3:\u00a0  D\u00f2ng d\u01b0a tr\u1eafng \u00edt ru\u1ed9t, l\u00e0 m\u1ed9t trong nh\u1eefng d\u00f2ng d\u01b0a leo \u0111\u01b0\u1ee3c \u0111\u00e1nh gi\u00e1 l\u00e0 c\u00f3 n\u0103ng su\u1ea5t cao, ch\u1ea5t l\u01b0\u1ee3ng \u0111\u1ed3ng \u0111\u1ec1u, m\u1eabu m\u00e3 \u0111\u1eb9p. Th\u1ecbt d\u01b0a gi\u00f2n ng\u1ecdt c\u00f3 h\u01b0\u01a1ng v\u1ecb th\u01a1m nh\u01b0 s\u1eefa. Ch\u1ec9 sau 28 ng\u00e0y tr\u1ed3ng l\u00e0 \u0111\u00e3 c\u00f3 th\u1ec3 thu ho\u1ea1ch.   Gi\u1ed1ng d\u01b0a leo F1 Hyprid  T\u1ef7 l\u1ec7 n\u1ea3y m\u1ea7m: &gt; 85%  K\u00edch th\u01b0\u1edbc qu\u1ea3: 18 - 22 cm  Th\u1eddi gian thu ho\u1ea1ch: 28-30 ng\u00e0y sau tr\u1ed3ng  Th\u1eddi v\u1ee5 tr\u1ed3ng: quanh n\u0103m\" \/>\n<meta property=\"og:url\" content=\"https:\/\/nongphat.com.vn\/san-pham\/hat-giong-dua-leo-cu-36\/\" \/>\n<meta property=\"og:site_name\" content=\"N\u00f4ng Ph\u00e1t\" \/>\n<meta property=\"article:publisher\" content=\"https:\/\/www.facebook.com\/NONG.PHAT.Melon\" \/>\n<meta property=\"article:modified_time\" content=\"2023-02-25T01:31:56+00:00\" \/>\n<meta property=\"og:image\" content=\"https:\/\/nongphat.com.vn\/wp-content\/uploads\/2023\/02\/z4120397086844_fc6befff72cfc5db663fcabe0b492723.jpg\" \/>\n\t<meta property=\"og:image:width\" content=\"1064\" \/>\n\t<meta property=\"og:image:height\" content=\"1063\" \/>\n<meta name=\"twitter:card\" content=\"summary_large_image\" \/>\n<script type=\"application\/ld+json\" class=\"yoast-schema-graph\">{\"@context\":\"https:\/\/schema.org\",\"@graph\":[{\"@type\":\"Organization\",\"@id\":\"https:\/\/nongphat.com.vn\/#organization\",\"name\":\"H\\u1ea1t Gi\\u1ed1ng Nh\\u1eadt B\\u1ea3n - N\\u00f4ng Ph\\u00e1t Farm\",\"url\":\"https:\/\/nongphat.com.vn\/\",\"sameAs\":[\"https:\/\/www.facebook.com\/NONG.PHAT.Melon\",\"https:\/\/www.instagram.com\/nongphatfarm\/\",\"https:\/\/www.youtube.com\/channel\/UCrgCTZ6Dmvhys0bbs6kXycg\"],\"logo\":{\"@type\":\"ImageObject\",\"@id\":\"https:\/\/nongphat.com.vn\/#logo\",\"inLanguage\":\"jap\",\"url\":\"https:\/\/nongphat.com.vn\/wp-content\/uploads\/2021\/06\/logo-nong-phat.jpg\",\"contentUrl\":\"https:\/\/nongphat.com.vn\/wp-content\/uploads\/2021\/06\/logo-nong-phat.jpg\",\"width\":1578,\"height\":1578,\"caption\":\"H\\u1ea1t Gi\\u1ed1ng Nh\\u1eadt B\\u1ea3n - N\\u00f4ng Ph\\u00e1t Farm\"},\"image\":{\"@id\":\"https:\/\/nongphat.com.vn\/#logo\"}},{\"@type\":\"WebSite\",\"@id\":\"https:\/\/nongphat.com.vn\/#website\",\"url\":\"https:\/\/nongphat.com.vn\/\",\"name\":\"N\\u00f4ng Ph\\u00e1t\",\"description\":\"H\\u1ea1t gi\\u1ed1ng Nh\\u1eadt B\\u1ea3n - N\\u00f4ng Ph\\u00e1t Farm\",\"publisher\":{\"@id\":\"https:\/\/nongphat.com.vn\/#organization\"},\"potentialAction\":[{\"@type\":\"SearchAction\",\"target\":{\"@type\":\"EntryPoint\",\"urlTemplate\":\"https:\/\/nongphat.com.vn\/?s={search_term_string}\"},\"query-input\":\"required name=search_term_string\"}],\"inLanguage\":\"jap\"},{\"@type\":\"ImageObject\",\"@id\":\"https:\/\/nongphat.com.vn\/san-pham\/hat-giong-dua-leo-cu-36\/#primaryimage\",\"inLanguage\":\"jap\",\"url\":\"https:\/\/nongphat.com.vn\/wp-content\/uploads\/2023\/02\/z4120397086844_fc6befff72cfc5db663fcabe0b492723.jpg\",\"contentUrl\":\"https:\/\/nongphat.com.vn\/wp-content\/uploads\/2023\/02\/z4120397086844_fc6befff72cfc5db663fcabe0b492723.jpg\",\"width\":1064,\"height\":1063},{\"@type\":\"WebPage\",\"@id\":\"https:\/\/nongphat.com.vn\/san-pham\/hat-giong-dua-leo-cu-36\/#webpage\",\"url\":\"https:\/\/nongphat.com.vn\/san-pham\/hat-giong-dua-leo-cu-36\/\",\"name\":\"H\\u1ea1t Gi\\u1ed1ng D\\u01b0a Leo CU-36 - N\\u00f4ng Ph\\u00e1t\",\"isPartOf\":{\"@id\":\"https:\/\/nongphat.com.vn\/#website\"},\"primaryImageOfPage\":{\"@id\":\"https:\/\/nongphat.com.vn\/san-pham\/hat-giong-dua-leo-cu-36\/#primaryimage\"},\"datePublished\":\"2023-02-25T01:31:55+00:00\",\"dateModified\":\"2023-02-25T01:31:56+00:00\",\"description\":\"M\\u00f4 t\\u1ea3:\\u00a0 D\\u00f2ng d\\u01b0a tr\\u1eafng \\u00edt ru\\u1ed9t, l\\u00e0 m\\u1ed9t trong nh\\u1eefng d\\u00f2ng d\\u01b0a leo \\u0111\\u01b0\\u1ee3c \\u0111\\u00e1nh gi\\u00e1 l\\u00e0 c\\u00f3 n\\u0103ng su\\u1ea5t cao, ch\\u1ea5t l\\u01b0\\u1ee3ng \\u0111\\u1ed3ng \\u0111\\u1ec1u, m\\u1eabu m\\u00e3 \\u0111\\u1eb9p. Th\\u1ecbt d\\u01b0a gi\\u00f2n ng\\u1ecdt c\\u00f3 h\\u01b0\\u01a1ng v\\u1ecb th\\u01a1m nh\\u01b0 s\\u1eefa. Ch\\u1ec9 sau 28 ng\\u00e0y tr\\u1ed3ng l\\u00e0 \\u0111\\u00e3 c\\u00f3 th\\u1ec3 thu ho\\u1ea1ch. Gi\\u1ed1ng d\\u01b0a leo F1 Hyprid T\\u1ef7 l\\u1ec7 n\\u1ea3y m\\u1ea7m: &gt; 85% K\\u00edch th\\u01b0\\u1edbc qu\\u1ea3: 18 - 22 cm Th\\u1eddi gian thu ho\\u1ea1ch: 28-30 ng\\u00e0y sau tr\\u1ed3ng Th\\u1eddi v\\u1ee5 tr\\u1ed3ng: quanh n\\u0103m\",\"breadcrumb\":{\"@id\":\"https:\/\/nongphat.com.vn\/san-pham\/hat-giong-dua-leo-cu-36\/#breadcrumb\"},\"inLanguage\":\"jap\",\"potentialAction\":[{\"@type\":\"ReadAction\",\"target\":[\"https:\/\/nongphat.com.vn\/san-pham\/hat-giong-dua-leo-cu-36\/\"]}]},{\"@type\":\"BreadcrumbList\",\"@id\":\"https:\/\/nongphat.com.vn\/san-pham\/hat-giong-dua-leo-cu-36\/#breadcrumb\",\"itemListElement\":[{\"@type\":\"ListItem\",\"position\":1,\"name\":\"\\u30db\\u30fc\\u30e0\\u30da\\u30fc\\u30b8\",\"item\":\"https:\/\/nongphat.com.vn\/jap\/\"},{\"@type\":\"ListItem\",\"position\":2,\"name\":\"\\u5546\\u54c1\\u4e00\\u89a7\",\"item\":\"https:\/\/nongphat.com.vn\/jap\/cua-hang\/\"},{\"@type\":\"ListItem\",\"position\":3,\"name\":\"H\\u1ea1t Gi\\u1ed1ng D\\u01b0a Leo CU-36\"}]}]}<\/script>\n<!-- \/ Yoast SEO plugin. -->","yoast_head_json":{"title":"H\u1ea1t Gi\u1ed1ng D\u01b0a Leo CU-36 - N\u00f4ng Ph\u00e1t","description":"M\u00f4 t\u1ea3:\u00a0  D\u00f2ng d\u01b0a tr\u1eafng \u00edt ru\u1ed9t, l\u00e0 m\u1ed9t trong nh\u1eefng d\u00f2ng d\u01b0a leo \u0111\u01b0\u1ee3c \u0111\u00e1nh gi\u00e1 l\u00e0 c\u00f3 n\u0103ng su\u1ea5t cao, ch\u1ea5t l\u01b0\u1ee3ng \u0111\u1ed3ng \u0111\u1ec1u, m\u1eabu m\u00e3 \u0111\u1eb9p. Th\u1ecbt d\u01b0a gi\u00f2n ng\u1ecdt c\u00f3 h\u01b0\u01a1ng v\u1ecb th\u01a1m nh\u01b0 s\u1eefa. Ch\u1ec9 sau 28 ng\u00e0y tr\u1ed3ng l\u00e0 \u0111\u00e3 c\u00f3 th\u1ec3 thu ho\u1ea1ch.   Gi\u1ed1ng d\u01b0a leo F1 Hyprid  T\u1ef7 l\u1ec7 n\u1ea3y m\u1ea7m: &gt; 85%  K\u00edch th\u01b0\u1edbc qu\u1ea3: 18 - 22 cm  Th\u1eddi gian thu ho\u1ea1ch: 28-30 ng\u00e0y sau tr\u1ed3ng  Th\u1eddi v\u1ee5 tr\u1ed3ng: quanh n\u0103m","robots":{"index":"index","follow":"follow","max-snippet":"max-snippet:-1","max-image-preview":"max-image-preview:large","max-video-preview":"max-video-preview:-1"},"canonical":"https:\/\/nongphat.com.vn\/jap\/san-pham\/hat-giong-dua-leo-cu-36\/","og_locale":"en_US","og_type":"article","og_title":"H\u1ea1t Gi\u1ed1ng D\u01b0a Leo CU-36 - N\u00f4ng Ph\u00e1t","og_description":"M\u00f4 t\u1ea3:\u00a0  D\u00f2ng d\u01b0a tr\u1eafng \u00edt ru\u1ed9t, l\u00e0 m\u1ed9t trong nh\u1eefng d\u00f2ng d\u01b0a leo \u0111\u01b0\u1ee3c \u0111\u00e1nh gi\u00e1 l\u00e0 c\u00f3 n\u0103ng su\u1ea5t cao, ch\u1ea5t l\u01b0\u1ee3ng \u0111\u1ed3ng \u0111\u1ec1u, m\u1eabu m\u00e3 \u0111\u1eb9p. Th\u1ecbt d\u01b0a gi\u00f2n ng\u1ecdt c\u00f3 h\u01b0\u01a1ng v\u1ecb th\u01a1m nh\u01b0 s\u1eefa. Ch\u1ec9 sau 28 ng\u00e0y tr\u1ed3ng l\u00e0 \u0111\u00e3 c\u00f3 th\u1ec3 thu ho\u1ea1ch.   Gi\u1ed1ng d\u01b0a leo F1 Hyprid  T\u1ef7 l\u1ec7 n\u1ea3y m\u1ea7m: &gt; 85%  K\u00edch th\u01b0\u1edbc qu\u1ea3: 18 - 22 cm  Th\u1eddi gian thu ho\u1ea1ch: 28-30 ng\u00e0y sau tr\u1ed3ng  Th\u1eddi v\u1ee5 tr\u1ed3ng: quanh n\u0103m","og_url":"https:\/\/nongphat.com.vn\/san-pham\/hat-giong-dua-leo-cu-36\/","og_site_name":"N\u00f4ng Ph\u00e1t","article_publisher":"https:\/\/www.facebook.com\/NONG.PHAT.Melon","article_modified_time":"2023-02-25T01:31:56+00:00","og_image":[{"width":1064,"height":1063,"url":"https:\/\/nongphat.com.vn\/wp-content\/uploads\/2023\/02\/z4120397086844_fc6befff72cfc5db663fcabe0b492723.jpg","type":"image\/jpeg"}],"twitter_card":"summary_large_image","schema":{"@context":"https:\/\/schema.org","@graph":[{"@type":"Organization","@id":"https:\/\/nongphat.com.vn\/#organization","name":"H\u1ea1t Gi\u1ed1ng Nh\u1eadt B\u1ea3n - N\u00f4ng Ph\u00e1t Farm","url":"https:\/\/nongphat.com.vn\/","sameAs":["https:\/\/www.facebook.com\/NONG.PHAT.Melon","https:\/\/www.instagram.com\/nongphatfarm\/","https:\/\/www.youtube.com\/channel\/UCrgCTZ6Dmvhys0bbs6kXycg"],"logo":{"@type":"ImageObject","@id":"https:\/\/nongphat.com.vn\/#logo","inLanguage":"jap","url":"https:\/\/nongphat.com.vn\/wp-content\/uploads\/2021\/06\/logo-nong-phat.jpg","contentUrl":"https:\/\/nongphat.com.vn\/wp-content\/uploads\/2021\/06\/logo-nong-phat.jpg","width":1578,"height":1578,"caption":"H\u1ea1t Gi\u1ed1ng Nh\u1eadt B\u1ea3n - N\u00f4ng Ph\u00e1t Farm"},"image":{"@id":"https:\/\/nongphat.com.vn\/#logo"}},{"@type":"WebSite","@id":"https:\/\/nongphat.com.vn\/#website","url":"https:\/\/nongphat.com.vn\/","name":"N\u00f4ng Ph\u00e1t","description":"H\u1ea1t gi\u1ed1ng Nh\u1eadt B\u1ea3n - N\u00f4ng Ph\u00e1t Farm","publisher":{"@id":"https:\/\/nongphat.com.vn\/#organization"},"potentialAction":[{"@type":"SearchAction","target":{"@type":"EntryPoint","urlTemplate":"https:\/\/nongphat.com.vn\/?s={search_term_string}"},"query-input":"required name=search_term_string"}],"inLanguage":"jap"},{"@type":"ImageObject","@id":"https:\/\/nongphat.com.vn\/san-pham\/hat-giong-dua-leo-cu-36\/#primaryimage","inLanguage":"jap","url":"https:\/\/nongphat.com.vn\/wp-content\/uploads\/2023\/02\/z4120397086844_fc6befff72cfc5db663fcabe0b492723.jpg","contentUrl":"https:\/\/nongphat.com.vn\/wp-content\/uploads\/2023\/02\/z4120397086844_fc6befff72cfc5db663fcabe0b492723.jpg","width":1064,"height":1063},{"@type":"WebPage","@id":"https:\/\/nongphat.com.vn\/san-pham\/hat-giong-dua-leo-cu-36\/#webpage","url":"https:\/\/nongphat.com.vn\/san-pham\/hat-giong-dua-leo-cu-36\/","name":"H\u1ea1t Gi\u1ed1ng D\u01b0a Leo CU-36 - N\u00f4ng Ph\u00e1t","isPartOf":{"@id":"https:\/\/nongphat.com.vn\/#website"},"primaryImageOfPage":{"@id":"https:\/\/nongphat.com.vn\/san-pham\/hat-giong-dua-leo-cu-36\/#primaryimage"},"datePublished":"2023-02-25T01:31:55+00:00","dateModified":"2023-02-25T01:31:56+00:00","description":"M\u00f4 t\u1ea3:\u00a0 D\u00f2ng d\u01b0a tr\u1eafng \u00edt ru\u1ed9t, l\u00e0 m\u1ed9t trong nh\u1eefng d\u00f2ng d\u01b0a leo \u0111\u01b0\u1ee3c \u0111\u00e1nh gi\u00e1 l\u00e0 c\u00f3 n\u0103ng su\u1ea5t cao, ch\u1ea5t l\u01b0\u1ee3ng \u0111\u1ed3ng \u0111\u1ec1u, m\u1eabu m\u00e3 \u0111\u1eb9p. Th\u1ecbt d\u01b0a gi\u00f2n ng\u1ecdt c\u00f3 h\u01b0\u01a1ng v\u1ecb th\u01a1m nh\u01b0 s\u1eefa. Ch\u1ec9 sau 28 ng\u00e0y tr\u1ed3ng l\u00e0 \u0111\u00e3 c\u00f3 th\u1ec3 thu ho\u1ea1ch. Gi\u1ed1ng d\u01b0a leo F1 Hyprid T\u1ef7 l\u1ec7 n\u1ea3y m\u1ea7m: &gt; 85% K\u00edch th\u01b0\u1edbc qu\u1ea3: 18 - 22 cm Th\u1eddi gian thu ho\u1ea1ch: 28-30 ng\u00e0y sau tr\u1ed3ng Th\u1eddi v\u1ee5 tr\u1ed3ng: quanh n\u0103m","breadcrumb":{"@id":"https:\/\/nongphat.com.vn\/san-pham\/hat-giong-dua-leo-cu-36\/#breadcrumb"},"inLanguage":"jap","potentialAction":[{"@type":"ReadAction","target":["https:\/\/nongphat.com.vn\/san-pham\/hat-giong-dua-leo-cu-36\/"]}]},{"@type":"BreadcrumbList","@id":"https:\/\/nongphat.com.vn\/san-pham\/hat-giong-dua-leo-cu-36\/#breadcrumb","itemListElement":[{"@type":"ListItem","position":1,"name":"\u30db\u30fc\u30e0\u30da\u30fc\u30b8","item":"https:\/\/nongphat.com.vn\/jap\/"},{"@type":"ListItem","position":2,"name":"\u5546\u54c1\u4e00\u89a7","item":"https:\/\/nongphat.com.vn\/jap\/cua-hang\/"},{"@type":"ListItem","position":3,"name":"H\u1ea1t Gi\u1ed1ng D\u01b0a Leo CU-36"}]}]}},"_links":{"self":[{"href":"https:\/\/nongphat.com.vn\/jap\/wp-json\/wp\/v2\/product\/8795"}],"collection":[{"href":"https:\/\/nongphat.com.vn\/jap\/wp-json\/wp\/v2\/product"}],"about":[{"href":"https:\/\/nongphat.com.vn\/jap\/wp-json\/wp\/v2\/types\/product"}],"replies":[{"embeddable":true,"href":"https:\/\/nongphat.com.vn\/jap\/wp-json\/wp\/v2\/comments?post=8795"}],"wp:featuredmedia":[{"embeddable":true,"href":"https:\/\/nongphat.com.vn\/jap\/wp-json\/wp\/v2\/media\/8808"}],"wp:attachment":[{"href":"https:\/\/nongphat.com.vn\/jap\/wp-json\/wp\/v2\/media?parent=8795"}],"wp:term":[{"taxonomy":"product_cat","embeddable":true,"href":"https:\/\/nongphat.com.vn\/jap\/wp-json\/wp\/v2\/product_cat?post=8795"},{"taxonomy":"product_tag","embeddable":true,"href":"https:\/\/nongphat.com.vn\/jap\/wp-json\/wp\/v2\/product_tag?post=8795"}],"curies":[{"name":"wp","href":"https:\/\/api.w.org\/{rel}","templated":true}]}}