{"id":8325,"date":"2022-07-25T09:49:21","date_gmt":"2022-07-25T02:49:21","guid":{"rendered":"https:\/\/nongphat.com.vn\/?post_type=product&#038;p=8325"},"modified":"2022-11-29T13:44:22","modified_gmt":"2022-11-29T06:44:22","slug":"dua-luoi-hl1","status":"publish","type":"product","link":"https:\/\/nongphat.com.vn\/zh\/san-pham\/dua-luoi-hl1\/","title":{"rendered":"D\u01b0a L\u01b0\u1edbi HL1"},"content":{"rendered":"","protected":false},"excerpt":{"rendered":"<p><span style=\"color: #50b848; font-size: 130%; background-color: #f8faf7;\"><strong>M\u00f4 t\u1ea3:<\/strong><\/span><\/p>\n<ul>\n<li><span style=\"color: #000000;\">H\u1ea1t gi\u1ed1ng d\u01b0a l\u01b0\u1edbi nh\u1eadp kh\u1ea9u F.1 Hybrid<\/span><\/li>\n<li><span style=\"color: #000000;\">T\u1ef7 l\u1ec7 n\u1ea3y m\u1ea7m tr\u00ean 85%<\/span><\/li>\n<li><span style=\"color: #000000;\">Th\u00edch h\u1ee3p tr\u1ed3ng quanh n\u0103m \u1edf Vi\u1ec7t Nam<\/span><\/li>\n<li><span style=\"color: #000000;\">Tr\u1ed3ng nh\u00e0 m\u00e0ng v\u00e0 ngo\u00e0i r\u1eddi \u0111i\u1ec1u t\u1ed1t<\/span><\/li>\n<li><span style=\"color: #000000;\">V\u1ecf v\u00e0ng l\u01b0\u1edbi nhuy\u1ec5n ru\u1ed9t Cam, gi\u00f2n m\u1ecdng n\u01b0\u1edbc<\/span><\/li>\n<li>Tr\u1ecdng l\u01b0\u1ee3ng: 1,8 &#8211; 2,5 kg<\/li>\n<li>Th\u1eddi gian thu ho\u1ea1ch: 67 &#8211; 70 ng\u00e0y t\u00f9y m\u00f9a<\/li>\n<li>\u0110\u1ed9 Brix: 14 &#8211; 16<\/li>\n<\/ul>\n","protected":false},"featured_media":8316,"comment_status":"open","ping_status":"closed","template":"","meta":[],"product_cat":[1146],"product_tag":[],"yoast_head":"<!-- This site is optimized with the Yoast SEO plugin v17.6 - https:\/\/yoast.com\/wordpress\/plugins\/seo\/ -->\n<title>D\u01b0a L\u01b0\u1edbi HL1 - N\u00f4ng Ph\u00e1t<\/title>\n<meta name=\"description\" content=\"M\u00f4 t\u1ea3:   H\u1ea1t gi\u1ed1ng d\u01b0a l\u01b0\u1edbi nh\u1eadp kh\u1ea9u F.1 Hybrid  T\u1ef7 l\u1ec7 n\u1ea3y m\u1ea7m tr\u00ean 85%  Th\u00edch h\u1ee3p tr\u1ed3ng quanh n\u0103m \u1edf Vi\u1ec7t Nam  Tr\u1ed3ng nh\u00e0 m\u00e0ng v\u00e0 ngo\u00e0i r\u1eddi \u0111i\u1ec1u t\u1ed1t  V\u1ecf v\u00e0ng l\u01b0\u1edbi nhuy\u1ec5n ru\u1ed9t Cam, gi\u00f2n m\u1ecdng n\u01b0\u1edbc  Tr\u1ecdng l\u01b0\u1ee3ng: 1,8 - 2,5 kg  Th\u1eddi gian thu ho\u1ea1ch: 67 - 70 ng\u00e0y t\u00f9y m\u00f9a  \u0110\u1ed9 Brix: 14 - 16\" \/>\n<meta name=\"robots\" content=\"index, follow, max-snippet:-1, max-image-preview:large, max-video-preview:-1\" \/>\n<link rel=\"canonical\" href=\"https:\/\/nongphat.com.vn\/zh\/san-pham\/dua-luoi-hl1\/\" \/>\n<meta property=\"og:locale\" content=\"zh_CN\" \/>\n<meta property=\"og:type\" content=\"article\" \/>\n<meta property=\"og:title\" content=\"D\u01b0a L\u01b0\u1edbi HL1 - N\u00f4ng Ph\u00e1t\" \/>\n<meta property=\"og:description\" content=\"M\u00f4 t\u1ea3:   H\u1ea1t gi\u1ed1ng d\u01b0a l\u01b0\u1edbi nh\u1eadp kh\u1ea9u F.1 Hybrid  T\u1ef7 l\u1ec7 n\u1ea3y m\u1ea7m tr\u00ean 85%  Th\u00edch h\u1ee3p tr\u1ed3ng quanh n\u0103m \u1edf Vi\u1ec7t Nam  Tr\u1ed3ng nh\u00e0 m\u00e0ng v\u00e0 ngo\u00e0i r\u1eddi \u0111i\u1ec1u t\u1ed1t  V\u1ecf v\u00e0ng l\u01b0\u1edbi nhuy\u1ec5n ru\u1ed9t Cam, gi\u00f2n m\u1ecdng n\u01b0\u1edbc  Tr\u1ecdng l\u01b0\u1ee3ng: 1,8 - 2,5 kg  Th\u1eddi gian thu ho\u1ea1ch: 67 - 70 ng\u00e0y t\u00f9y m\u00f9a  \u0110\u1ed9 Brix: 14 - 16\" \/>\n<meta property=\"og:url\" content=\"https:\/\/nongphat.com.vn\/san-pham\/dua-luoi-hl1\/\" \/>\n<meta property=\"og:site_name\" content=\"N\u00f4ng Ph\u00e1t\" \/>\n<meta property=\"article:publisher\" content=\"https:\/\/www.facebook.com\/NONG.PHAT.Melon\" \/>\n<meta property=\"article:modified_time\" content=\"2022-11-29T06:44:22+00:00\" \/>\n<meta property=\"og:image\" content=\"https:\/\/nongphat.com.vn\/wp-content\/uploads\/2022\/07\/NL-01-001.jpg\" \/>\n\t<meta property=\"og:image:width\" content=\"470\" \/>\n\t<meta property=\"og:image:height\" content=\"470\" \/>\n<meta name=\"twitter:card\" content=\"summary_large_image\" \/>\n<script type=\"application\/ld+json\" class=\"yoast-schema-graph\">{\"@context\":\"https:\/\/schema.org\",\"@graph\":[{\"@type\":\"Organization\",\"@id\":\"https:\/\/nongphat.com.vn\/#organization\",\"name\":\"H\\u1ea1t Gi\\u1ed1ng Nh\\u1eadt B\\u1ea3n - N\\u00f4ng Ph\\u00e1t Farm\",\"url\":\"https:\/\/nongphat.com.vn\/\",\"sameAs\":[\"https:\/\/www.facebook.com\/NONG.PHAT.Melon\",\"https:\/\/www.instagram.com\/nongphatfarm\/\",\"https:\/\/www.youtube.com\/channel\/UCrgCTZ6Dmvhys0bbs6kXycg\"],\"logo\":{\"@type\":\"ImageObject\",\"@id\":\"https:\/\/nongphat.com.vn\/#logo\",\"inLanguage\":\"zh\",\"url\":\"https:\/\/nongphat.com.vn\/wp-content\/uploads\/2021\/06\/logo-nong-phat.jpg\",\"contentUrl\":\"https:\/\/nongphat.com.vn\/wp-content\/uploads\/2021\/06\/logo-nong-phat.jpg\",\"width\":1578,\"height\":1578,\"caption\":\"H\\u1ea1t Gi\\u1ed1ng Nh\\u1eadt B\\u1ea3n - N\\u00f4ng Ph\\u00e1t Farm\"},\"image\":{\"@id\":\"https:\/\/nongphat.com.vn\/#logo\"}},{\"@type\":\"WebSite\",\"@id\":\"https:\/\/nongphat.com.vn\/#website\",\"url\":\"https:\/\/nongphat.com.vn\/\",\"name\":\"N\\u00f4ng Ph\\u00e1t\",\"description\":\"H\\u1ea1t gi\\u1ed1ng Nh\\u1eadt B\\u1ea3n - N\\u00f4ng Ph\\u00e1t Farm\",\"publisher\":{\"@id\":\"https:\/\/nongphat.com.vn\/#organization\"},\"potentialAction\":[{\"@type\":\"SearchAction\",\"target\":{\"@type\":\"EntryPoint\",\"urlTemplate\":\"https:\/\/nongphat.com.vn\/?s={search_term_string}\"},\"query-input\":\"required name=search_term_string\"}],\"inLanguage\":\"zh\"},{\"@type\":\"ImageObject\",\"@id\":\"https:\/\/nongphat.com.vn\/san-pham\/dua-luoi-hl1\/#primaryimage\",\"inLanguage\":\"zh\",\"url\":\"https:\/\/nongphat.com.vn\/wp-content\/uploads\/2022\/07\/NL-01-001.jpg\",\"contentUrl\":\"https:\/\/nongphat.com.vn\/wp-content\/uploads\/2022\/07\/NL-01-001.jpg\",\"width\":470,\"height\":470},{\"@type\":\"WebPage\",\"@id\":\"https:\/\/nongphat.com.vn\/san-pham\/dua-luoi-hl1\/#webpage\",\"url\":\"https:\/\/nongphat.com.vn\/san-pham\/dua-luoi-hl1\/\",\"name\":\"D\\u01b0a L\\u01b0\\u1edbi HL1 - N\\u00f4ng Ph\\u00e1t\",\"isPartOf\":{\"@id\":\"https:\/\/nongphat.com.vn\/#website\"},\"primaryImageOfPage\":{\"@id\":\"https:\/\/nongphat.com.vn\/san-pham\/dua-luoi-hl1\/#primaryimage\"},\"datePublished\":\"2022-07-25T02:49:21+00:00\",\"dateModified\":\"2022-11-29T06:44:22+00:00\",\"description\":\"M\\u00f4 t\\u1ea3: H\\u1ea1t gi\\u1ed1ng d\\u01b0a l\\u01b0\\u1edbi nh\\u1eadp kh\\u1ea9u F.1 Hybrid T\\u1ef7 l\\u1ec7 n\\u1ea3y m\\u1ea7m tr\\u00ean 85% Th\\u00edch h\\u1ee3p tr\\u1ed3ng quanh n\\u0103m \\u1edf Vi\\u1ec7t Nam Tr\\u1ed3ng nh\\u00e0 m\\u00e0ng v\\u00e0 ngo\\u00e0i r\\u1eddi \\u0111i\\u1ec1u t\\u1ed1t V\\u1ecf v\\u00e0ng l\\u01b0\\u1edbi nhuy\\u1ec5n ru\\u1ed9t Cam, gi\\u00f2n m\\u1ecdng n\\u01b0\\u1edbc Tr\\u1ecdng l\\u01b0\\u1ee3ng: 1,8 - 2,5 kg Th\\u1eddi gian thu ho\\u1ea1ch: 67 - 70 ng\\u00e0y t\\u00f9y m\\u00f9a \\u0110\\u1ed9 Brix: 14 - 16\",\"breadcrumb\":{\"@id\":\"https:\/\/nongphat.com.vn\/san-pham\/dua-luoi-hl1\/#breadcrumb\"},\"inLanguage\":\"zh\",\"potentialAction\":[{\"@type\":\"ReadAction\",\"target\":[\"https:\/\/nongphat.com.vn\/san-pham\/dua-luoi-hl1\/\"]}]},{\"@type\":\"BreadcrumbList\",\"@id\":\"https:\/\/nongphat.com.vn\/san-pham\/dua-luoi-hl1\/#breadcrumb\",\"itemListElement\":[{\"@type\":\"ListItem\",\"position\":1,\"name\":\"\\u4e3b\\u9875\",\"item\":\"https:\/\/nongphat.com.vn\/zh\/\"},{\"@type\":\"ListItem\",\"position\":2,\"name\":\"\\u4ea7\\u54c1\",\"item\":\"https:\/\/nongphat.com.vn\/zh\/cua-hang\/\"},{\"@type\":\"ListItem\",\"position\":3,\"name\":\"D\\u01b0a L\\u01b0\\u1edbi HL1\"}]}]}<\/script>\n<!-- \/ Yoast SEO plugin. -->","yoast_head_json":{"title":"D\u01b0a L\u01b0\u1edbi HL1 - N\u00f4ng Ph\u00e1t","description":"M\u00f4 t\u1ea3:   H\u1ea1t gi\u1ed1ng d\u01b0a l\u01b0\u1edbi nh\u1eadp kh\u1ea9u F.1 Hybrid  T\u1ef7 l\u1ec7 n\u1ea3y m\u1ea7m tr\u00ean 85%  Th\u00edch h\u1ee3p tr\u1ed3ng quanh n\u0103m \u1edf Vi\u1ec7t Nam  Tr\u1ed3ng nh\u00e0 m\u00e0ng v\u00e0 ngo\u00e0i r\u1eddi \u0111i\u1ec1u t\u1ed1t  V\u1ecf v\u00e0ng l\u01b0\u1edbi nhuy\u1ec5n ru\u1ed9t Cam, gi\u00f2n m\u1ecdng n\u01b0\u1edbc  Tr\u1ecdng l\u01b0\u1ee3ng: 1,8 - 2,5 kg  Th\u1eddi gian thu ho\u1ea1ch: 67 - 70 ng\u00e0y t\u00f9y m\u00f9a  \u0110\u1ed9 Brix: 14 - 16","robots":{"index":"index","follow":"follow","max-snippet":"max-snippet:-1","max-image-preview":"max-image-preview:large","max-video-preview":"max-video-preview:-1"},"canonical":"https:\/\/nongphat.com.vn\/zh\/san-pham\/dua-luoi-hl1\/","og_locale":"zh_CN","og_type":"article","og_title":"D\u01b0a L\u01b0\u1edbi HL1 - N\u00f4ng Ph\u00e1t","og_description":"M\u00f4 t\u1ea3:   H\u1ea1t gi\u1ed1ng d\u01b0a l\u01b0\u1edbi nh\u1eadp kh\u1ea9u F.1 Hybrid  T\u1ef7 l\u1ec7 n\u1ea3y m\u1ea7m tr\u00ean 85%  Th\u00edch h\u1ee3p tr\u1ed3ng quanh n\u0103m \u1edf Vi\u1ec7t Nam  Tr\u1ed3ng nh\u00e0 m\u00e0ng v\u00e0 ngo\u00e0i r\u1eddi \u0111i\u1ec1u t\u1ed1t  V\u1ecf v\u00e0ng l\u01b0\u1edbi nhuy\u1ec5n ru\u1ed9t Cam, gi\u00f2n m\u1ecdng n\u01b0\u1edbc  Tr\u1ecdng l\u01b0\u1ee3ng: 1,8 - 2,5 kg  Th\u1eddi gian thu ho\u1ea1ch: 67 - 70 ng\u00e0y t\u00f9y m\u00f9a  \u0110\u1ed9 Brix: 14 - 16","og_url":"https:\/\/nongphat.com.vn\/san-pham\/dua-luoi-hl1\/","og_site_name":"N\u00f4ng Ph\u00e1t","article_publisher":"https:\/\/www.facebook.com\/NONG.PHAT.Melon","article_modified_time":"2022-11-29T06:44:22+00:00","og_image":[{"width":470,"height":470,"url":"https:\/\/nongphat.com.vn\/wp-content\/uploads\/2022\/07\/NL-01-001.jpg","type":"image\/jpeg"}],"twitter_card":"summary_large_image","schema":{"@context":"https:\/\/schema.org","@graph":[{"@type":"Organization","@id":"https:\/\/nongphat.com.vn\/#organization","name":"H\u1ea1t Gi\u1ed1ng Nh\u1eadt B\u1ea3n - N\u00f4ng Ph\u00e1t Farm","url":"https:\/\/nongphat.com.vn\/","sameAs":["https:\/\/www.facebook.com\/NONG.PHAT.Melon","https:\/\/www.instagram.com\/nongphatfarm\/","https:\/\/www.youtube.com\/channel\/UCrgCTZ6Dmvhys0bbs6kXycg"],"logo":{"@type":"ImageObject","@id":"https:\/\/nongphat.com.vn\/#logo","inLanguage":"zh","url":"https:\/\/nongphat.com.vn\/wp-content\/uploads\/2021\/06\/logo-nong-phat.jpg","contentUrl":"https:\/\/nongphat.com.vn\/wp-content\/uploads\/2021\/06\/logo-nong-phat.jpg","width":1578,"height":1578,"caption":"H\u1ea1t Gi\u1ed1ng Nh\u1eadt B\u1ea3n - N\u00f4ng Ph\u00e1t Farm"},"image":{"@id":"https:\/\/nongphat.com.vn\/#logo"}},{"@type":"WebSite","@id":"https:\/\/nongphat.com.vn\/#website","url":"https:\/\/nongphat.com.vn\/","name":"N\u00f4ng Ph\u00e1t","description":"H\u1ea1t gi\u1ed1ng Nh\u1eadt B\u1ea3n - N\u00f4ng Ph\u00e1t Farm","publisher":{"@id":"https:\/\/nongphat.com.vn\/#organization"},"potentialAction":[{"@type":"SearchAction","target":{"@type":"EntryPoint","urlTemplate":"https:\/\/nongphat.com.vn\/?s={search_term_string}"},"query-input":"required name=search_term_string"}],"inLanguage":"zh"},{"@type":"ImageObject","@id":"https:\/\/nongphat.com.vn\/san-pham\/dua-luoi-hl1\/#primaryimage","inLanguage":"zh","url":"https:\/\/nongphat.com.vn\/wp-content\/uploads\/2022\/07\/NL-01-001.jpg","contentUrl":"https:\/\/nongphat.com.vn\/wp-content\/uploads\/2022\/07\/NL-01-001.jpg","width":470,"height":470},{"@type":"WebPage","@id":"https:\/\/nongphat.com.vn\/san-pham\/dua-luoi-hl1\/#webpage","url":"https:\/\/nongphat.com.vn\/san-pham\/dua-luoi-hl1\/","name":"D\u01b0a L\u01b0\u1edbi HL1 - N\u00f4ng Ph\u00e1t","isPartOf":{"@id":"https:\/\/nongphat.com.vn\/#website"},"primaryImageOfPage":{"@id":"https:\/\/nongphat.com.vn\/san-pham\/dua-luoi-hl1\/#primaryimage"},"datePublished":"2022-07-25T02:49:21+00:00","dateModified":"2022-11-29T06:44:22+00:00","description":"M\u00f4 t\u1ea3: H\u1ea1t gi\u1ed1ng d\u01b0a l\u01b0\u1edbi nh\u1eadp kh\u1ea9u F.1 Hybrid T\u1ef7 l\u1ec7 n\u1ea3y m\u1ea7m tr\u00ean 85% Th\u00edch h\u1ee3p tr\u1ed3ng quanh n\u0103m \u1edf Vi\u1ec7t Nam Tr\u1ed3ng nh\u00e0 m\u00e0ng v\u00e0 ngo\u00e0i r\u1eddi \u0111i\u1ec1u t\u1ed1t V\u1ecf v\u00e0ng l\u01b0\u1edbi nhuy\u1ec5n ru\u1ed9t Cam, gi\u00f2n m\u1ecdng n\u01b0\u1edbc Tr\u1ecdng l\u01b0\u1ee3ng: 1,8 - 2,5 kg Th\u1eddi gian thu ho\u1ea1ch: 67 - 70 ng\u00e0y t\u00f9y m\u00f9a \u0110\u1ed9 Brix: 14 - 16","breadcrumb":{"@id":"https:\/\/nongphat.com.vn\/san-pham\/dua-luoi-hl1\/#breadcrumb"},"inLanguage":"zh","potentialAction":[{"@type":"ReadAction","target":["https:\/\/nongphat.com.vn\/san-pham\/dua-luoi-hl1\/"]}]},{"@type":"BreadcrumbList","@id":"https:\/\/nongphat.com.vn\/san-pham\/dua-luoi-hl1\/#breadcrumb","itemListElement":[{"@type":"ListItem","position":1,"name":"\u4e3b\u9875","item":"https:\/\/nongphat.com.vn\/zh\/"},{"@type":"ListItem","position":2,"name":"\u4ea7\u54c1","item":"https:\/\/nongphat.com.vn\/zh\/cua-hang\/"},{"@type":"ListItem","position":3,"name":"D\u01b0a L\u01b0\u1edbi HL1"}]}]}},"_links":{"self":[{"href":"https:\/\/nongphat.com.vn\/zh\/wp-json\/wp\/v2\/product\/8325"}],"collection":[{"href":"https:\/\/nongphat.com.vn\/zh\/wp-json\/wp\/v2\/product"}],"about":[{"href":"https:\/\/nongphat.com.vn\/zh\/wp-json\/wp\/v2\/types\/product"}],"replies":[{"embeddable":true,"href":"https:\/\/nongphat.com.vn\/zh\/wp-json\/wp\/v2\/comments?post=8325"}],"wp:featuredmedia":[{"embeddable":true,"href":"https:\/\/nongphat.com.vn\/zh\/wp-json\/wp\/v2\/media\/8316"}],"wp:attachment":[{"href":"https:\/\/nongphat.com.vn\/zh\/wp-json\/wp\/v2\/media?parent=8325"}],"wp:term":[{"taxonomy":"product_cat","embeddable":true,"href":"https:\/\/nongphat.com.vn\/zh\/wp-json\/wp\/v2\/product_cat?post=8325"},{"taxonomy":"product_tag","embeddable":true,"href":"https:\/\/nongphat.com.vn\/zh\/wp-json\/wp\/v2\/product_tag?post=8325"}],"curies":[{"name":"wp","href":"https:\/\/api.w.org\/{rel}","templated":true}]}}