{"id":8452,"date":"2022-09-22T17:37:22","date_gmt":"2022-09-22T10:37:22","guid":{"rendered":"https:\/\/nongphat.com.vn\/?post_type=product&#038;p=8452"},"modified":"2023-09-08T15:23:22","modified_gmt":"2023-09-08T08:23:22","slug":"cai-bo-xoi-raiden","status":"publish","type":"product","link":"https:\/\/nongphat.com.vn\/zh\/san-pham\/cai-bo-xoi-raiden\/","title":{"rendered":"H\u1ea1t Gi\u1ed1ng Rau B\u00f3 X\u00f4i (Ch\u00e2n v\u1ecbt) RAIDEN"},"content":{"rendered":"","protected":false},"excerpt":{"rendered":"<p><strong><span style=\"font-size: 130%; color: #f99b1c;\">M\u00f4 t\u1ea3:\u00a0<\/span><\/strong><\/p>\n<ul>\n<li><span style=\"color: #000000;\">Cu\u1ed1ng kh\u1ecfe l\u00e1 b\u1ef1, thu ho\u1ea1ch khi non d\u00f9ng cho tr\u1ebb em \u0103n r\u1ea5t ngon.<\/span><\/li>\n<li><span style=\"color: #000000;\">\u00a0Rau b\u00f3 x\u00f4i hay c\u00f2n g\u1ecdi l\u00e0 rau Ch\u00e2n V\u1ecbt ch\u1ee9a v\u00f4 v\u00e0n ch\u1ea5t dinh d\u01b0\u1ee1ng t\u1ed1t cho s\u1ee9c kh\u1ecfe c\u1ee7a m\u1eb9 b\u1ea7u v\u00e0 con nh\u1ecf<\/span><\/li>\n<li><span style=\"color: #000000;\">S\u1ee9c sinh tr\u01b0\u1edfng m\u00e3nh li\u1ec7t \u0111i k\u00e8m v\u1edbi kh\u1ea3 n\u0103ng kh\u00e1ng b\u1ec7nh c\u1ef1c t\u1ed1t gi\u00fap gi\u1ea3m t\u1ed1i \u0111a c\u00f4ng tr\u0103m s\u00f3c<\/span><\/li>\n<li><span style=\"color: #000000;\">Gi\u1ed1ng rau d\u1ec5 tr\u1ed3ng, kh\u00e1ng b\u1ec7nh t\u1ed1t v\u00e0 tr\u1ed3ng \u0111\u01b0\u1ee3c quanh n\u0103m<\/span><\/li>\n<li><span style=\"color: #000000;\">\u0110\u00e2y l\u00e0 gi\u1ed1ng ch\u1ecbu nhi\u1ec7t, d\u00f9ng tr\u1ed3ng cho v\u00f9ng Nhi\u1ec7t \u0110\u1edbi nh\u01b0 Vi\u1ec7t Nam<\/span><\/li>\n<li><span style=\"color: #000000;\">T\u1ec9 l\u1ec7 n\u1ea3y m\u1ea7m cao, h\u1ea1t n\u1ea3y m\u1ea7m \u0111\u1ed3ng \u0111\u1ec1u, n\u0103ng su\u1ea5t t\u1ed1t.<\/span><\/li>\n<li><span style=\"color: #000000;\">Gi\u1ed1ng C\u1ea3i b\u00f3 x\u00f4i F1 Hyprid<\/span><\/li>\n<li><span style=\"color: #000000;\">T\u1ef7 l\u1ec7 n\u1ea3y m\u1ea7m: &gt; 85%<\/span><\/li>\n<li><span style=\"color: #000000;\">Th\u1eddi gian thu ho\u1ea1ch: 21 &#8211; 30 ng\u00e0y sau tr\u1ed3ng<\/span><\/li>\n<li><span style=\"color: #000000;\">Th\u1eddi v\u1ee5 tr\u1ed3ng: quanh n\u0103m<\/span><\/li>\n<\/ul>\n","protected":false},"featured_media":8457,"comment_status":"open","ping_status":"closed","template":"","meta":[],"product_cat":[1294,1228],"product_tag":[],"yoast_head":"<!-- This site is optimized with the Yoast SEO plugin v17.6 - https:\/\/yoast.com\/wordpress\/plugins\/seo\/ -->\n<title>H\u1ea1t Gi\u1ed1ng Rau B\u00f3 X\u00f4i (Ch\u00e2n v\u1ecbt) RAIDEN - N\u00f4ng Ph\u00e1t<\/title>\n<meta name=\"description\" content=\"M\u00f4 t\u1ea3:\u00a0   Cu\u1ed1ng kh\u1ecfe l\u00e1 b\u1ef1, thu ho\u1ea1ch khi non d\u00f9ng cho tr\u1ebb em \u0103n r\u1ea5t ngon.  \u00a0Rau b\u00f3 x\u00f4i hay c\u00f2n g\u1ecdi l\u00e0 rau Ch\u00e2n V\u1ecbt ch\u1ee9a v\u00f4 v\u00e0n ch\u1ea5t dinh d\u01b0\u1ee1ng t\u1ed1t cho s\u1ee9c kh\u1ecfe c\u1ee7a m\u1eb9 b\u1ea7u v\u00e0 con nh\u1ecf  S\u1ee9c sinh tr\u01b0\u1edfng m\u00e3nh li\u1ec7t \u0111i k\u00e8m v\u1edbi kh\u1ea3 n\u0103ng kh\u00e1ng b\u1ec7nh c\u1ef1c t\u1ed1t gi\u00fap gi\u1ea3m t\u1ed1i \u0111a c\u00f4ng tr\u0103m s\u00f3c  Gi\u1ed1ng rau d\u1ec5 tr\u1ed3ng, kh\u00e1ng b\u1ec7nh t\u1ed1t v\u00e0 tr\u1ed3ng \u0111\u01b0\u1ee3c quanh n\u0103m  \u0110\u00e2y l\u00e0 gi\u1ed1ng ch\u1ecbu nhi\u1ec7t, d\u00f9ng tr\u1ed3ng cho v\u00f9ng Nhi\u1ec7t \u0110\u1edbi nh\u01b0 Vi\u1ec7t Nam  T\u1ec9 l\u1ec7 n\u1ea3y m\u1ea7m cao, h\u1ea1t n\u1ea3y m\u1ea7m \u0111\u1ed3ng \u0111\u1ec1u, n\u0103ng su\u1ea5t t\u1ed1t.  Gi\u1ed1ng C\u1ea3i b\u00f3 x\u00f4i F1 Hyprid  T\u1ef7 l\u1ec7 n\u1ea3y m\u1ea7m: &gt; 85%  Th\u1eddi gian thu ho\u1ea1ch: 21 - 30 ng\u00e0y sau tr\u1ed3ng  Th\u1eddi v\u1ee5 tr\u1ed3ng: quanh n\u0103m\" \/>\n<meta name=\"robots\" content=\"index, follow, max-snippet:-1, max-image-preview:large, max-video-preview:-1\" \/>\n<link rel=\"canonical\" href=\"https:\/\/nongphat.com.vn\/zh\/san-pham\/cai-bo-xoi-raiden\/\" \/>\n<meta property=\"og:locale\" content=\"zh_CN\" \/>\n<meta property=\"og:type\" content=\"article\" \/>\n<meta property=\"og:title\" content=\"H\u1ea1t Gi\u1ed1ng Rau B\u00f3 X\u00f4i (Ch\u00e2n v\u1ecbt) RAIDEN - N\u00f4ng Ph\u00e1t\" \/>\n<meta property=\"og:description\" content=\"M\u00f4 t\u1ea3:\u00a0   Cu\u1ed1ng kh\u1ecfe l\u00e1 b\u1ef1, thu ho\u1ea1ch khi non d\u00f9ng cho tr\u1ebb em \u0103n r\u1ea5t ngon.  \u00a0Rau b\u00f3 x\u00f4i hay c\u00f2n g\u1ecdi l\u00e0 rau Ch\u00e2n V\u1ecbt ch\u1ee9a v\u00f4 v\u00e0n ch\u1ea5t dinh d\u01b0\u1ee1ng t\u1ed1t cho s\u1ee9c kh\u1ecfe c\u1ee7a m\u1eb9 b\u1ea7u v\u00e0 con nh\u1ecf  S\u1ee9c sinh tr\u01b0\u1edfng m\u00e3nh li\u1ec7t \u0111i k\u00e8m v\u1edbi kh\u1ea3 n\u0103ng kh\u00e1ng b\u1ec7nh c\u1ef1c t\u1ed1t gi\u00fap gi\u1ea3m t\u1ed1i \u0111a c\u00f4ng tr\u0103m s\u00f3c  Gi\u1ed1ng rau d\u1ec5 tr\u1ed3ng, kh\u00e1ng b\u1ec7nh t\u1ed1t v\u00e0 tr\u1ed3ng \u0111\u01b0\u1ee3c quanh n\u0103m  \u0110\u00e2y l\u00e0 gi\u1ed1ng ch\u1ecbu nhi\u1ec7t, d\u00f9ng tr\u1ed3ng cho v\u00f9ng Nhi\u1ec7t \u0110\u1edbi nh\u01b0 Vi\u1ec7t Nam  T\u1ec9 l\u1ec7 n\u1ea3y m\u1ea7m cao, h\u1ea1t n\u1ea3y m\u1ea7m \u0111\u1ed3ng \u0111\u1ec1u, n\u0103ng su\u1ea5t t\u1ed1t.  Gi\u1ed1ng C\u1ea3i b\u00f3 x\u00f4i F1 Hyprid  T\u1ef7 l\u1ec7 n\u1ea3y m\u1ea7m: &gt; 85%  Th\u1eddi gian thu ho\u1ea1ch: 21 - 30 ng\u00e0y sau tr\u1ed3ng  Th\u1eddi v\u1ee5 tr\u1ed3ng: quanh n\u0103m\" \/>\n<meta property=\"og:url\" content=\"https:\/\/nongphat.com.vn\/san-pham\/cai-bo-xoi-raiden\/\" \/>\n<meta property=\"og:site_name\" content=\"N\u00f4ng Ph\u00e1t\" \/>\n<meta property=\"article:publisher\" content=\"https:\/\/www.facebook.com\/NONG.PHAT.Melon\" \/>\n<meta property=\"article:modified_time\" content=\"2023-09-08T08:23:22+00:00\" \/>\n<meta property=\"og:image\" content=\"https:\/\/nongphat.com.vn\/wp-content\/uploads\/2022\/09\/bo\u0301-xo\u0302i-raiden.jpg\" \/>\n\t<meta property=\"og:image:width\" content=\"1064\" \/>\n\t<meta property=\"og:image:height\" content=\"1064\" \/>\n<meta name=\"twitter:card\" content=\"summary_large_image\" \/>\n<script type=\"application\/ld+json\" class=\"yoast-schema-graph\">{\"@context\":\"https:\/\/schema.org\",\"@graph\":[{\"@type\":\"Organization\",\"@id\":\"https:\/\/nongphat.com.vn\/#organization\",\"name\":\"H\\u1ea1t Gi\\u1ed1ng Nh\\u1eadt B\\u1ea3n - N\\u00f4ng Ph\\u00e1t Farm\",\"url\":\"https:\/\/nongphat.com.vn\/\",\"sameAs\":[\"https:\/\/www.facebook.com\/NONG.PHAT.Melon\",\"https:\/\/www.instagram.com\/nongphatfarm\/\",\"https:\/\/www.youtube.com\/channel\/UCrgCTZ6Dmvhys0bbs6kXycg\"],\"logo\":{\"@type\":\"ImageObject\",\"@id\":\"https:\/\/nongphat.com.vn\/#logo\",\"inLanguage\":\"zh\",\"url\":\"https:\/\/nongphat.com.vn\/wp-content\/uploads\/2021\/06\/logo-nong-phat.jpg\",\"contentUrl\":\"https:\/\/nongphat.com.vn\/wp-content\/uploads\/2021\/06\/logo-nong-phat.jpg\",\"width\":1578,\"height\":1578,\"caption\":\"H\\u1ea1t Gi\\u1ed1ng Nh\\u1eadt B\\u1ea3n - N\\u00f4ng Ph\\u00e1t Farm\"},\"image\":{\"@id\":\"https:\/\/nongphat.com.vn\/#logo\"}},{\"@type\":\"WebSite\",\"@id\":\"https:\/\/nongphat.com.vn\/#website\",\"url\":\"https:\/\/nongphat.com.vn\/\",\"name\":\"N\\u00f4ng Ph\\u00e1t\",\"description\":\"H\\u1ea1t gi\\u1ed1ng Nh\\u1eadt B\\u1ea3n - N\\u00f4ng Ph\\u00e1t Farm\",\"publisher\":{\"@id\":\"https:\/\/nongphat.com.vn\/#organization\"},\"potentialAction\":[{\"@type\":\"SearchAction\",\"target\":{\"@type\":\"EntryPoint\",\"urlTemplate\":\"https:\/\/nongphat.com.vn\/?s={search_term_string}\"},\"query-input\":\"required name=search_term_string\"}],\"inLanguage\":\"zh\"},{\"@type\":\"ImageObject\",\"@id\":\"https:\/\/nongphat.com.vn\/san-pham\/cai-bo-xoi-raiden\/#primaryimage\",\"inLanguage\":\"zh\",\"url\":\"https:\/\/nongphat.com.vn\/wp-content\/uploads\/2022\/09\/bo\\u0301-xo\\u0302i-raiden.jpg\",\"contentUrl\":\"https:\/\/nongphat.com.vn\/wp-content\/uploads\/2022\/09\/bo\\u0301-xo\\u0302i-raiden.jpg\",\"width\":1064,\"height\":1064},{\"@type\":\"WebPage\",\"@id\":\"https:\/\/nongphat.com.vn\/san-pham\/cai-bo-xoi-raiden\/#webpage\",\"url\":\"https:\/\/nongphat.com.vn\/san-pham\/cai-bo-xoi-raiden\/\",\"name\":\"H\\u1ea1t Gi\\u1ed1ng Rau B\\u00f3 X\\u00f4i (Ch\\u00e2n v\\u1ecbt) RAIDEN - N\\u00f4ng Ph\\u00e1t\",\"isPartOf\":{\"@id\":\"https:\/\/nongphat.com.vn\/#website\"},\"primaryImageOfPage\":{\"@id\":\"https:\/\/nongphat.com.vn\/san-pham\/cai-bo-xoi-raiden\/#primaryimage\"},\"datePublished\":\"2022-09-22T10:37:22+00:00\",\"dateModified\":\"2023-09-08T08:23:22+00:00\",\"description\":\"M\\u00f4 t\\u1ea3:\\u00a0 Cu\\u1ed1ng kh\\u1ecfe l\\u00e1 b\\u1ef1, thu ho\\u1ea1ch khi non d\\u00f9ng cho tr\\u1ebb em \\u0103n r\\u1ea5t ngon. \\u00a0Rau b\\u00f3 x\\u00f4i hay c\\u00f2n g\\u1ecdi l\\u00e0 rau Ch\\u00e2n V\\u1ecbt ch\\u1ee9a v\\u00f4 v\\u00e0n ch\\u1ea5t dinh d\\u01b0\\u1ee1ng t\\u1ed1t cho s\\u1ee9c kh\\u1ecfe c\\u1ee7a m\\u1eb9 b\\u1ea7u v\\u00e0 con nh\\u1ecf S\\u1ee9c sinh tr\\u01b0\\u1edfng m\\u00e3nh li\\u1ec7t \\u0111i k\\u00e8m v\\u1edbi kh\\u1ea3 n\\u0103ng kh\\u00e1ng b\\u1ec7nh c\\u1ef1c t\\u1ed1t gi\\u00fap gi\\u1ea3m t\\u1ed1i \\u0111a c\\u00f4ng tr\\u0103m s\\u00f3c Gi\\u1ed1ng rau d\\u1ec5 tr\\u1ed3ng, kh\\u00e1ng b\\u1ec7nh t\\u1ed1t v\\u00e0 tr\\u1ed3ng \\u0111\\u01b0\\u1ee3c quanh n\\u0103m \\u0110\\u00e2y l\\u00e0 gi\\u1ed1ng ch\\u1ecbu nhi\\u1ec7t, d\\u00f9ng tr\\u1ed3ng cho v\\u00f9ng Nhi\\u1ec7t \\u0110\\u1edbi nh\\u01b0 Vi\\u1ec7t Nam T\\u1ec9 l\\u1ec7 n\\u1ea3y m\\u1ea7m cao, h\\u1ea1t n\\u1ea3y m\\u1ea7m \\u0111\\u1ed3ng \\u0111\\u1ec1u, n\\u0103ng su\\u1ea5t t\\u1ed1t. Gi\\u1ed1ng C\\u1ea3i b\\u00f3 x\\u00f4i F1 Hyprid T\\u1ef7 l\\u1ec7 n\\u1ea3y m\\u1ea7m: &gt; 85% Th\\u1eddi gian thu ho\\u1ea1ch: 21 - 30 ng\\u00e0y sau tr\\u1ed3ng Th\\u1eddi v\\u1ee5 tr\\u1ed3ng: quanh n\\u0103m\",\"breadcrumb\":{\"@id\":\"https:\/\/nongphat.com.vn\/san-pham\/cai-bo-xoi-raiden\/#breadcrumb\"},\"inLanguage\":\"zh\",\"potentialAction\":[{\"@type\":\"ReadAction\",\"target\":[\"https:\/\/nongphat.com.vn\/san-pham\/cai-bo-xoi-raiden\/\"]}]},{\"@type\":\"BreadcrumbList\",\"@id\":\"https:\/\/nongphat.com.vn\/san-pham\/cai-bo-xoi-raiden\/#breadcrumb\",\"itemListElement\":[{\"@type\":\"ListItem\",\"position\":1,\"name\":\"\\u4e3b\\u9875\",\"item\":\"https:\/\/nongphat.com.vn\/zh\/\"},{\"@type\":\"ListItem\",\"position\":2,\"name\":\"\\u4ea7\\u54c1\",\"item\":\"https:\/\/nongphat.com.vn\/zh\/cua-hang\/\"},{\"@type\":\"ListItem\",\"position\":3,\"name\":\"H\\u1ea1t Gi\\u1ed1ng Rau B\\u00f3 X\\u00f4i (Ch\\u00e2n v\\u1ecbt) RAIDEN\"}]}]}<\/script>\n<!-- \/ Yoast SEO plugin. -->","yoast_head_json":{"title":"H\u1ea1t Gi\u1ed1ng Rau B\u00f3 X\u00f4i (Ch\u00e2n v\u1ecbt) RAIDEN - N\u00f4ng Ph\u00e1t","description":"M\u00f4 t\u1ea3:\u00a0   Cu\u1ed1ng kh\u1ecfe l\u00e1 b\u1ef1, thu ho\u1ea1ch khi non d\u00f9ng cho tr\u1ebb em \u0103n r\u1ea5t ngon.  \u00a0Rau b\u00f3 x\u00f4i hay c\u00f2n g\u1ecdi l\u00e0 rau Ch\u00e2n V\u1ecbt ch\u1ee9a v\u00f4 v\u00e0n ch\u1ea5t dinh d\u01b0\u1ee1ng t\u1ed1t cho s\u1ee9c kh\u1ecfe c\u1ee7a m\u1eb9 b\u1ea7u v\u00e0 con nh\u1ecf  S\u1ee9c sinh tr\u01b0\u1edfng m\u00e3nh li\u1ec7t \u0111i k\u00e8m v\u1edbi kh\u1ea3 n\u0103ng kh\u00e1ng b\u1ec7nh c\u1ef1c t\u1ed1t gi\u00fap gi\u1ea3m t\u1ed1i \u0111a c\u00f4ng tr\u0103m s\u00f3c  Gi\u1ed1ng rau d\u1ec5 tr\u1ed3ng, kh\u00e1ng b\u1ec7nh t\u1ed1t v\u00e0 tr\u1ed3ng \u0111\u01b0\u1ee3c quanh n\u0103m  \u0110\u00e2y l\u00e0 gi\u1ed1ng ch\u1ecbu nhi\u1ec7t, d\u00f9ng tr\u1ed3ng cho v\u00f9ng Nhi\u1ec7t \u0110\u1edbi nh\u01b0 Vi\u1ec7t Nam  T\u1ec9 l\u1ec7 n\u1ea3y m\u1ea7m cao, h\u1ea1t n\u1ea3y m\u1ea7m \u0111\u1ed3ng \u0111\u1ec1u, n\u0103ng su\u1ea5t t\u1ed1t.  Gi\u1ed1ng C\u1ea3i b\u00f3 x\u00f4i F1 Hyprid  T\u1ef7 l\u1ec7 n\u1ea3y m\u1ea7m: &gt; 85%  Th\u1eddi gian thu ho\u1ea1ch: 21 - 30 ng\u00e0y sau tr\u1ed3ng  Th\u1eddi v\u1ee5 tr\u1ed3ng: quanh n\u0103m","robots":{"index":"index","follow":"follow","max-snippet":"max-snippet:-1","max-image-preview":"max-image-preview:large","max-video-preview":"max-video-preview:-1"},"canonical":"https:\/\/nongphat.com.vn\/zh\/san-pham\/cai-bo-xoi-raiden\/","og_locale":"zh_CN","og_type":"article","og_title":"H\u1ea1t Gi\u1ed1ng Rau B\u00f3 X\u00f4i (Ch\u00e2n v\u1ecbt) RAIDEN - N\u00f4ng Ph\u00e1t","og_description":"M\u00f4 t\u1ea3:\u00a0   Cu\u1ed1ng kh\u1ecfe l\u00e1 b\u1ef1, thu ho\u1ea1ch khi non d\u00f9ng cho tr\u1ebb em \u0103n r\u1ea5t ngon.  \u00a0Rau b\u00f3 x\u00f4i hay c\u00f2n g\u1ecdi l\u00e0 rau Ch\u00e2n V\u1ecbt ch\u1ee9a v\u00f4 v\u00e0n ch\u1ea5t dinh d\u01b0\u1ee1ng t\u1ed1t cho s\u1ee9c kh\u1ecfe c\u1ee7a m\u1eb9 b\u1ea7u v\u00e0 con nh\u1ecf  S\u1ee9c sinh tr\u01b0\u1edfng m\u00e3nh li\u1ec7t \u0111i k\u00e8m v\u1edbi kh\u1ea3 n\u0103ng kh\u00e1ng b\u1ec7nh c\u1ef1c t\u1ed1t gi\u00fap gi\u1ea3m t\u1ed1i \u0111a c\u00f4ng tr\u0103m s\u00f3c  Gi\u1ed1ng rau d\u1ec5 tr\u1ed3ng, kh\u00e1ng b\u1ec7nh t\u1ed1t v\u00e0 tr\u1ed3ng \u0111\u01b0\u1ee3c quanh n\u0103m  \u0110\u00e2y l\u00e0 gi\u1ed1ng ch\u1ecbu nhi\u1ec7t, d\u00f9ng tr\u1ed3ng cho v\u00f9ng Nhi\u1ec7t \u0110\u1edbi nh\u01b0 Vi\u1ec7t Nam  T\u1ec9 l\u1ec7 n\u1ea3y m\u1ea7m cao, h\u1ea1t n\u1ea3y m\u1ea7m \u0111\u1ed3ng \u0111\u1ec1u, n\u0103ng su\u1ea5t t\u1ed1t.  Gi\u1ed1ng C\u1ea3i b\u00f3 x\u00f4i F1 Hyprid  T\u1ef7 l\u1ec7 n\u1ea3y m\u1ea7m: &gt; 85%  Th\u1eddi gian thu ho\u1ea1ch: 21 - 30 ng\u00e0y sau tr\u1ed3ng  Th\u1eddi v\u1ee5 tr\u1ed3ng: quanh n\u0103m","og_url":"https:\/\/nongphat.com.vn\/san-pham\/cai-bo-xoi-raiden\/","og_site_name":"N\u00f4ng Ph\u00e1t","article_publisher":"https:\/\/www.facebook.com\/NONG.PHAT.Melon","article_modified_time":"2023-09-08T08:23:22+00:00","og_image":[{"width":1064,"height":1064,"url":"https:\/\/nongphat.com.vn\/wp-content\/uploads\/2022\/09\/bo\u0301-xo\u0302i-raiden.jpg","type":"image\/jpeg"}],"twitter_card":"summary_large_image","schema":{"@context":"https:\/\/schema.org","@graph":[{"@type":"Organization","@id":"https:\/\/nongphat.com.vn\/#organization","name":"H\u1ea1t Gi\u1ed1ng Nh\u1eadt B\u1ea3n - N\u00f4ng Ph\u00e1t Farm","url":"https:\/\/nongphat.com.vn\/","sameAs":["https:\/\/www.facebook.com\/NONG.PHAT.Melon","https:\/\/www.instagram.com\/nongphatfarm\/","https:\/\/www.youtube.com\/channel\/UCrgCTZ6Dmvhys0bbs6kXycg"],"logo":{"@type":"ImageObject","@id":"https:\/\/nongphat.com.vn\/#logo","inLanguage":"zh","url":"https:\/\/nongphat.com.vn\/wp-content\/uploads\/2021\/06\/logo-nong-phat.jpg","contentUrl":"https:\/\/nongphat.com.vn\/wp-content\/uploads\/2021\/06\/logo-nong-phat.jpg","width":1578,"height":1578,"caption":"H\u1ea1t Gi\u1ed1ng Nh\u1eadt B\u1ea3n - N\u00f4ng Ph\u00e1t Farm"},"image":{"@id":"https:\/\/nongphat.com.vn\/#logo"}},{"@type":"WebSite","@id":"https:\/\/nongphat.com.vn\/#website","url":"https:\/\/nongphat.com.vn\/","name":"N\u00f4ng Ph\u00e1t","description":"H\u1ea1t gi\u1ed1ng Nh\u1eadt B\u1ea3n - N\u00f4ng Ph\u00e1t Farm","publisher":{"@id":"https:\/\/nongphat.com.vn\/#organization"},"potentialAction":[{"@type":"SearchAction","target":{"@type":"EntryPoint","urlTemplate":"https:\/\/nongphat.com.vn\/?s={search_term_string}"},"query-input":"required name=search_term_string"}],"inLanguage":"zh"},{"@type":"ImageObject","@id":"https:\/\/nongphat.com.vn\/san-pham\/cai-bo-xoi-raiden\/#primaryimage","inLanguage":"zh","url":"https:\/\/nongphat.com.vn\/wp-content\/uploads\/2022\/09\/bo\u0301-xo\u0302i-raiden.jpg","contentUrl":"https:\/\/nongphat.com.vn\/wp-content\/uploads\/2022\/09\/bo\u0301-xo\u0302i-raiden.jpg","width":1064,"height":1064},{"@type":"WebPage","@id":"https:\/\/nongphat.com.vn\/san-pham\/cai-bo-xoi-raiden\/#webpage","url":"https:\/\/nongphat.com.vn\/san-pham\/cai-bo-xoi-raiden\/","name":"H\u1ea1t Gi\u1ed1ng Rau B\u00f3 X\u00f4i (Ch\u00e2n v\u1ecbt) RAIDEN - N\u00f4ng Ph\u00e1t","isPartOf":{"@id":"https:\/\/nongphat.com.vn\/#website"},"primaryImageOfPage":{"@id":"https:\/\/nongphat.com.vn\/san-pham\/cai-bo-xoi-raiden\/#primaryimage"},"datePublished":"2022-09-22T10:37:22+00:00","dateModified":"2023-09-08T08:23:22+00:00","description":"M\u00f4 t\u1ea3:\u00a0 Cu\u1ed1ng kh\u1ecfe l\u00e1 b\u1ef1, thu ho\u1ea1ch khi non d\u00f9ng cho tr\u1ebb em \u0103n r\u1ea5t ngon. \u00a0Rau b\u00f3 x\u00f4i hay c\u00f2n g\u1ecdi l\u00e0 rau Ch\u00e2n V\u1ecbt ch\u1ee9a v\u00f4 v\u00e0n ch\u1ea5t dinh d\u01b0\u1ee1ng t\u1ed1t cho s\u1ee9c kh\u1ecfe c\u1ee7a m\u1eb9 b\u1ea7u v\u00e0 con nh\u1ecf S\u1ee9c sinh tr\u01b0\u1edfng m\u00e3nh li\u1ec7t \u0111i k\u00e8m v\u1edbi kh\u1ea3 n\u0103ng kh\u00e1ng b\u1ec7nh c\u1ef1c t\u1ed1t gi\u00fap gi\u1ea3m t\u1ed1i \u0111a c\u00f4ng tr\u0103m s\u00f3c Gi\u1ed1ng rau d\u1ec5 tr\u1ed3ng, kh\u00e1ng b\u1ec7nh t\u1ed1t v\u00e0 tr\u1ed3ng \u0111\u01b0\u1ee3c quanh n\u0103m \u0110\u00e2y l\u00e0 gi\u1ed1ng ch\u1ecbu nhi\u1ec7t, d\u00f9ng tr\u1ed3ng cho v\u00f9ng Nhi\u1ec7t \u0110\u1edbi nh\u01b0 Vi\u1ec7t Nam T\u1ec9 l\u1ec7 n\u1ea3y m\u1ea7m cao, h\u1ea1t n\u1ea3y m\u1ea7m \u0111\u1ed3ng \u0111\u1ec1u, n\u0103ng su\u1ea5t t\u1ed1t. Gi\u1ed1ng C\u1ea3i b\u00f3 x\u00f4i F1 Hyprid T\u1ef7 l\u1ec7 n\u1ea3y m\u1ea7m: &gt; 85% Th\u1eddi gian thu ho\u1ea1ch: 21 - 30 ng\u00e0y sau tr\u1ed3ng Th\u1eddi v\u1ee5 tr\u1ed3ng: quanh n\u0103m","breadcrumb":{"@id":"https:\/\/nongphat.com.vn\/san-pham\/cai-bo-xoi-raiden\/#breadcrumb"},"inLanguage":"zh","potentialAction":[{"@type":"ReadAction","target":["https:\/\/nongphat.com.vn\/san-pham\/cai-bo-xoi-raiden\/"]}]},{"@type":"BreadcrumbList","@id":"https:\/\/nongphat.com.vn\/san-pham\/cai-bo-xoi-raiden\/#breadcrumb","itemListElement":[{"@type":"ListItem","position":1,"name":"\u4e3b\u9875","item":"https:\/\/nongphat.com.vn\/zh\/"},{"@type":"ListItem","position":2,"name":"\u4ea7\u54c1","item":"https:\/\/nongphat.com.vn\/zh\/cua-hang\/"},{"@type":"ListItem","position":3,"name":"H\u1ea1t Gi\u1ed1ng Rau B\u00f3 X\u00f4i (Ch\u00e2n v\u1ecbt) RAIDEN"}]}]}},"_links":{"self":[{"href":"https:\/\/nongphat.com.vn\/zh\/wp-json\/wp\/v2\/product\/8452"}],"collection":[{"href":"https:\/\/nongphat.com.vn\/zh\/wp-json\/wp\/v2\/product"}],"about":[{"href":"https:\/\/nongphat.com.vn\/zh\/wp-json\/wp\/v2\/types\/product"}],"replies":[{"embeddable":true,"href":"https:\/\/nongphat.com.vn\/zh\/wp-json\/wp\/v2\/comments?post=8452"}],"wp:featuredmedia":[{"embeddable":true,"href":"https:\/\/nongphat.com.vn\/zh\/wp-json\/wp\/v2\/media\/8457"}],"wp:attachment":[{"href":"https:\/\/nongphat.com.vn\/zh\/wp-json\/wp\/v2\/media?parent=8452"}],"wp:term":[{"taxonomy":"product_cat","embeddable":true,"href":"https:\/\/nongphat.com.vn\/zh\/wp-json\/wp\/v2\/product_cat?post=8452"},{"taxonomy":"product_tag","embeddable":true,"href":"https:\/\/nongphat.com.vn\/zh\/wp-json\/wp\/v2\/product_tag?post=8452"}],"curies":[{"name":"wp","href":"https:\/\/api.w.org\/{rel}","templated":true}]}}