{"id":8467,"date":"2022-09-22T17:48:42","date_gmt":"2022-09-22T10:48:42","guid":{"rendered":"https:\/\/nongphat.com.vn\/?post_type=product&#038;p=8467"},"modified":"2023-09-08T14:40:00","modified_gmt":"2023-09-08T07:40:00","slug":"cai-thia-xanh-pk-02","status":"publish","type":"product","link":"https:\/\/nongphat.com.vn\/zh\/san-pham\/cai-thia-xanh-pk-02\/","title":{"rendered":"H\u1ea1t Gi\u1ed1ng C\u1ea3i Th\u00eca Xanh PK-02"},"content":{"rendered":"","protected":false},"excerpt":{"rendered":"<p><strong><span style=\"font-size: 130%; color: #f99b1c;\">M\u00f4 t\u1ea3:\u00a0<\/span><\/strong><\/p>\n<ul>\n<li><span style=\"color: #000000;\">B\u1eb9 l\u00e1 cao th\u1eb3ng r\u1ea5t \u0111\u1eb9p, t\u00e1n l\u00e1 r\u1ed9ng m\u00e0u xanh m\u00e1t \u0111\u1eb9p m\u1eaft<\/span><\/li>\n<li><span style=\"color: #000000;\">C\u1ea3i th\u00eca \u0111\u01b0\u1ee3c tr\u1ed3ng r\u1ea5t ph\u1ed5 bi\u1ebfn t\u1ea1i Vi\u1ec7t Nam t\u1eeb canh t\u00e1c\u00a0 th\u1ee7y c\u1ea3nh, th\u1ed5 canh quy m\u00f4 l\u1edbn \u0111\u1ebfn c\u00e1c h\u1ed9 gia \u0111\u00ecnh nh\u1ecf tr\u1ed3ng s\u00e2n th\u01b0\u1ee3ng.<\/span><\/li>\n<li><span style=\"color: #000000;\">C\u1ea3i th\u00eca r\u1ea5t d\u1ec5 tr\u1ed3ng, kh\u00f4ng c\u1ea7n ph\u1ea3i ch\u0103m s\u00f3c nhi\u1ec1u. Trong c\u1ea3i th\u00eca l\u1ea1i c\u00f3 v\u00f4 v\u00e0n ch\u1ea5t dinh d\u01b0\u1ee1ng c\u00f3 l\u1ee3i cho s\u1ee9c kh\u1ecfe.<\/span><\/li>\n<li><span style=\"color: #000000;\">T\u1ec9 l\u1ec7 n\u1ea3y m\u1ea7m cao, h\u1ea1t n\u1ea3y m\u1ea7m \u0111\u1ed3ng \u0111\u1ec1u, n\u0103ng su\u1ea5t t\u1ed1t<\/span><\/li>\n<li><span style=\"color: #000000;\">Gi\u1ed1ng C\u1ea3i Th\u00eca F1 Hyprid<\/span><\/li>\n<li><span style=\"color: #000000;\">T\u1ef7 l\u1ec7 n\u1ea3y m\u1ea7m: &gt; 85%<\/span><\/li>\n<li><span style=\"color: #000000;\">Tr\u1ecdng l\u01b0\u1ee3ng: 200 &#8211; 250 gram\/c\u00e2y<\/span><\/li>\n<li><span style=\"color: #000000;\">Th\u1eddi gian thu ho\u1ea1ch: 25-30 ng\u00e0y sau khi gieo h\u1ea1t<\/span><\/li>\n<li><span style=\"color: #000000;\">Th\u1eddi v\u1ee5 tr\u1ed3ng: quanh n\u0103m<\/span><\/li>\n<\/ul>\n","protected":false},"featured_media":8468,"comment_status":"open","ping_status":"closed","template":"","meta":[],"product_cat":[1290,1228],"product_tag":[],"yoast_head":"<!-- This site is optimized with the Yoast SEO plugin v17.6 - https:\/\/yoast.com\/wordpress\/plugins\/seo\/ -->\n<title>H\u1ea1t Gi\u1ed1ng C\u1ea3i Th\u00eca Xanh PK-02 - N\u00f4ng Ph\u00e1t<\/title>\n<meta name=\"description\" content=\"M\u00f4 t\u1ea3:\u00a0   B\u1eb9 l\u00e1 cao th\u1eb3ng r\u1ea5t \u0111\u1eb9p, t\u00e1n l\u00e1 r\u1ed9ng m\u00e0u xanh m\u00e1t \u0111\u1eb9p m\u1eaft  C\u1ea3i th\u00eca \u0111\u01b0\u1ee3c tr\u1ed3ng r\u1ea5t ph\u1ed5 bi\u1ebfn t\u1ea1i Vi\u1ec7t Nam t\u1eeb canh t\u00e1c\u00a0 th\u1ee7y c\u1ea3nh, th\u1ed5 canh quy m\u00f4 l\u1edbn \u0111\u1ebfn c\u00e1c h\u1ed9 gia \u0111\u00ecnh nh\u1ecf tr\u1ed3ng s\u00e2n th\u01b0\u1ee3ng.  C\u1ea3i th\u00eca r\u1ea5t d\u1ec5 tr\u1ed3ng, kh\u00f4ng c\u1ea7n ph\u1ea3i ch\u0103m s\u00f3c nhi\u1ec1u. Trong c\u1ea3i th\u00eca l\u1ea1i c\u00f3 v\u00f4 v\u00e0n ch\u1ea5t dinh d\u01b0\u1ee1ng c\u00f3 l\u1ee3i cho s\u1ee9c kh\u1ecfe.  T\u1ec9 l\u1ec7 n\u1ea3y m\u1ea7m cao, h\u1ea1t n\u1ea3y m\u1ea7m \u0111\u1ed3ng \u0111\u1ec1u, n\u0103ng su\u1ea5t t\u1ed1t  Gi\u1ed1ng C\u1ea3i Th\u00eca F1 Hyprid  T\u1ef7 l\u1ec7 n\u1ea3y m\u1ea7m: &gt; 85%  Tr\u1ecdng l\u01b0\u1ee3ng: 200 - 250 gram\/c\u00e2y  Th\u1eddi gian thu ho\u1ea1ch: 25-30 ng\u00e0y sau khi gieo h\u1ea1t  Th\u1eddi v\u1ee5 tr\u1ed3ng: quanh n\u0103m\" \/>\n<meta name=\"robots\" content=\"index, follow, max-snippet:-1, max-image-preview:large, max-video-preview:-1\" \/>\n<link rel=\"canonical\" href=\"https:\/\/nongphat.com.vn\/zh\/san-pham\/cai-thia-xanh-pk-02\/\" \/>\n<meta property=\"og:locale\" content=\"zh_CN\" \/>\n<meta property=\"og:type\" content=\"article\" \/>\n<meta property=\"og:title\" content=\"H\u1ea1t Gi\u1ed1ng C\u1ea3i Th\u00eca Xanh PK-02 - N\u00f4ng Ph\u00e1t\" \/>\n<meta property=\"og:description\" content=\"M\u00f4 t\u1ea3:\u00a0   B\u1eb9 l\u00e1 cao th\u1eb3ng r\u1ea5t \u0111\u1eb9p, t\u00e1n l\u00e1 r\u1ed9ng m\u00e0u xanh m\u00e1t \u0111\u1eb9p m\u1eaft  C\u1ea3i th\u00eca \u0111\u01b0\u1ee3c tr\u1ed3ng r\u1ea5t ph\u1ed5 bi\u1ebfn t\u1ea1i Vi\u1ec7t Nam t\u1eeb canh t\u00e1c\u00a0 th\u1ee7y c\u1ea3nh, th\u1ed5 canh quy m\u00f4 l\u1edbn \u0111\u1ebfn c\u00e1c h\u1ed9 gia \u0111\u00ecnh nh\u1ecf tr\u1ed3ng s\u00e2n th\u01b0\u1ee3ng.  C\u1ea3i th\u00eca r\u1ea5t d\u1ec5 tr\u1ed3ng, kh\u00f4ng c\u1ea7n ph\u1ea3i ch\u0103m s\u00f3c nhi\u1ec1u. Trong c\u1ea3i th\u00eca l\u1ea1i c\u00f3 v\u00f4 v\u00e0n ch\u1ea5t dinh d\u01b0\u1ee1ng c\u00f3 l\u1ee3i cho s\u1ee9c kh\u1ecfe.  T\u1ec9 l\u1ec7 n\u1ea3y m\u1ea7m cao, h\u1ea1t n\u1ea3y m\u1ea7m \u0111\u1ed3ng \u0111\u1ec1u, n\u0103ng su\u1ea5t t\u1ed1t  Gi\u1ed1ng C\u1ea3i Th\u00eca F1 Hyprid  T\u1ef7 l\u1ec7 n\u1ea3y m\u1ea7m: &gt; 85%  Tr\u1ecdng l\u01b0\u1ee3ng: 200 - 250 gram\/c\u00e2y  Th\u1eddi gian thu ho\u1ea1ch: 25-30 ng\u00e0y sau khi gieo h\u1ea1t  Th\u1eddi v\u1ee5 tr\u1ed3ng: quanh n\u0103m\" \/>\n<meta property=\"og:url\" content=\"https:\/\/nongphat.com.vn\/san-pham\/cai-thia-xanh-pk-02\/\" \/>\n<meta property=\"og:site_name\" content=\"N\u00f4ng Ph\u00e1t\" \/>\n<meta property=\"article:publisher\" content=\"https:\/\/www.facebook.com\/NONG.PHAT.Melon\" \/>\n<meta property=\"article:modified_time\" content=\"2023-09-08T07:40:00+00:00\" \/>\n<meta property=\"og:image\" content=\"https:\/\/nongphat.com.vn\/wp-content\/uploads\/2022\/09\/ca\u0309i-thi\u0300a-pk-02.jpg\" \/>\n\t<meta property=\"og:image:width\" content=\"1064\" \/>\n\t<meta property=\"og:image:height\" content=\"1064\" \/>\n<meta name=\"twitter:card\" content=\"summary_large_image\" \/>\n<script type=\"application\/ld+json\" class=\"yoast-schema-graph\">{\"@context\":\"https:\/\/schema.org\",\"@graph\":[{\"@type\":\"Organization\",\"@id\":\"https:\/\/nongphat.com.vn\/#organization\",\"name\":\"H\\u1ea1t Gi\\u1ed1ng Nh\\u1eadt B\\u1ea3n - N\\u00f4ng Ph\\u00e1t Farm\",\"url\":\"https:\/\/nongphat.com.vn\/\",\"sameAs\":[\"https:\/\/www.facebook.com\/NONG.PHAT.Melon\",\"https:\/\/www.instagram.com\/nongphatfarm\/\",\"https:\/\/www.youtube.com\/channel\/UCrgCTZ6Dmvhys0bbs6kXycg\"],\"logo\":{\"@type\":\"ImageObject\",\"@id\":\"https:\/\/nongphat.com.vn\/#logo\",\"inLanguage\":\"zh\",\"url\":\"https:\/\/nongphat.com.vn\/wp-content\/uploads\/2021\/06\/logo-nong-phat.jpg\",\"contentUrl\":\"https:\/\/nongphat.com.vn\/wp-content\/uploads\/2021\/06\/logo-nong-phat.jpg\",\"width\":1578,\"height\":1578,\"caption\":\"H\\u1ea1t Gi\\u1ed1ng Nh\\u1eadt B\\u1ea3n - N\\u00f4ng Ph\\u00e1t Farm\"},\"image\":{\"@id\":\"https:\/\/nongphat.com.vn\/#logo\"}},{\"@type\":\"WebSite\",\"@id\":\"https:\/\/nongphat.com.vn\/#website\",\"url\":\"https:\/\/nongphat.com.vn\/\",\"name\":\"N\\u00f4ng Ph\\u00e1t\",\"description\":\"H\\u1ea1t gi\\u1ed1ng Nh\\u1eadt B\\u1ea3n - N\\u00f4ng Ph\\u00e1t Farm\",\"publisher\":{\"@id\":\"https:\/\/nongphat.com.vn\/#organization\"},\"potentialAction\":[{\"@type\":\"SearchAction\",\"target\":{\"@type\":\"EntryPoint\",\"urlTemplate\":\"https:\/\/nongphat.com.vn\/?s={search_term_string}\"},\"query-input\":\"required name=search_term_string\"}],\"inLanguage\":\"zh\"},{\"@type\":\"ImageObject\",\"@id\":\"https:\/\/nongphat.com.vn\/san-pham\/cai-thia-xanh-pk-02\/#primaryimage\",\"inLanguage\":\"zh\",\"url\":\"https:\/\/nongphat.com.vn\/wp-content\/uploads\/2022\/09\/ca\\u0309i-thi\\u0300a-pk-02.jpg\",\"contentUrl\":\"https:\/\/nongphat.com.vn\/wp-content\/uploads\/2022\/09\/ca\\u0309i-thi\\u0300a-pk-02.jpg\",\"width\":1064,\"height\":1064},{\"@type\":\"WebPage\",\"@id\":\"https:\/\/nongphat.com.vn\/san-pham\/cai-thia-xanh-pk-02\/#webpage\",\"url\":\"https:\/\/nongphat.com.vn\/san-pham\/cai-thia-xanh-pk-02\/\",\"name\":\"H\\u1ea1t Gi\\u1ed1ng C\\u1ea3i Th\\u00eca Xanh PK-02 - N\\u00f4ng Ph\\u00e1t\",\"isPartOf\":{\"@id\":\"https:\/\/nongphat.com.vn\/#website\"},\"primaryImageOfPage\":{\"@id\":\"https:\/\/nongphat.com.vn\/san-pham\/cai-thia-xanh-pk-02\/#primaryimage\"},\"datePublished\":\"2022-09-22T10:48:42+00:00\",\"dateModified\":\"2023-09-08T07:40:00+00:00\",\"description\":\"M\\u00f4 t\\u1ea3:\\u00a0 B\\u1eb9 l\\u00e1 cao th\\u1eb3ng r\\u1ea5t \\u0111\\u1eb9p, t\\u00e1n l\\u00e1 r\\u1ed9ng m\\u00e0u xanh m\\u00e1t \\u0111\\u1eb9p m\\u1eaft C\\u1ea3i th\\u00eca \\u0111\\u01b0\\u1ee3c tr\\u1ed3ng r\\u1ea5t ph\\u1ed5 bi\\u1ebfn t\\u1ea1i Vi\\u1ec7t Nam t\\u1eeb canh t\\u00e1c\\u00a0 th\\u1ee7y c\\u1ea3nh, th\\u1ed5 canh quy m\\u00f4 l\\u1edbn \\u0111\\u1ebfn c\\u00e1c h\\u1ed9 gia \\u0111\\u00ecnh nh\\u1ecf tr\\u1ed3ng s\\u00e2n th\\u01b0\\u1ee3ng. C\\u1ea3i th\\u00eca r\\u1ea5t d\\u1ec5 tr\\u1ed3ng, kh\\u00f4ng c\\u1ea7n ph\\u1ea3i ch\\u0103m s\\u00f3c nhi\\u1ec1u. Trong c\\u1ea3i th\\u00eca l\\u1ea1i c\\u00f3 v\\u00f4 v\\u00e0n ch\\u1ea5t dinh d\\u01b0\\u1ee1ng c\\u00f3 l\\u1ee3i cho s\\u1ee9c kh\\u1ecfe. T\\u1ec9 l\\u1ec7 n\\u1ea3y m\\u1ea7m cao, h\\u1ea1t n\\u1ea3y m\\u1ea7m \\u0111\\u1ed3ng \\u0111\\u1ec1u, n\\u0103ng su\\u1ea5t t\\u1ed1t Gi\\u1ed1ng C\\u1ea3i Th\\u00eca F1 Hyprid T\\u1ef7 l\\u1ec7 n\\u1ea3y m\\u1ea7m: &gt; 85% Tr\\u1ecdng l\\u01b0\\u1ee3ng: 200 - 250 gram\/c\\u00e2y Th\\u1eddi gian thu ho\\u1ea1ch: 25-30 ng\\u00e0y sau khi gieo h\\u1ea1t Th\\u1eddi v\\u1ee5 tr\\u1ed3ng: quanh n\\u0103m\",\"breadcrumb\":{\"@id\":\"https:\/\/nongphat.com.vn\/san-pham\/cai-thia-xanh-pk-02\/#breadcrumb\"},\"inLanguage\":\"zh\",\"potentialAction\":[{\"@type\":\"ReadAction\",\"target\":[\"https:\/\/nongphat.com.vn\/san-pham\/cai-thia-xanh-pk-02\/\"]}]},{\"@type\":\"BreadcrumbList\",\"@id\":\"https:\/\/nongphat.com.vn\/san-pham\/cai-thia-xanh-pk-02\/#breadcrumb\",\"itemListElement\":[{\"@type\":\"ListItem\",\"position\":1,\"name\":\"\\u4e3b\\u9875\",\"item\":\"https:\/\/nongphat.com.vn\/zh\/\"},{\"@type\":\"ListItem\",\"position\":2,\"name\":\"\\u4ea7\\u54c1\",\"item\":\"https:\/\/nongphat.com.vn\/zh\/cua-hang\/\"},{\"@type\":\"ListItem\",\"position\":3,\"name\":\"H\\u1ea1t Gi\\u1ed1ng C\\u1ea3i Th\\u00eca Xanh PK-02\"}]}]}<\/script>\n<!-- \/ Yoast SEO plugin. -->","yoast_head_json":{"title":"H\u1ea1t Gi\u1ed1ng C\u1ea3i Th\u00eca Xanh PK-02 - N\u00f4ng Ph\u00e1t","description":"M\u00f4 t\u1ea3:\u00a0   B\u1eb9 l\u00e1 cao th\u1eb3ng r\u1ea5t \u0111\u1eb9p, t\u00e1n l\u00e1 r\u1ed9ng m\u00e0u xanh m\u00e1t \u0111\u1eb9p m\u1eaft  C\u1ea3i th\u00eca \u0111\u01b0\u1ee3c tr\u1ed3ng r\u1ea5t ph\u1ed5 bi\u1ebfn t\u1ea1i Vi\u1ec7t Nam t\u1eeb canh t\u00e1c\u00a0 th\u1ee7y c\u1ea3nh, th\u1ed5 canh quy m\u00f4 l\u1edbn \u0111\u1ebfn c\u00e1c h\u1ed9 gia \u0111\u00ecnh nh\u1ecf tr\u1ed3ng s\u00e2n th\u01b0\u1ee3ng.  C\u1ea3i th\u00eca r\u1ea5t d\u1ec5 tr\u1ed3ng, kh\u00f4ng c\u1ea7n ph\u1ea3i ch\u0103m s\u00f3c nhi\u1ec1u. Trong c\u1ea3i th\u00eca l\u1ea1i c\u00f3 v\u00f4 v\u00e0n ch\u1ea5t dinh d\u01b0\u1ee1ng c\u00f3 l\u1ee3i cho s\u1ee9c kh\u1ecfe.  T\u1ec9 l\u1ec7 n\u1ea3y m\u1ea7m cao, h\u1ea1t n\u1ea3y m\u1ea7m \u0111\u1ed3ng \u0111\u1ec1u, n\u0103ng su\u1ea5t t\u1ed1t  Gi\u1ed1ng C\u1ea3i Th\u00eca F1 Hyprid  T\u1ef7 l\u1ec7 n\u1ea3y m\u1ea7m: &gt; 85%  Tr\u1ecdng l\u01b0\u1ee3ng: 200 - 250 gram\/c\u00e2y  Th\u1eddi gian thu ho\u1ea1ch: 25-30 ng\u00e0y sau khi gieo h\u1ea1t  Th\u1eddi v\u1ee5 tr\u1ed3ng: quanh n\u0103m","robots":{"index":"index","follow":"follow","max-snippet":"max-snippet:-1","max-image-preview":"max-image-preview:large","max-video-preview":"max-video-preview:-1"},"canonical":"https:\/\/nongphat.com.vn\/zh\/san-pham\/cai-thia-xanh-pk-02\/","og_locale":"zh_CN","og_type":"article","og_title":"H\u1ea1t Gi\u1ed1ng C\u1ea3i Th\u00eca Xanh PK-02 - N\u00f4ng Ph\u00e1t","og_description":"M\u00f4 t\u1ea3:\u00a0   B\u1eb9 l\u00e1 cao th\u1eb3ng r\u1ea5t \u0111\u1eb9p, t\u00e1n l\u00e1 r\u1ed9ng m\u00e0u xanh m\u00e1t \u0111\u1eb9p m\u1eaft  C\u1ea3i th\u00eca \u0111\u01b0\u1ee3c tr\u1ed3ng r\u1ea5t ph\u1ed5 bi\u1ebfn t\u1ea1i Vi\u1ec7t Nam t\u1eeb canh t\u00e1c\u00a0 th\u1ee7y c\u1ea3nh, th\u1ed5 canh quy m\u00f4 l\u1edbn \u0111\u1ebfn c\u00e1c h\u1ed9 gia \u0111\u00ecnh nh\u1ecf tr\u1ed3ng s\u00e2n th\u01b0\u1ee3ng.  C\u1ea3i th\u00eca r\u1ea5t d\u1ec5 tr\u1ed3ng, kh\u00f4ng c\u1ea7n ph\u1ea3i ch\u0103m s\u00f3c nhi\u1ec1u. Trong c\u1ea3i th\u00eca l\u1ea1i c\u00f3 v\u00f4 v\u00e0n ch\u1ea5t dinh d\u01b0\u1ee1ng c\u00f3 l\u1ee3i cho s\u1ee9c kh\u1ecfe.  T\u1ec9 l\u1ec7 n\u1ea3y m\u1ea7m cao, h\u1ea1t n\u1ea3y m\u1ea7m \u0111\u1ed3ng \u0111\u1ec1u, n\u0103ng su\u1ea5t t\u1ed1t  Gi\u1ed1ng C\u1ea3i Th\u00eca F1 Hyprid  T\u1ef7 l\u1ec7 n\u1ea3y m\u1ea7m: &gt; 85%  Tr\u1ecdng l\u01b0\u1ee3ng: 200 - 250 gram\/c\u00e2y  Th\u1eddi gian thu ho\u1ea1ch: 25-30 ng\u00e0y sau khi gieo h\u1ea1t  Th\u1eddi v\u1ee5 tr\u1ed3ng: quanh n\u0103m","og_url":"https:\/\/nongphat.com.vn\/san-pham\/cai-thia-xanh-pk-02\/","og_site_name":"N\u00f4ng Ph\u00e1t","article_publisher":"https:\/\/www.facebook.com\/NONG.PHAT.Melon","article_modified_time":"2023-09-08T07:40:00+00:00","og_image":[{"width":1064,"height":1064,"url":"https:\/\/nongphat.com.vn\/wp-content\/uploads\/2022\/09\/ca\u0309i-thi\u0300a-pk-02.jpg","type":"image\/jpeg"}],"twitter_card":"summary_large_image","schema":{"@context":"https:\/\/schema.org","@graph":[{"@type":"Organization","@id":"https:\/\/nongphat.com.vn\/#organization","name":"H\u1ea1t Gi\u1ed1ng Nh\u1eadt B\u1ea3n - N\u00f4ng Ph\u00e1t Farm","url":"https:\/\/nongphat.com.vn\/","sameAs":["https:\/\/www.facebook.com\/NONG.PHAT.Melon","https:\/\/www.instagram.com\/nongphatfarm\/","https:\/\/www.youtube.com\/channel\/UCrgCTZ6Dmvhys0bbs6kXycg"],"logo":{"@type":"ImageObject","@id":"https:\/\/nongphat.com.vn\/#logo","inLanguage":"zh","url":"https:\/\/nongphat.com.vn\/wp-content\/uploads\/2021\/06\/logo-nong-phat.jpg","contentUrl":"https:\/\/nongphat.com.vn\/wp-content\/uploads\/2021\/06\/logo-nong-phat.jpg","width":1578,"height":1578,"caption":"H\u1ea1t Gi\u1ed1ng Nh\u1eadt B\u1ea3n - N\u00f4ng Ph\u00e1t Farm"},"image":{"@id":"https:\/\/nongphat.com.vn\/#logo"}},{"@type":"WebSite","@id":"https:\/\/nongphat.com.vn\/#website","url":"https:\/\/nongphat.com.vn\/","name":"N\u00f4ng Ph\u00e1t","description":"H\u1ea1t gi\u1ed1ng Nh\u1eadt B\u1ea3n - N\u00f4ng Ph\u00e1t Farm","publisher":{"@id":"https:\/\/nongphat.com.vn\/#organization"},"potentialAction":[{"@type":"SearchAction","target":{"@type":"EntryPoint","urlTemplate":"https:\/\/nongphat.com.vn\/?s={search_term_string}"},"query-input":"required name=search_term_string"}],"inLanguage":"zh"},{"@type":"ImageObject","@id":"https:\/\/nongphat.com.vn\/san-pham\/cai-thia-xanh-pk-02\/#primaryimage","inLanguage":"zh","url":"https:\/\/nongphat.com.vn\/wp-content\/uploads\/2022\/09\/ca\u0309i-thi\u0300a-pk-02.jpg","contentUrl":"https:\/\/nongphat.com.vn\/wp-content\/uploads\/2022\/09\/ca\u0309i-thi\u0300a-pk-02.jpg","width":1064,"height":1064},{"@type":"WebPage","@id":"https:\/\/nongphat.com.vn\/san-pham\/cai-thia-xanh-pk-02\/#webpage","url":"https:\/\/nongphat.com.vn\/san-pham\/cai-thia-xanh-pk-02\/","name":"H\u1ea1t Gi\u1ed1ng C\u1ea3i Th\u00eca Xanh PK-02 - N\u00f4ng Ph\u00e1t","isPartOf":{"@id":"https:\/\/nongphat.com.vn\/#website"},"primaryImageOfPage":{"@id":"https:\/\/nongphat.com.vn\/san-pham\/cai-thia-xanh-pk-02\/#primaryimage"},"datePublished":"2022-09-22T10:48:42+00:00","dateModified":"2023-09-08T07:40:00+00:00","description":"M\u00f4 t\u1ea3:\u00a0 B\u1eb9 l\u00e1 cao th\u1eb3ng r\u1ea5t \u0111\u1eb9p, t\u00e1n l\u00e1 r\u1ed9ng m\u00e0u xanh m\u00e1t \u0111\u1eb9p m\u1eaft C\u1ea3i th\u00eca \u0111\u01b0\u1ee3c tr\u1ed3ng r\u1ea5t ph\u1ed5 bi\u1ebfn t\u1ea1i Vi\u1ec7t Nam t\u1eeb canh t\u00e1c\u00a0 th\u1ee7y c\u1ea3nh, th\u1ed5 canh quy m\u00f4 l\u1edbn \u0111\u1ebfn c\u00e1c h\u1ed9 gia \u0111\u00ecnh nh\u1ecf tr\u1ed3ng s\u00e2n th\u01b0\u1ee3ng. C\u1ea3i th\u00eca r\u1ea5t d\u1ec5 tr\u1ed3ng, kh\u00f4ng c\u1ea7n ph\u1ea3i ch\u0103m s\u00f3c nhi\u1ec1u. Trong c\u1ea3i th\u00eca l\u1ea1i c\u00f3 v\u00f4 v\u00e0n ch\u1ea5t dinh d\u01b0\u1ee1ng c\u00f3 l\u1ee3i cho s\u1ee9c kh\u1ecfe. T\u1ec9 l\u1ec7 n\u1ea3y m\u1ea7m cao, h\u1ea1t n\u1ea3y m\u1ea7m \u0111\u1ed3ng \u0111\u1ec1u, n\u0103ng su\u1ea5t t\u1ed1t Gi\u1ed1ng C\u1ea3i Th\u00eca F1 Hyprid T\u1ef7 l\u1ec7 n\u1ea3y m\u1ea7m: &gt; 85% Tr\u1ecdng l\u01b0\u1ee3ng: 200 - 250 gram\/c\u00e2y Th\u1eddi gian thu ho\u1ea1ch: 25-30 ng\u00e0y sau khi gieo h\u1ea1t Th\u1eddi v\u1ee5 tr\u1ed3ng: quanh n\u0103m","breadcrumb":{"@id":"https:\/\/nongphat.com.vn\/san-pham\/cai-thia-xanh-pk-02\/#breadcrumb"},"inLanguage":"zh","potentialAction":[{"@type":"ReadAction","target":["https:\/\/nongphat.com.vn\/san-pham\/cai-thia-xanh-pk-02\/"]}]},{"@type":"BreadcrumbList","@id":"https:\/\/nongphat.com.vn\/san-pham\/cai-thia-xanh-pk-02\/#breadcrumb","itemListElement":[{"@type":"ListItem","position":1,"name":"\u4e3b\u9875","item":"https:\/\/nongphat.com.vn\/zh\/"},{"@type":"ListItem","position":2,"name":"\u4ea7\u54c1","item":"https:\/\/nongphat.com.vn\/zh\/cua-hang\/"},{"@type":"ListItem","position":3,"name":"H\u1ea1t Gi\u1ed1ng C\u1ea3i Th\u00eca Xanh PK-02"}]}]}},"_links":{"self":[{"href":"https:\/\/nongphat.com.vn\/zh\/wp-json\/wp\/v2\/product\/8467"}],"collection":[{"href":"https:\/\/nongphat.com.vn\/zh\/wp-json\/wp\/v2\/product"}],"about":[{"href":"https:\/\/nongphat.com.vn\/zh\/wp-json\/wp\/v2\/types\/product"}],"replies":[{"embeddable":true,"href":"https:\/\/nongphat.com.vn\/zh\/wp-json\/wp\/v2\/comments?post=8467"}],"wp:featuredmedia":[{"embeddable":true,"href":"https:\/\/nongphat.com.vn\/zh\/wp-json\/wp\/v2\/media\/8468"}],"wp:attachment":[{"href":"https:\/\/nongphat.com.vn\/zh\/wp-json\/wp\/v2\/media?parent=8467"}],"wp:term":[{"taxonomy":"product_cat","embeddable":true,"href":"https:\/\/nongphat.com.vn\/zh\/wp-json\/wp\/v2\/product_cat?post=8467"},{"taxonomy":"product_tag","embeddable":true,"href":"https:\/\/nongphat.com.vn\/zh\/wp-json\/wp\/v2\/product_tag?post=8467"}],"curies":[{"name":"wp","href":"https:\/\/api.w.org\/{rel}","templated":true}]}}