{"id":8509,"date":"2022-09-22T18:14:06","date_gmt":"2022-09-22T11:14:06","guid":{"rendered":"https:\/\/nongphat.com.vn\/?post_type=product&#038;p=8509"},"modified":"2023-09-08T15:27:07","modified_gmt":"2023-09-08T08:27:07","slug":"hat-giong-dau-bap-xanh-teida","status":"publish","type":"product","link":"https:\/\/nongphat.com.vn\/zh\/san-pham\/hat-giong-dau-bap-xanh-teida\/","title":{"rendered":"H\u1ea1t Gi\u1ed1ng \u0110\u1eadu B\u1eafp Xanh TEIDA"},"content":{"rendered":"","protected":false},"excerpt":{"rendered":"<p><strong><span style=\"font-size: 130%; color: #f99b1c;\">M\u00f4 t\u1ea3:\u00a0<\/span><\/strong><\/p>\n<ul>\n<li><span style=\"color: #000000;\">M\u00e0u s\u1eafc qu\u1ea3 xanh \u0111\u1eadm, h\u00ecnh d\u1ea1ng qu\u1ea3 thon v\u00e0 5 g\u00f3c c\u1ea1nh<\/span><\/li>\n<li><span style=\"color: #000000;\">C\u00e2y sinh tr\u01b0\u1edfng ph\u00e1t tri\u1ec3n m\u1ea1nh, kh\u00e1ng b\u1ec7nh t\u1ed1t, \u0103n ngon \u00edt x\u01a1<\/span><\/li>\n<li><span style=\"color: #000000;\">Gi\u1ed1ng r\u1ea5t sai qu\u1ea3, m\u1ecdc t\u1eeb d\u01b0\u1edbi l\u00ean tr\u00ean, thu ho\u1ea1ch li\u00ean t\u1ee5c<\/span><\/li>\n<li><span style=\"color: #000000;\">Gi\u1ed1ng Nh\u1eadt B\u1ea3n F1 Hyprid<\/span><\/li>\n<li><span style=\"color: #000000;\">T\u1ef7 l\u1ec7 n\u1ea3y m\u1ea7m: &gt; 85%<\/span><\/li>\n<li><span style=\"color: #000000;\">K\u00edch th\u01b0\u1edbc: Thu ho\u1ea1ch t\u1eeb 8cm, khi l\u1edbn \u0111\u1ebfn 12cm v\u1eabn m\u1ec1m ngon<\/span><\/li>\n<li><span style=\"color: #000000;\">Th\u1eddi gian thu ho\u1ea1ch: 35 &#8211; 40 ng\u00e0y thu l\u1ee9a \u0111\u1ea7u ti\u00ean<\/span><\/li>\n<li><span style=\"color: #000000;\">Th\u1eddi v\u1ee5 tr\u1ed3ng: quanh n\u0103m<\/span><\/li>\n<\/ul>\n","protected":false},"featured_media":8510,"comment_status":"open","ping_status":"closed","template":"","meta":[],"product_cat":[1292,1228],"product_tag":[],"yoast_head":"<!-- This site is optimized with the Yoast SEO plugin v17.6 - https:\/\/yoast.com\/wordpress\/plugins\/seo\/ -->\n<title>H\u1ea1t Gi\u1ed1ng \u0110\u1eadu B\u1eafp Xanh TEIDA - N\u00f4ng Ph\u00e1t<\/title>\n<meta name=\"description\" content=\"M\u00f4 t\u1ea3:\u00a0   M\u00e0u s\u1eafc qu\u1ea3 xanh \u0111\u1eadm, h\u00ecnh d\u1ea1ng qu\u1ea3 thon v\u00e0 5 g\u00f3c c\u1ea1nh  C\u00e2y sinh tr\u01b0\u1edfng ph\u00e1t tri\u1ec3n m\u1ea1nh, kh\u00e1ng b\u1ec7nh t\u1ed1t, \u0103n ngon \u00edt x\u01a1  Gi\u1ed1ng r\u1ea5t sai qu\u1ea3, m\u1ecdc t\u1eeb d\u01b0\u1edbi l\u00ean tr\u00ean, thu ho\u1ea1ch li\u00ean t\u1ee5c  Gi\u1ed1ng Nh\u1eadt B\u1ea3n F1 Hyprid  T\u1ef7 l\u1ec7 n\u1ea3y m\u1ea7m: &gt; 85%  K\u00edch th\u01b0\u1edbc: Thu ho\u1ea1ch t\u1eeb 8cm, khi l\u1edbn \u0111\u1ebfn 12cm v\u1eabn m\u1ec1m ngon  Th\u1eddi gian thu ho\u1ea1ch: 35 - 40 ng\u00e0y thu l\u1ee9a \u0111\u1ea7u ti\u00ean  Th\u1eddi v\u1ee5 tr\u1ed3ng: quanh n\u0103m\" \/>\n<meta name=\"robots\" content=\"index, follow, max-snippet:-1, max-image-preview:large, max-video-preview:-1\" \/>\n<link rel=\"canonical\" href=\"https:\/\/nongphat.com.vn\/zh\/san-pham\/hat-giong-dau-bap-xanh-teida\/\" \/>\n<meta property=\"og:locale\" content=\"zh_CN\" \/>\n<meta property=\"og:type\" content=\"article\" \/>\n<meta property=\"og:title\" content=\"H\u1ea1t Gi\u1ed1ng \u0110\u1eadu B\u1eafp Xanh TEIDA - N\u00f4ng Ph\u00e1t\" \/>\n<meta property=\"og:description\" content=\"M\u00f4 t\u1ea3:\u00a0   M\u00e0u s\u1eafc qu\u1ea3 xanh \u0111\u1eadm, h\u00ecnh d\u1ea1ng qu\u1ea3 thon v\u00e0 5 g\u00f3c c\u1ea1nh  C\u00e2y sinh tr\u01b0\u1edfng ph\u00e1t tri\u1ec3n m\u1ea1nh, kh\u00e1ng b\u1ec7nh t\u1ed1t, \u0103n ngon \u00edt x\u01a1  Gi\u1ed1ng r\u1ea5t sai qu\u1ea3, m\u1ecdc t\u1eeb d\u01b0\u1edbi l\u00ean tr\u00ean, thu ho\u1ea1ch li\u00ean t\u1ee5c  Gi\u1ed1ng Nh\u1eadt B\u1ea3n F1 Hyprid  T\u1ef7 l\u1ec7 n\u1ea3y m\u1ea7m: &gt; 85%  K\u00edch th\u01b0\u1edbc: Thu ho\u1ea1ch t\u1eeb 8cm, khi l\u1edbn \u0111\u1ebfn 12cm v\u1eabn m\u1ec1m ngon  Th\u1eddi gian thu ho\u1ea1ch: 35 - 40 ng\u00e0y thu l\u1ee9a \u0111\u1ea7u ti\u00ean  Th\u1eddi v\u1ee5 tr\u1ed3ng: quanh n\u0103m\" \/>\n<meta property=\"og:url\" content=\"https:\/\/nongphat.com.vn\/san-pham\/hat-giong-dau-bap-xanh-teida\/\" \/>\n<meta property=\"og:site_name\" content=\"N\u00f4ng Ph\u00e1t\" \/>\n<meta property=\"article:publisher\" content=\"https:\/\/www.facebook.com\/NONG.PHAT.Melon\" \/>\n<meta property=\"article:modified_time\" content=\"2023-09-08T08:27:07+00:00\" \/>\n<meta property=\"og:image\" content=\"https:\/\/nongphat.com.vn\/wp-content\/uploads\/2022\/09\/da\u0323\u0302u-ba\u0306\u0301p-teida.jpg\" \/>\n\t<meta property=\"og:image:width\" content=\"1063\" \/>\n\t<meta property=\"og:image:height\" content=\"1058\" \/>\n<meta name=\"twitter:card\" content=\"summary_large_image\" \/>\n<script type=\"application\/ld+json\" class=\"yoast-schema-graph\">{\"@context\":\"https:\/\/schema.org\",\"@graph\":[{\"@type\":\"Organization\",\"@id\":\"https:\/\/nongphat.com.vn\/#organization\",\"name\":\"H\\u1ea1t Gi\\u1ed1ng Nh\\u1eadt B\\u1ea3n - N\\u00f4ng Ph\\u00e1t Farm\",\"url\":\"https:\/\/nongphat.com.vn\/\",\"sameAs\":[\"https:\/\/www.facebook.com\/NONG.PHAT.Melon\",\"https:\/\/www.instagram.com\/nongphatfarm\/\",\"https:\/\/www.youtube.com\/channel\/UCrgCTZ6Dmvhys0bbs6kXycg\"],\"logo\":{\"@type\":\"ImageObject\",\"@id\":\"https:\/\/nongphat.com.vn\/#logo\",\"inLanguage\":\"zh\",\"url\":\"https:\/\/nongphat.com.vn\/wp-content\/uploads\/2021\/06\/logo-nong-phat.jpg\",\"contentUrl\":\"https:\/\/nongphat.com.vn\/wp-content\/uploads\/2021\/06\/logo-nong-phat.jpg\",\"width\":1578,\"height\":1578,\"caption\":\"H\\u1ea1t Gi\\u1ed1ng Nh\\u1eadt B\\u1ea3n - N\\u00f4ng Ph\\u00e1t Farm\"},\"image\":{\"@id\":\"https:\/\/nongphat.com.vn\/#logo\"}},{\"@type\":\"WebSite\",\"@id\":\"https:\/\/nongphat.com.vn\/#website\",\"url\":\"https:\/\/nongphat.com.vn\/\",\"name\":\"N\\u00f4ng Ph\\u00e1t\",\"description\":\"H\\u1ea1t gi\\u1ed1ng Nh\\u1eadt B\\u1ea3n - N\\u00f4ng Ph\\u00e1t Farm\",\"publisher\":{\"@id\":\"https:\/\/nongphat.com.vn\/#organization\"},\"potentialAction\":[{\"@type\":\"SearchAction\",\"target\":{\"@type\":\"EntryPoint\",\"urlTemplate\":\"https:\/\/nongphat.com.vn\/?s={search_term_string}\"},\"query-input\":\"required name=search_term_string\"}],\"inLanguage\":\"zh\"},{\"@type\":\"ImageObject\",\"@id\":\"https:\/\/nongphat.com.vn\/san-pham\/hat-giong-dau-bap-xanh-teida\/#primaryimage\",\"inLanguage\":\"zh\",\"url\":\"https:\/\/nongphat.com.vn\/wp-content\/uploads\/2022\/09\/da\\u0323\\u0302u-ba\\u0306\\u0301p-teida.jpg\",\"contentUrl\":\"https:\/\/nongphat.com.vn\/wp-content\/uploads\/2022\/09\/da\\u0323\\u0302u-ba\\u0306\\u0301p-teida.jpg\",\"width\":1063,\"height\":1058},{\"@type\":\"WebPage\",\"@id\":\"https:\/\/nongphat.com.vn\/san-pham\/hat-giong-dau-bap-xanh-teida\/#webpage\",\"url\":\"https:\/\/nongphat.com.vn\/san-pham\/hat-giong-dau-bap-xanh-teida\/\",\"name\":\"H\\u1ea1t Gi\\u1ed1ng \\u0110\\u1eadu B\\u1eafp Xanh TEIDA - N\\u00f4ng Ph\\u00e1t\",\"isPartOf\":{\"@id\":\"https:\/\/nongphat.com.vn\/#website\"},\"primaryImageOfPage\":{\"@id\":\"https:\/\/nongphat.com.vn\/san-pham\/hat-giong-dau-bap-xanh-teida\/#primaryimage\"},\"datePublished\":\"2022-09-22T11:14:06+00:00\",\"dateModified\":\"2023-09-08T08:27:07+00:00\",\"description\":\"M\\u00f4 t\\u1ea3:\\u00a0 M\\u00e0u s\\u1eafc qu\\u1ea3 xanh \\u0111\\u1eadm, h\\u00ecnh d\\u1ea1ng qu\\u1ea3 thon v\\u00e0 5 g\\u00f3c c\\u1ea1nh C\\u00e2y sinh tr\\u01b0\\u1edfng ph\\u00e1t tri\\u1ec3n m\\u1ea1nh, kh\\u00e1ng b\\u1ec7nh t\\u1ed1t, \\u0103n ngon \\u00edt x\\u01a1 Gi\\u1ed1ng r\\u1ea5t sai qu\\u1ea3, m\\u1ecdc t\\u1eeb d\\u01b0\\u1edbi l\\u00ean tr\\u00ean, thu ho\\u1ea1ch li\\u00ean t\\u1ee5c Gi\\u1ed1ng Nh\\u1eadt B\\u1ea3n F1 Hyprid T\\u1ef7 l\\u1ec7 n\\u1ea3y m\\u1ea7m: &gt; 85% K\\u00edch th\\u01b0\\u1edbc: Thu ho\\u1ea1ch t\\u1eeb 8cm, khi l\\u1edbn \\u0111\\u1ebfn 12cm v\\u1eabn m\\u1ec1m ngon Th\\u1eddi gian thu ho\\u1ea1ch: 35 - 40 ng\\u00e0y thu l\\u1ee9a \\u0111\\u1ea7u ti\\u00ean Th\\u1eddi v\\u1ee5 tr\\u1ed3ng: quanh n\\u0103m\",\"breadcrumb\":{\"@id\":\"https:\/\/nongphat.com.vn\/san-pham\/hat-giong-dau-bap-xanh-teida\/#breadcrumb\"},\"inLanguage\":\"zh\",\"potentialAction\":[{\"@type\":\"ReadAction\",\"target\":[\"https:\/\/nongphat.com.vn\/san-pham\/hat-giong-dau-bap-xanh-teida\/\"]}]},{\"@type\":\"BreadcrumbList\",\"@id\":\"https:\/\/nongphat.com.vn\/san-pham\/hat-giong-dau-bap-xanh-teida\/#breadcrumb\",\"itemListElement\":[{\"@type\":\"ListItem\",\"position\":1,\"name\":\"\\u4e3b\\u9875\",\"item\":\"https:\/\/nongphat.com.vn\/zh\/\"},{\"@type\":\"ListItem\",\"position\":2,\"name\":\"\\u4ea7\\u54c1\",\"item\":\"https:\/\/nongphat.com.vn\/zh\/cua-hang\/\"},{\"@type\":\"ListItem\",\"position\":3,\"name\":\"H\\u1ea1t Gi\\u1ed1ng \\u0110\\u1eadu B\\u1eafp Xanh TEIDA\"}]}]}<\/script>\n<!-- \/ Yoast SEO plugin. -->","yoast_head_json":{"title":"H\u1ea1t Gi\u1ed1ng \u0110\u1eadu B\u1eafp Xanh TEIDA - N\u00f4ng Ph\u00e1t","description":"M\u00f4 t\u1ea3:\u00a0   M\u00e0u s\u1eafc qu\u1ea3 xanh \u0111\u1eadm, h\u00ecnh d\u1ea1ng qu\u1ea3 thon v\u00e0 5 g\u00f3c c\u1ea1nh  C\u00e2y sinh tr\u01b0\u1edfng ph\u00e1t tri\u1ec3n m\u1ea1nh, kh\u00e1ng b\u1ec7nh t\u1ed1t, \u0103n ngon \u00edt x\u01a1  Gi\u1ed1ng r\u1ea5t sai qu\u1ea3, m\u1ecdc t\u1eeb d\u01b0\u1edbi l\u00ean tr\u00ean, thu ho\u1ea1ch li\u00ean t\u1ee5c  Gi\u1ed1ng Nh\u1eadt B\u1ea3n F1 Hyprid  T\u1ef7 l\u1ec7 n\u1ea3y m\u1ea7m: &gt; 85%  K\u00edch th\u01b0\u1edbc: Thu ho\u1ea1ch t\u1eeb 8cm, khi l\u1edbn \u0111\u1ebfn 12cm v\u1eabn m\u1ec1m ngon  Th\u1eddi gian thu ho\u1ea1ch: 35 - 40 ng\u00e0y thu l\u1ee9a \u0111\u1ea7u ti\u00ean  Th\u1eddi v\u1ee5 tr\u1ed3ng: quanh n\u0103m","robots":{"index":"index","follow":"follow","max-snippet":"max-snippet:-1","max-image-preview":"max-image-preview:large","max-video-preview":"max-video-preview:-1"},"canonical":"https:\/\/nongphat.com.vn\/zh\/san-pham\/hat-giong-dau-bap-xanh-teida\/","og_locale":"zh_CN","og_type":"article","og_title":"H\u1ea1t Gi\u1ed1ng \u0110\u1eadu B\u1eafp Xanh TEIDA - N\u00f4ng Ph\u00e1t","og_description":"M\u00f4 t\u1ea3:\u00a0   M\u00e0u s\u1eafc qu\u1ea3 xanh \u0111\u1eadm, h\u00ecnh d\u1ea1ng qu\u1ea3 thon v\u00e0 5 g\u00f3c c\u1ea1nh  C\u00e2y sinh tr\u01b0\u1edfng ph\u00e1t tri\u1ec3n m\u1ea1nh, kh\u00e1ng b\u1ec7nh t\u1ed1t, \u0103n ngon \u00edt x\u01a1  Gi\u1ed1ng r\u1ea5t sai qu\u1ea3, m\u1ecdc t\u1eeb d\u01b0\u1edbi l\u00ean tr\u00ean, thu ho\u1ea1ch li\u00ean t\u1ee5c  Gi\u1ed1ng Nh\u1eadt B\u1ea3n F1 Hyprid  T\u1ef7 l\u1ec7 n\u1ea3y m\u1ea7m: &gt; 85%  K\u00edch th\u01b0\u1edbc: Thu ho\u1ea1ch t\u1eeb 8cm, khi l\u1edbn \u0111\u1ebfn 12cm v\u1eabn m\u1ec1m ngon  Th\u1eddi gian thu ho\u1ea1ch: 35 - 40 ng\u00e0y thu l\u1ee9a \u0111\u1ea7u ti\u00ean  Th\u1eddi v\u1ee5 tr\u1ed3ng: quanh n\u0103m","og_url":"https:\/\/nongphat.com.vn\/san-pham\/hat-giong-dau-bap-xanh-teida\/","og_site_name":"N\u00f4ng Ph\u00e1t","article_publisher":"https:\/\/www.facebook.com\/NONG.PHAT.Melon","article_modified_time":"2023-09-08T08:27:07+00:00","og_image":[{"width":1063,"height":1058,"url":"https:\/\/nongphat.com.vn\/wp-content\/uploads\/2022\/09\/da\u0323\u0302u-ba\u0306\u0301p-teida.jpg","type":"image\/jpeg"}],"twitter_card":"summary_large_image","schema":{"@context":"https:\/\/schema.org","@graph":[{"@type":"Organization","@id":"https:\/\/nongphat.com.vn\/#organization","name":"H\u1ea1t Gi\u1ed1ng Nh\u1eadt B\u1ea3n - N\u00f4ng Ph\u00e1t Farm","url":"https:\/\/nongphat.com.vn\/","sameAs":["https:\/\/www.facebook.com\/NONG.PHAT.Melon","https:\/\/www.instagram.com\/nongphatfarm\/","https:\/\/www.youtube.com\/channel\/UCrgCTZ6Dmvhys0bbs6kXycg"],"logo":{"@type":"ImageObject","@id":"https:\/\/nongphat.com.vn\/#logo","inLanguage":"zh","url":"https:\/\/nongphat.com.vn\/wp-content\/uploads\/2021\/06\/logo-nong-phat.jpg","contentUrl":"https:\/\/nongphat.com.vn\/wp-content\/uploads\/2021\/06\/logo-nong-phat.jpg","width":1578,"height":1578,"caption":"H\u1ea1t Gi\u1ed1ng Nh\u1eadt B\u1ea3n - N\u00f4ng Ph\u00e1t Farm"},"image":{"@id":"https:\/\/nongphat.com.vn\/#logo"}},{"@type":"WebSite","@id":"https:\/\/nongphat.com.vn\/#website","url":"https:\/\/nongphat.com.vn\/","name":"N\u00f4ng Ph\u00e1t","description":"H\u1ea1t gi\u1ed1ng Nh\u1eadt B\u1ea3n - N\u00f4ng Ph\u00e1t Farm","publisher":{"@id":"https:\/\/nongphat.com.vn\/#organization"},"potentialAction":[{"@type":"SearchAction","target":{"@type":"EntryPoint","urlTemplate":"https:\/\/nongphat.com.vn\/?s={search_term_string}"},"query-input":"required name=search_term_string"}],"inLanguage":"zh"},{"@type":"ImageObject","@id":"https:\/\/nongphat.com.vn\/san-pham\/hat-giong-dau-bap-xanh-teida\/#primaryimage","inLanguage":"zh","url":"https:\/\/nongphat.com.vn\/wp-content\/uploads\/2022\/09\/da\u0323\u0302u-ba\u0306\u0301p-teida.jpg","contentUrl":"https:\/\/nongphat.com.vn\/wp-content\/uploads\/2022\/09\/da\u0323\u0302u-ba\u0306\u0301p-teida.jpg","width":1063,"height":1058},{"@type":"WebPage","@id":"https:\/\/nongphat.com.vn\/san-pham\/hat-giong-dau-bap-xanh-teida\/#webpage","url":"https:\/\/nongphat.com.vn\/san-pham\/hat-giong-dau-bap-xanh-teida\/","name":"H\u1ea1t Gi\u1ed1ng \u0110\u1eadu B\u1eafp Xanh TEIDA - N\u00f4ng Ph\u00e1t","isPartOf":{"@id":"https:\/\/nongphat.com.vn\/#website"},"primaryImageOfPage":{"@id":"https:\/\/nongphat.com.vn\/san-pham\/hat-giong-dau-bap-xanh-teida\/#primaryimage"},"datePublished":"2022-09-22T11:14:06+00:00","dateModified":"2023-09-08T08:27:07+00:00","description":"M\u00f4 t\u1ea3:\u00a0 M\u00e0u s\u1eafc qu\u1ea3 xanh \u0111\u1eadm, h\u00ecnh d\u1ea1ng qu\u1ea3 thon v\u00e0 5 g\u00f3c c\u1ea1nh C\u00e2y sinh tr\u01b0\u1edfng ph\u00e1t tri\u1ec3n m\u1ea1nh, kh\u00e1ng b\u1ec7nh t\u1ed1t, \u0103n ngon \u00edt x\u01a1 Gi\u1ed1ng r\u1ea5t sai qu\u1ea3, m\u1ecdc t\u1eeb d\u01b0\u1edbi l\u00ean tr\u00ean, thu ho\u1ea1ch li\u00ean t\u1ee5c Gi\u1ed1ng Nh\u1eadt B\u1ea3n F1 Hyprid T\u1ef7 l\u1ec7 n\u1ea3y m\u1ea7m: &gt; 85% K\u00edch th\u01b0\u1edbc: Thu ho\u1ea1ch t\u1eeb 8cm, khi l\u1edbn \u0111\u1ebfn 12cm v\u1eabn m\u1ec1m ngon Th\u1eddi gian thu ho\u1ea1ch: 35 - 40 ng\u00e0y thu l\u1ee9a \u0111\u1ea7u ti\u00ean Th\u1eddi v\u1ee5 tr\u1ed3ng: quanh n\u0103m","breadcrumb":{"@id":"https:\/\/nongphat.com.vn\/san-pham\/hat-giong-dau-bap-xanh-teida\/#breadcrumb"},"inLanguage":"zh","potentialAction":[{"@type":"ReadAction","target":["https:\/\/nongphat.com.vn\/san-pham\/hat-giong-dau-bap-xanh-teida\/"]}]},{"@type":"BreadcrumbList","@id":"https:\/\/nongphat.com.vn\/san-pham\/hat-giong-dau-bap-xanh-teida\/#breadcrumb","itemListElement":[{"@type":"ListItem","position":1,"name":"\u4e3b\u9875","item":"https:\/\/nongphat.com.vn\/zh\/"},{"@type":"ListItem","position":2,"name":"\u4ea7\u54c1","item":"https:\/\/nongphat.com.vn\/zh\/cua-hang\/"},{"@type":"ListItem","position":3,"name":"H\u1ea1t Gi\u1ed1ng \u0110\u1eadu B\u1eafp Xanh TEIDA"}]}]}},"_links":{"self":[{"href":"https:\/\/nongphat.com.vn\/zh\/wp-json\/wp\/v2\/product\/8509"}],"collection":[{"href":"https:\/\/nongphat.com.vn\/zh\/wp-json\/wp\/v2\/product"}],"about":[{"href":"https:\/\/nongphat.com.vn\/zh\/wp-json\/wp\/v2\/types\/product"}],"replies":[{"embeddable":true,"href":"https:\/\/nongphat.com.vn\/zh\/wp-json\/wp\/v2\/comments?post=8509"}],"wp:featuredmedia":[{"embeddable":true,"href":"https:\/\/nongphat.com.vn\/zh\/wp-json\/wp\/v2\/media\/8510"}],"wp:attachment":[{"href":"https:\/\/nongphat.com.vn\/zh\/wp-json\/wp\/v2\/media?parent=8509"}],"wp:term":[{"taxonomy":"product_cat","embeddable":true,"href":"https:\/\/nongphat.com.vn\/zh\/wp-json\/wp\/v2\/product_cat?post=8509"},{"taxonomy":"product_tag","embeddable":true,"href":"https:\/\/nongphat.com.vn\/zh\/wp-json\/wp\/v2\/product_tag?post=8509"}],"curies":[{"name":"wp","href":"https:\/\/api.w.org\/{rel}","templated":true}]}}