{"id":8813,"date":"2023-02-25T08:36:21","date_gmt":"2023-02-25T01:36:21","guid":{"rendered":"https:\/\/nongphat.com.vn\/?post_type=product&#038;p=8813"},"modified":"2023-02-25T08:36:21","modified_gmt":"2023-02-25T01:36:21","slug":"hat-giong-dua-leo-kitto","status":"publish","type":"product","link":"https:\/\/nongphat.com.vn\/zh\/san-pham\/hat-giong-dua-leo-kitto\/","title":{"rendered":"H\u1ea1t Gi\u1ed1ng D\u01b0a Leo KITTO"},"content":{"rendered":"","protected":false},"excerpt":{"rendered":"<p><strong><span style=\"font-size: 130%; color: #f99b1c;\">M\u00f4 t\u1ea3:\u00a0<\/span><\/strong><\/p>\n<p><span style=\"color: #000000;\">Thu\u1ed9c d\u00f2ng d\u01b0a leo mini kh\u00f4ng c\u00f3 h\u1ea1t, gi\u00f2n ngon v\u00e0 r\u1ea5t sai qu\u1ea3. Tr\u00e1i l\u1edbn r\u1ea5t nhanh n\u00ean ng\u01b0\u1eddi d\u00e2n c\u00f3 th\u1ec3 thu h\u00e1i 2 l\u1ea7n m\u1ed9t ng\u00e0y v\u00e0o s\u00e1ng chi\u1ec1u.<\/span><\/p>\n<ul>\n<li><span style=\"color: #000000;\">Gi\u1ed1ng d\u01b0a leo F1 Hyprid<\/span><\/li>\n<li><span style=\"color: #000000;\">T\u1ef7 l\u1ec7 n\u1ea3y m\u1ea7m: &gt; 85%<\/span><\/li>\n<li><span style=\"color: #000000;\">K\u00edch th\u01b0\u1edbc qu\u1ea3: 12 &#8211; 15 cm<\/span><\/li>\n<li><span style=\"color: #000000;\">Th\u1eddi gian thu ho\u1ea1ch: 27 &#8211; 29 ng\u00e0y sau tr\u1ed3ng<\/span><\/li>\n<li><span style=\"color: #000000;\">Th\u1eddi v\u1ee5 tr\u1ed3ng: quanh n\u0103m<\/span><\/li>\n<\/ul>\n","protected":false},"featured_media":8814,"comment_status":"open","ping_status":"closed","template":"","meta":[],"product_cat":[1183],"product_tag":[],"yoast_head":"<!-- This site is optimized with the Yoast SEO plugin v17.6 - https:\/\/yoast.com\/wordpress\/plugins\/seo\/ -->\n<title>H\u1ea1t Gi\u1ed1ng D\u01b0a Leo KITTO - N\u00f4ng Ph\u00e1t<\/title>\n<meta name=\"description\" content=\"M\u00f4 t\u1ea3:\u00a0  Thu\u1ed9c d\u00f2ng d\u01b0a leo mini kh\u00f4ng c\u00f3 h\u1ea1t, gi\u00f2n ngon v\u00e0 r\u1ea5t sai qu\u1ea3. Tr\u00e1i l\u1edbn r\u1ea5t nhanh n\u00ean ng\u01b0\u1eddi d\u00e2n c\u00f3 th\u1ec3 thu h\u00e1i 2 l\u1ea7n m\u1ed9t ng\u00e0y v\u00e0o s\u00e1ng chi\u1ec1u.   Gi\u1ed1ng d\u01b0a leo F1 Hyprid  T\u1ef7 l\u1ec7 n\u1ea3y m\u1ea7m: &gt; 85%  K\u00edch th\u01b0\u1edbc qu\u1ea3: 12 - 15 cm  Th\u1eddi gian thu ho\u1ea1ch: 27 - 29 ng\u00e0y sau tr\u1ed3ng  Th\u1eddi v\u1ee5 tr\u1ed3ng: quanh n\u0103m\" \/>\n<meta name=\"robots\" content=\"index, follow, max-snippet:-1, max-image-preview:large, max-video-preview:-1\" \/>\n<link rel=\"canonical\" href=\"https:\/\/nongphat.com.vn\/zh\/san-pham\/hat-giong-dua-leo-kitto\/\" \/>\n<meta property=\"og:locale\" content=\"zh_CN\" \/>\n<meta property=\"og:type\" content=\"article\" \/>\n<meta property=\"og:title\" content=\"H\u1ea1t Gi\u1ed1ng D\u01b0a Leo KITTO - N\u00f4ng Ph\u00e1t\" \/>\n<meta property=\"og:description\" content=\"M\u00f4 t\u1ea3:\u00a0  Thu\u1ed9c d\u00f2ng d\u01b0a leo mini kh\u00f4ng c\u00f3 h\u1ea1t, gi\u00f2n ngon v\u00e0 r\u1ea5t sai qu\u1ea3. Tr\u00e1i l\u1edbn r\u1ea5t nhanh n\u00ean ng\u01b0\u1eddi d\u00e2n c\u00f3 th\u1ec3 thu h\u00e1i 2 l\u1ea7n m\u1ed9t ng\u00e0y v\u00e0o s\u00e1ng chi\u1ec1u.   Gi\u1ed1ng d\u01b0a leo F1 Hyprid  T\u1ef7 l\u1ec7 n\u1ea3y m\u1ea7m: &gt; 85%  K\u00edch th\u01b0\u1edbc qu\u1ea3: 12 - 15 cm  Th\u1eddi gian thu ho\u1ea1ch: 27 - 29 ng\u00e0y sau tr\u1ed3ng  Th\u1eddi v\u1ee5 tr\u1ed3ng: quanh n\u0103m\" \/>\n<meta property=\"og:url\" content=\"https:\/\/nongphat.com.vn\/san-pham\/hat-giong-dua-leo-kitto\/\" \/>\n<meta property=\"og:site_name\" content=\"N\u00f4ng Ph\u00e1t\" \/>\n<meta property=\"article:publisher\" content=\"https:\/\/www.facebook.com\/NONG.PHAT.Melon\" \/>\n<meta property=\"og:image\" content=\"https:\/\/nongphat.com.vn\/wp-content\/uploads\/2023\/02\/z4091138232088_6acc99393946f63a45b7e369809bfbe8.jpg\" \/>\n\t<meta property=\"og:image:width\" content=\"1064\" \/>\n\t<meta property=\"og:image:height\" content=\"1064\" \/>\n<meta name=\"twitter:card\" content=\"summary_large_image\" \/>\n<script type=\"application\/ld+json\" class=\"yoast-schema-graph\">{\"@context\":\"https:\/\/schema.org\",\"@graph\":[{\"@type\":\"Organization\",\"@id\":\"https:\/\/nongphat.com.vn\/#organization\",\"name\":\"H\\u1ea1t Gi\\u1ed1ng Nh\\u1eadt B\\u1ea3n - N\\u00f4ng Ph\\u00e1t Farm\",\"url\":\"https:\/\/nongphat.com.vn\/\",\"sameAs\":[\"https:\/\/www.facebook.com\/NONG.PHAT.Melon\",\"https:\/\/www.instagram.com\/nongphatfarm\/\",\"https:\/\/www.youtube.com\/channel\/UCrgCTZ6Dmvhys0bbs6kXycg\"],\"logo\":{\"@type\":\"ImageObject\",\"@id\":\"https:\/\/nongphat.com.vn\/#logo\",\"inLanguage\":\"zh\",\"url\":\"https:\/\/nongphat.com.vn\/wp-content\/uploads\/2021\/06\/logo-nong-phat.jpg\",\"contentUrl\":\"https:\/\/nongphat.com.vn\/wp-content\/uploads\/2021\/06\/logo-nong-phat.jpg\",\"width\":1578,\"height\":1578,\"caption\":\"H\\u1ea1t Gi\\u1ed1ng Nh\\u1eadt B\\u1ea3n - N\\u00f4ng Ph\\u00e1t Farm\"},\"image\":{\"@id\":\"https:\/\/nongphat.com.vn\/#logo\"}},{\"@type\":\"WebSite\",\"@id\":\"https:\/\/nongphat.com.vn\/#website\",\"url\":\"https:\/\/nongphat.com.vn\/\",\"name\":\"N\\u00f4ng Ph\\u00e1t\",\"description\":\"H\\u1ea1t gi\\u1ed1ng Nh\\u1eadt B\\u1ea3n - N\\u00f4ng Ph\\u00e1t Farm\",\"publisher\":{\"@id\":\"https:\/\/nongphat.com.vn\/#organization\"},\"potentialAction\":[{\"@type\":\"SearchAction\",\"target\":{\"@type\":\"EntryPoint\",\"urlTemplate\":\"https:\/\/nongphat.com.vn\/?s={search_term_string}\"},\"query-input\":\"required name=search_term_string\"}],\"inLanguage\":\"zh\"},{\"@type\":\"ImageObject\",\"@id\":\"https:\/\/nongphat.com.vn\/san-pham\/hat-giong-dua-leo-kitto\/#primaryimage\",\"inLanguage\":\"zh\",\"url\":\"https:\/\/nongphat.com.vn\/wp-content\/uploads\/2023\/02\/z4091138232088_6acc99393946f63a45b7e369809bfbe8.jpg\",\"contentUrl\":\"https:\/\/nongphat.com.vn\/wp-content\/uploads\/2023\/02\/z4091138232088_6acc99393946f63a45b7e369809bfbe8.jpg\",\"width\":1064,\"height\":1064},{\"@type\":\"WebPage\",\"@id\":\"https:\/\/nongphat.com.vn\/san-pham\/hat-giong-dua-leo-kitto\/#webpage\",\"url\":\"https:\/\/nongphat.com.vn\/san-pham\/hat-giong-dua-leo-kitto\/\",\"name\":\"H\\u1ea1t Gi\\u1ed1ng D\\u01b0a Leo KITTO - N\\u00f4ng Ph\\u00e1t\",\"isPartOf\":{\"@id\":\"https:\/\/nongphat.com.vn\/#website\"},\"primaryImageOfPage\":{\"@id\":\"https:\/\/nongphat.com.vn\/san-pham\/hat-giong-dua-leo-kitto\/#primaryimage\"},\"datePublished\":\"2023-02-25T01:36:21+00:00\",\"dateModified\":\"2023-02-25T01:36:21+00:00\",\"description\":\"M\\u00f4 t\\u1ea3:\\u00a0 Thu\\u1ed9c d\\u00f2ng d\\u01b0a leo mini kh\\u00f4ng c\\u00f3 h\\u1ea1t, gi\\u00f2n ngon v\\u00e0 r\\u1ea5t sai qu\\u1ea3. Tr\\u00e1i l\\u1edbn r\\u1ea5t nhanh n\\u00ean ng\\u01b0\\u1eddi d\\u00e2n c\\u00f3 th\\u1ec3 thu h\\u00e1i 2 l\\u1ea7n m\\u1ed9t ng\\u00e0y v\\u00e0o s\\u00e1ng chi\\u1ec1u. Gi\\u1ed1ng d\\u01b0a leo F1 Hyprid T\\u1ef7 l\\u1ec7 n\\u1ea3y m\\u1ea7m: &gt; 85% K\\u00edch th\\u01b0\\u1edbc qu\\u1ea3: 12 - 15 cm Th\\u1eddi gian thu ho\\u1ea1ch: 27 - 29 ng\\u00e0y sau tr\\u1ed3ng Th\\u1eddi v\\u1ee5 tr\\u1ed3ng: quanh n\\u0103m\",\"breadcrumb\":{\"@id\":\"https:\/\/nongphat.com.vn\/san-pham\/hat-giong-dua-leo-kitto\/#breadcrumb\"},\"inLanguage\":\"zh\",\"potentialAction\":[{\"@type\":\"ReadAction\",\"target\":[\"https:\/\/nongphat.com.vn\/san-pham\/hat-giong-dua-leo-kitto\/\"]}]},{\"@type\":\"BreadcrumbList\",\"@id\":\"https:\/\/nongphat.com.vn\/san-pham\/hat-giong-dua-leo-kitto\/#breadcrumb\",\"itemListElement\":[{\"@type\":\"ListItem\",\"position\":1,\"name\":\"\\u4e3b\\u9875\",\"item\":\"https:\/\/nongphat.com.vn\/zh\/\"},{\"@type\":\"ListItem\",\"position\":2,\"name\":\"\\u4ea7\\u54c1\",\"item\":\"https:\/\/nongphat.com.vn\/zh\/cua-hang\/\"},{\"@type\":\"ListItem\",\"position\":3,\"name\":\"H\\u1ea1t Gi\\u1ed1ng D\\u01b0a Leo KITTO\"}]}]}<\/script>\n<!-- \/ Yoast SEO plugin. -->","yoast_head_json":{"title":"H\u1ea1t Gi\u1ed1ng D\u01b0a Leo KITTO - N\u00f4ng Ph\u00e1t","description":"M\u00f4 t\u1ea3:\u00a0  Thu\u1ed9c d\u00f2ng d\u01b0a leo mini kh\u00f4ng c\u00f3 h\u1ea1t, gi\u00f2n ngon v\u00e0 r\u1ea5t sai qu\u1ea3. Tr\u00e1i l\u1edbn r\u1ea5t nhanh n\u00ean ng\u01b0\u1eddi d\u00e2n c\u00f3 th\u1ec3 thu h\u00e1i 2 l\u1ea7n m\u1ed9t ng\u00e0y v\u00e0o s\u00e1ng chi\u1ec1u.   Gi\u1ed1ng d\u01b0a leo F1 Hyprid  T\u1ef7 l\u1ec7 n\u1ea3y m\u1ea7m: &gt; 85%  K\u00edch th\u01b0\u1edbc qu\u1ea3: 12 - 15 cm  Th\u1eddi gian thu ho\u1ea1ch: 27 - 29 ng\u00e0y sau tr\u1ed3ng  Th\u1eddi v\u1ee5 tr\u1ed3ng: quanh n\u0103m","robots":{"index":"index","follow":"follow","max-snippet":"max-snippet:-1","max-image-preview":"max-image-preview:large","max-video-preview":"max-video-preview:-1"},"canonical":"https:\/\/nongphat.com.vn\/zh\/san-pham\/hat-giong-dua-leo-kitto\/","og_locale":"zh_CN","og_type":"article","og_title":"H\u1ea1t Gi\u1ed1ng D\u01b0a Leo KITTO - N\u00f4ng Ph\u00e1t","og_description":"M\u00f4 t\u1ea3:\u00a0  Thu\u1ed9c d\u00f2ng d\u01b0a leo mini kh\u00f4ng c\u00f3 h\u1ea1t, gi\u00f2n ngon v\u00e0 r\u1ea5t sai qu\u1ea3. Tr\u00e1i l\u1edbn r\u1ea5t nhanh n\u00ean ng\u01b0\u1eddi d\u00e2n c\u00f3 th\u1ec3 thu h\u00e1i 2 l\u1ea7n m\u1ed9t ng\u00e0y v\u00e0o s\u00e1ng chi\u1ec1u.   Gi\u1ed1ng d\u01b0a leo F1 Hyprid  T\u1ef7 l\u1ec7 n\u1ea3y m\u1ea7m: &gt; 85%  K\u00edch th\u01b0\u1edbc qu\u1ea3: 12 - 15 cm  Th\u1eddi gian thu ho\u1ea1ch: 27 - 29 ng\u00e0y sau tr\u1ed3ng  Th\u1eddi v\u1ee5 tr\u1ed3ng: quanh n\u0103m","og_url":"https:\/\/nongphat.com.vn\/san-pham\/hat-giong-dua-leo-kitto\/","og_site_name":"N\u00f4ng Ph\u00e1t","article_publisher":"https:\/\/www.facebook.com\/NONG.PHAT.Melon","og_image":[{"width":1064,"height":1064,"url":"https:\/\/nongphat.com.vn\/wp-content\/uploads\/2023\/02\/z4091138232088_6acc99393946f63a45b7e369809bfbe8.jpg","type":"image\/jpeg"}],"twitter_card":"summary_large_image","schema":{"@context":"https:\/\/schema.org","@graph":[{"@type":"Organization","@id":"https:\/\/nongphat.com.vn\/#organization","name":"H\u1ea1t Gi\u1ed1ng Nh\u1eadt B\u1ea3n - N\u00f4ng Ph\u00e1t Farm","url":"https:\/\/nongphat.com.vn\/","sameAs":["https:\/\/www.facebook.com\/NONG.PHAT.Melon","https:\/\/www.instagram.com\/nongphatfarm\/","https:\/\/www.youtube.com\/channel\/UCrgCTZ6Dmvhys0bbs6kXycg"],"logo":{"@type":"ImageObject","@id":"https:\/\/nongphat.com.vn\/#logo","inLanguage":"zh","url":"https:\/\/nongphat.com.vn\/wp-content\/uploads\/2021\/06\/logo-nong-phat.jpg","contentUrl":"https:\/\/nongphat.com.vn\/wp-content\/uploads\/2021\/06\/logo-nong-phat.jpg","width":1578,"height":1578,"caption":"H\u1ea1t Gi\u1ed1ng Nh\u1eadt B\u1ea3n - N\u00f4ng Ph\u00e1t Farm"},"image":{"@id":"https:\/\/nongphat.com.vn\/#logo"}},{"@type":"WebSite","@id":"https:\/\/nongphat.com.vn\/#website","url":"https:\/\/nongphat.com.vn\/","name":"N\u00f4ng Ph\u00e1t","description":"H\u1ea1t gi\u1ed1ng Nh\u1eadt B\u1ea3n - N\u00f4ng Ph\u00e1t Farm","publisher":{"@id":"https:\/\/nongphat.com.vn\/#organization"},"potentialAction":[{"@type":"SearchAction","target":{"@type":"EntryPoint","urlTemplate":"https:\/\/nongphat.com.vn\/?s={search_term_string}"},"query-input":"required name=search_term_string"}],"inLanguage":"zh"},{"@type":"ImageObject","@id":"https:\/\/nongphat.com.vn\/san-pham\/hat-giong-dua-leo-kitto\/#primaryimage","inLanguage":"zh","url":"https:\/\/nongphat.com.vn\/wp-content\/uploads\/2023\/02\/z4091138232088_6acc99393946f63a45b7e369809bfbe8.jpg","contentUrl":"https:\/\/nongphat.com.vn\/wp-content\/uploads\/2023\/02\/z4091138232088_6acc99393946f63a45b7e369809bfbe8.jpg","width":1064,"height":1064},{"@type":"WebPage","@id":"https:\/\/nongphat.com.vn\/san-pham\/hat-giong-dua-leo-kitto\/#webpage","url":"https:\/\/nongphat.com.vn\/san-pham\/hat-giong-dua-leo-kitto\/","name":"H\u1ea1t Gi\u1ed1ng D\u01b0a Leo KITTO - N\u00f4ng Ph\u00e1t","isPartOf":{"@id":"https:\/\/nongphat.com.vn\/#website"},"primaryImageOfPage":{"@id":"https:\/\/nongphat.com.vn\/san-pham\/hat-giong-dua-leo-kitto\/#primaryimage"},"datePublished":"2023-02-25T01:36:21+00:00","dateModified":"2023-02-25T01:36:21+00:00","description":"M\u00f4 t\u1ea3:\u00a0 Thu\u1ed9c d\u00f2ng d\u01b0a leo mini kh\u00f4ng c\u00f3 h\u1ea1t, gi\u00f2n ngon v\u00e0 r\u1ea5t sai qu\u1ea3. Tr\u00e1i l\u1edbn r\u1ea5t nhanh n\u00ean ng\u01b0\u1eddi d\u00e2n c\u00f3 th\u1ec3 thu h\u00e1i 2 l\u1ea7n m\u1ed9t ng\u00e0y v\u00e0o s\u00e1ng chi\u1ec1u. Gi\u1ed1ng d\u01b0a leo F1 Hyprid T\u1ef7 l\u1ec7 n\u1ea3y m\u1ea7m: &gt; 85% K\u00edch th\u01b0\u1edbc qu\u1ea3: 12 - 15 cm Th\u1eddi gian thu ho\u1ea1ch: 27 - 29 ng\u00e0y sau tr\u1ed3ng Th\u1eddi v\u1ee5 tr\u1ed3ng: quanh n\u0103m","breadcrumb":{"@id":"https:\/\/nongphat.com.vn\/san-pham\/hat-giong-dua-leo-kitto\/#breadcrumb"},"inLanguage":"zh","potentialAction":[{"@type":"ReadAction","target":["https:\/\/nongphat.com.vn\/san-pham\/hat-giong-dua-leo-kitto\/"]}]},{"@type":"BreadcrumbList","@id":"https:\/\/nongphat.com.vn\/san-pham\/hat-giong-dua-leo-kitto\/#breadcrumb","itemListElement":[{"@type":"ListItem","position":1,"name":"\u4e3b\u9875","item":"https:\/\/nongphat.com.vn\/zh\/"},{"@type":"ListItem","position":2,"name":"\u4ea7\u54c1","item":"https:\/\/nongphat.com.vn\/zh\/cua-hang\/"},{"@type":"ListItem","position":3,"name":"H\u1ea1t Gi\u1ed1ng D\u01b0a Leo KITTO"}]}]}},"_links":{"self":[{"href":"https:\/\/nongphat.com.vn\/zh\/wp-json\/wp\/v2\/product\/8813"}],"collection":[{"href":"https:\/\/nongphat.com.vn\/zh\/wp-json\/wp\/v2\/product"}],"about":[{"href":"https:\/\/nongphat.com.vn\/zh\/wp-json\/wp\/v2\/types\/product"}],"replies":[{"embeddable":true,"href":"https:\/\/nongphat.com.vn\/zh\/wp-json\/wp\/v2\/comments?post=8813"}],"wp:featuredmedia":[{"embeddable":true,"href":"https:\/\/nongphat.com.vn\/zh\/wp-json\/wp\/v2\/media\/8814"}],"wp:attachment":[{"href":"https:\/\/nongphat.com.vn\/zh\/wp-json\/wp\/v2\/media?parent=8813"}],"wp:term":[{"taxonomy":"product_cat","embeddable":true,"href":"https:\/\/nongphat.com.vn\/zh\/wp-json\/wp\/v2\/product_cat?post=8813"},{"taxonomy":"product_tag","embeddable":true,"href":"https:\/\/nongphat.com.vn\/zh\/wp-json\/wp\/v2\/product_tag?post=8813"}],"curies":[{"name":"wp","href":"https:\/\/api.w.org\/{rel}","templated":true}]}}